{"id":254254,"date":"2023-02-14T13:35:02","date_gmt":"2023-02-14T12:35:02","guid":{"rendered":"https:\/\/www.elvesport.com\/?post_type=product&#038;p=254254"},"modified":"2025-01-10T11:46:20","modified_gmt":"2025-01-10T10:46:20","slug":"zatepleny-nakrcnik-sk-vrakuna","status":"publish","type":"product","link":"https:\/\/www.elvesport.com\/it\/zatepleny-nakrcnik-sk-vrakuna\/","title":{"rendered":"ZATEPLEN\u00dd N\u00c1KR\u010cN\u00cdK \u0160K VRAKU\u0147A"},"content":{"rendered":"","protected":false},"excerpt":{"rendered":"<p>Zateplen\u00fd n\u00e1kr\u010dn\u00edk v plnej grafike \u0160K VRAKU\u0147A. Ide\u00e1lny na tr\u00e9ning v zimn\u00fdch mesiacoch. N\u00e1kr\u010dn\u00edk m\u00e1 gumi\u010dku na za\u0165ahovanie, preto je mo\u017en\u00e9 nosi\u0165 ho aj ako \u010diapku.<\/p>\n","protected":false},"featured_media":254256,"comment_status":"closed","ping_status":"closed","template":"","meta":{"_acf_changed":false},"product_brand":[],"product_cat":[2871],"product_tag":[],"class_list":{"0":"post-254254","1":"product","2":"type-product","3":"status-publish","4":"has-post-thumbnail","6":"product_cat-sk-vrakuna","7":"pa_znacka-elve","9":"first","10":"instock","11":"taxable","12":"shipping-taxable","13":"purchasable","14":"product-type-simple"},"acf":[],"_links":{"self":[{"href":"https:\/\/www.elvesport.com\/it\/wp-json\/wp\/v2\/product\/254254","targetHints":{"allow":["GET"]}}],"collection":[{"href":"https:\/\/www.elvesport.com\/it\/wp-json\/wp\/v2\/product"}],"about":[{"href":"https:\/\/www.elvesport.com\/it\/wp-json\/wp\/v2\/types\/product"}],"replies":[{"embeddable":true,"href":"https:\/\/www.elvesport.com\/it\/wp-json\/wp\/v2\/comments?post=254254"}],"version-history":[{"count":1,"href":"https:\/\/www.elvesport.com\/it\/wp-json\/wp\/v2\/product\/254254\/revisions"}],"predecessor-version":[{"id":254257,"href":"https:\/\/www.elvesport.com\/it\/wp-json\/wp\/v2\/product\/254254\/revisions\/254257"}],"wp:featuredmedia":[{"embeddable":true,"href":"https:\/\/www.elvesport.com\/it\/wp-json\/wp\/v2\/media\/254256"}],"wp:attachment":[{"href":"https:\/\/www.elvesport.com\/it\/wp-json\/wp\/v2\/media?parent=254254"}],"wp:term":[{"taxonomy":"product_brand","embeddable":true,"href":"https:\/\/www.elvesport.com\/it\/wp-json\/wp\/v2\/product_brand?post=254254"},{"taxonomy":"product_cat","embeddable":true,"href":"https:\/\/www.elvesport.com\/it\/wp-json\/wp\/v2\/product_cat?post=254254"},{"taxonomy":"product_tag","embeddable":true,"href":"https:\/\/www.elvesport.com\/it\/wp-json\/wp\/v2\/product_tag?post=254254"}],"curies":[{"name":"wp","href":"https:\/\/api.w.org\/{rel}","templated":true}]}}