{"id":256336,"date":"2023-09-05T17:00:20","date_gmt":"2023-09-05T15:00:20","guid":{"rendered":"https:\/\/www.elvesport.com\/?post_type=product&#038;p=256336"},"modified":"2026-03-09T09:50:48","modified_gmt":"2026-03-09T08:50:48","slug":"replika-sk-interobal-plzen","status":"publish","type":"product","link":"https:\/\/www.elvesport.com\/it\/replika-sk-interobal-plzen\/","title":{"rendered":"REPLIKA SK INTEROBAL PLZE\u0147 DOM\u00c1CI 23\/24"},"content":{"rendered":"<p><strong>Replika dom\u00e1ceho dresu SK INTEROBAL PLZE\u0147.<\/strong><\/p>\n<ul>\n<li>VE\u013dKOS\u0164\u00a0<strong>3YXS<\/strong>\u00a0prin\u00e1le\u017e\u00ed 3 a\u017e 4 ro\u010dn\u00e9mu die\u0165a\u0165u<\/li>\n<li>VE\u013dKOS\u0164<strong>\u00a02YXS<\/strong>\u00a0prin\u00e1le\u017e\u00ed 5 a\u017e 6 ro\u010dn\u00e9mu die\u0165a\u0165u<\/li>\n<li>VE\u013dKOS\u0164\u00a0<strong>YXS<\/strong>\u00a0prin\u00e1le\u017e\u00ed 7 a\u017e 8 ro\u010dn\u00e9mu die\u0165a\u0165u<\/li>\n<li>VE\u013dKOS\u0164\u00a0<strong>XXS<\/strong>\u00a0prin\u00e1le\u017e\u00ed 9 a\u017e 11 ro\u010dn\u00e9mu die\u0165a\u0165u<\/li>\n<li>VE\u013dKOS\u0164\u00a0<strong>XS<\/strong>\u00a0prisl\u00facha 12 + ro\u010dn\u00e9mu die\u0165a\u0165u<\/li>\n<\/ul>\n","protected":false},"excerpt":{"rendered":"<p>Replika dom\u00e1ceho z\u00e1pasov\u00e9ho dresu SK Interobal Plze\u0148.<\/p>\n","protected":false},"featured_media":260475,"comment_status":"closed","ping_status":"closed","template":"","meta":{"_acf_changed":false},"product_brand":[],"product_cat":[2611],"product_tag":[],"class_list":{"0":"post-256336","1":"product","2":"type-product","3":"status-publish","4":"has-post-thumbnail","6":"product_cat-sk-interobal-plzen","7":"pa_color-modra_biela","8":"pa_material-100-poliester","9":"pa_size-0-3-mes","10":"pa_size-3-6-mes","11":"pa_size-6-12-mes","12":"pa_size-1-2-roky","13":"pa_size-2-4-roky","14":"pa_size-3yxs","15":"pa_size-2yxs","16":"pa_size-yxs","17":"pa_size-xxs","18":"pa_size-xs","19":"pa_size-s","20":"pa_size-m","21":"pa_size-l","22":"pa_size-xl","23":"pa_size-2xl","24":"pa_size-3xl","25":"pa_size-4xl","26":"pa_znacka-elve","28":"first","29":"instock","30":"taxable","31":"shipping-taxable","32":"purchasable","33":"product-type-variable"},"acf":[],"_links":{"self":[{"href":"https:\/\/www.elvesport.com\/it\/wp-json\/wp\/v2\/product\/256336","targetHints":{"allow":["GET"]}}],"collection":[{"href":"https:\/\/www.elvesport.com\/it\/wp-json\/wp\/v2\/product"}],"about":[{"href":"https:\/\/www.elvesport.com\/it\/wp-json\/wp\/v2\/types\/product"}],"replies":[{"embeddable":true,"href":"https:\/\/www.elvesport.com\/it\/wp-json\/wp\/v2\/comments?post=256336"}],"version-history":[{"count":5,"href":"https:\/\/www.elvesport.com\/it\/wp-json\/wp\/v2\/product\/256336\/revisions"}],"predecessor-version":[{"id":262917,"href":"https:\/\/www.elvesport.com\/it\/wp-json\/wp\/v2\/product\/256336\/revisions\/262917"}],"wp:featuredmedia":[{"embeddable":true,"href":"https:\/\/www.elvesport.com\/it\/wp-json\/wp\/v2\/media\/260475"}],"wp:attachment":[{"href":"https:\/\/www.elvesport.com\/it\/wp-json\/wp\/v2\/media?parent=256336"}],"wp:term":[{"taxonomy":"product_brand","embeddable":true,"href":"https:\/\/www.elvesport.com\/it\/wp-json\/wp\/v2\/product_brand?post=256336"},{"taxonomy":"product_cat","embeddable":true,"href":"https:\/\/www.elvesport.com\/it\/wp-json\/wp\/v2\/product_cat?post=256336"},{"taxonomy":"product_tag","embeddable":true,"href":"https:\/\/www.elvesport.com\/it\/wp-json\/wp\/v2\/product_tag?post=256336"}],"curies":[{"name":"wp","href":"https:\/\/api.w.org\/{rel}","templated":true}]}}