{"id":259657,"date":"2024-04-06T07:30:29","date_gmt":"2024-04-06T05:30:29","guid":{"rendered":"https:\/\/www.elvesport.com\/?post_type=product&#038;p=259657"},"modified":"2024-05-27T10:35:09","modified_gmt":"2024-05-27T08:35:09","slug":"klobuk-patrioti-levice-2023-24","status":"publish","type":"product","link":"https:\/\/www.elvesport.com\/it\/klobuk-patrioti-levice-2023-24\/","title":{"rendered":"KLOB\u00daK PATRIOTI LEVICE 24"},"content":{"rendered":"","protected":false},"excerpt":{"rendered":"<p>Klob\u00fak s minimalistick\u00fdm logom Patriotov, ktor\u00fd vyr\u00e1bame v jednej ve\u013ekosti. Dostupn\u00e9 s\u00fa verzie v bielej alebo v \u010diernej farbe.<\/p>\n","protected":false},"featured_media":259647,"comment_status":"closed","ping_status":"closed","template":"","meta":{"_acf_changed":false},"product_brand":[],"product_cat":[1158,2899,2610],"product_tag":[],"class_list":{"0":"post-259657","1":"product","2":"type-product","3":"status-publish","4":"has-post-thumbnail","6":"product_cat-fan-shop","7":"product_cat-basketbal","8":"product_cat-bk-patrioti-levice","9":"pa_color-biela","10":"pa_color-cierna","12":"first","13":"instock","14":"taxable","15":"shipping-taxable","16":"purchasable","17":"product-type-variable"},"acf":[],"_links":{"self":[{"href":"https:\/\/www.elvesport.com\/it\/wp-json\/wp\/v2\/product\/259657","targetHints":{"allow":["GET"]}}],"collection":[{"href":"https:\/\/www.elvesport.com\/it\/wp-json\/wp\/v2\/product"}],"about":[{"href":"https:\/\/www.elvesport.com\/it\/wp-json\/wp\/v2\/types\/product"}],"replies":[{"embeddable":true,"href":"https:\/\/www.elvesport.com\/it\/wp-json\/wp\/v2\/comments?post=259657"}],"version-history":[{"count":3,"href":"https:\/\/www.elvesport.com\/it\/wp-json\/wp\/v2\/product\/259657\/revisions"}],"predecessor-version":[{"id":267177,"href":"https:\/\/www.elvesport.com\/it\/wp-json\/wp\/v2\/product\/259657\/revisions\/267177"}],"wp:featuredmedia":[{"embeddable":true,"href":"https:\/\/www.elvesport.com\/it\/wp-json\/wp\/v2\/media\/259647"}],"wp:attachment":[{"href":"https:\/\/www.elvesport.com\/it\/wp-json\/wp\/v2\/media?parent=259657"}],"wp:term":[{"taxonomy":"product_brand","embeddable":true,"href":"https:\/\/www.elvesport.com\/it\/wp-json\/wp\/v2\/product_brand?post=259657"},{"taxonomy":"product_cat","embeddable":true,"href":"https:\/\/www.elvesport.com\/it\/wp-json\/wp\/v2\/product_cat?post=259657"},{"taxonomy":"product_tag","embeddable":true,"href":"https:\/\/www.elvesport.com\/it\/wp-json\/wp\/v2\/product_tag?post=259657"}],"curies":[{"name":"wp","href":"https:\/\/api.w.org\/{rel}","templated":true}]}}