{"id":259882,"date":"2023-08-14T12:42:47","date_gmt":"2023-08-14T10:42:47","guid":{"rendered":"https:\/\/www.elvesport.com\/?post_type=product&#038;p=259882"},"modified":"2025-01-13T15:21:26","modified_gmt":"2025-01-13T14:21:26","slug":"pressing-treningova-sustakova-bunda-fc-vion","status":"publish","type":"product","link":"https:\/\/www.elvesport.com\/it\/pressing-treningova-sustakova-bunda-fc-vion\/","title":{"rendered":"PRESSING TR\u00c9NINGOV\u00c1 \u0160U\u0160\u0164\u00c1KOV\u00c1 BUNDA FC VION"},"content":{"rendered":"","protected":false},"excerpt":{"rendered":"","protected":false},"featured_media":260088,"comment_status":"closed","ping_status":"closed","template":"","meta":{"_acf_changed":false},"product_brand":[],"product_cat":[2814],"product_tag":[],"class_list":{"0":"post-259882","1":"product","2":"type-product","3":"status-publish","4":"has-post-thumbnail","6":"product_cat-fc-vion-zlate-moravce","7":"pa_color-modra","8":"pa_pohlavie-unisex","9":"pa_size-2yxs","10":"pa_size-yxs","11":"pa_size-xxs","12":"pa_size-xs","13":"pa_size-s","14":"pa_size-m","15":"pa_size-l","16":"pa_size-xl","17":"pa_size-2xl","18":"pa_size-3xl","20":"first","21":"instock","22":"taxable","23":"shipping-taxable","24":"purchasable","25":"product-type-variable"},"acf":[],"_links":{"self":[{"href":"https:\/\/www.elvesport.com\/it\/wp-json\/wp\/v2\/product\/259882","targetHints":{"allow":["GET"]}}],"collection":[{"href":"https:\/\/www.elvesport.com\/it\/wp-json\/wp\/v2\/product"}],"about":[{"href":"https:\/\/www.elvesport.com\/it\/wp-json\/wp\/v2\/types\/product"}],"replies":[{"embeddable":true,"href":"https:\/\/www.elvesport.com\/it\/wp-json\/wp\/v2\/comments?post=259882"}],"version-history":[{"count":1,"href":"https:\/\/www.elvesport.com\/it\/wp-json\/wp\/v2\/product\/259882\/revisions"}],"predecessor-version":[{"id":259885,"href":"https:\/\/www.elvesport.com\/it\/wp-json\/wp\/v2\/product\/259882\/revisions\/259885"}],"wp:featuredmedia":[{"embeddable":true,"href":"https:\/\/www.elvesport.com\/it\/wp-json\/wp\/v2\/media\/260088"}],"wp:attachment":[{"href":"https:\/\/www.elvesport.com\/it\/wp-json\/wp\/v2\/media?parent=259882"}],"wp:term":[{"taxonomy":"product_brand","embeddable":true,"href":"https:\/\/www.elvesport.com\/it\/wp-json\/wp\/v2\/product_brand?post=259882"},{"taxonomy":"product_cat","embeddable":true,"href":"https:\/\/www.elvesport.com\/it\/wp-json\/wp\/v2\/product_cat?post=259882"},{"taxonomy":"product_tag","embeddable":true,"href":"https:\/\/www.elvesport.com\/it\/wp-json\/wp\/v2\/product_tag?post=259882"}],"curies":[{"name":"wp","href":"https:\/\/api.w.org\/{rel}","templated":true}]}}