{"id":260060,"date":"2023-08-11T16:22:25","date_gmt":"2023-08-11T14:22:25","guid":{"rendered":"https:\/\/www.elvesport.com\/?post_type=product&#038;p=260060"},"modified":"2025-01-13T15:16:39","modified_gmt":"2025-01-13T14:16:39","slug":"vychadzkova-polokosela-evo-fc-vion","status":"publish","type":"product","link":"https:\/\/www.elvesport.com\/it\/vychadzkova-polokosela-evo-fc-vion\/","title":{"rendered":"VYCH\u00c1DZKOV\u00c1 POLOKO\u0160ELA EVO FC VION"},"content":{"rendered":"","protected":false},"excerpt":{"rendered":"<p>Vych\u00e1dzkov\u00e1 poloko\u0161ela tmavomodr\u00e1 EVO s logom FC VION<\/p>\n","protected":false},"featured_media":260059,"comment_status":"closed","ping_status":"closed","template":"","meta":{"_acf_changed":false},"product_brand":[],"product_cat":[2814],"product_tag":[],"class_list":{"0":"post-260060","1":"product","2":"type-product","3":"status-publish","4":"has-post-thumbnail","6":"product_cat-fc-vion-zlate-moravce","7":"pa_color-tmavomodra","8":"pa_size-yxs","9":"pa_size-xxs","10":"pa_size-xs","11":"pa_size-s","12":"pa_size-m","13":"pa_size-l","14":"pa_size-xl","15":"pa_size-xxl","16":"pa_size-3xl","17":"pa_size-4xl","19":"first","20":"instock","21":"taxable","22":"shipping-taxable","23":"purchasable","24":"product-type-variable"},"acf":[],"_links":{"self":[{"href":"https:\/\/www.elvesport.com\/it\/wp-json\/wp\/v2\/product\/260060","targetHints":{"allow":["GET"]}}],"collection":[{"href":"https:\/\/www.elvesport.com\/it\/wp-json\/wp\/v2\/product"}],"about":[{"href":"https:\/\/www.elvesport.com\/it\/wp-json\/wp\/v2\/types\/product"}],"replies":[{"embeddable":true,"href":"https:\/\/www.elvesport.com\/it\/wp-json\/wp\/v2\/comments?post=260060"}],"version-history":[{"count":2,"href":"https:\/\/www.elvesport.com\/it\/wp-json\/wp\/v2\/product\/260060\/revisions"}],"predecessor-version":[{"id":260072,"href":"https:\/\/www.elvesport.com\/it\/wp-json\/wp\/v2\/product\/260060\/revisions\/260072"}],"wp:featuredmedia":[{"embeddable":true,"href":"https:\/\/www.elvesport.com\/it\/wp-json\/wp\/v2\/media\/260059"}],"wp:attachment":[{"href":"https:\/\/www.elvesport.com\/it\/wp-json\/wp\/v2\/media?parent=260060"}],"wp:term":[{"taxonomy":"product_brand","embeddable":true,"href":"https:\/\/www.elvesport.com\/it\/wp-json\/wp\/v2\/product_brand?post=260060"},{"taxonomy":"product_cat","embeddable":true,"href":"https:\/\/www.elvesport.com\/it\/wp-json\/wp\/v2\/product_cat?post=260060"},{"taxonomy":"product_tag","embeddable":true,"href":"https:\/\/www.elvesport.com\/it\/wp-json\/wp\/v2\/product_tag?post=260060"}],"curies":[{"name":"wp","href":"https:\/\/api.w.org\/{rel}","templated":true}]}}