{"id":260605,"date":"2024-09-03T09:51:59","date_gmt":"2024-09-03T07:51:59","guid":{"rendered":"https:\/\/www.elvesport.com\/?post_type=product&#038;p=260605"},"modified":"2025-01-10T11:52:27","modified_gmt":"2025-01-10T10:52:27","slug":"latkovy-sal-bc-komarno","status":"publish","type":"product","link":"https:\/\/www.elvesport.com\/it\/latkovy-sal-bc-komarno\/","title":{"rendered":"L\u00c1TKOV\u00dd \u0160\u00c1L BC KOM\u00c1RNO 25"},"content":{"rendered":"","protected":false},"excerpt":{"rendered":"","protected":false},"featured_media":268945,"comment_status":"closed","ping_status":"closed","template":"","meta":{"_acf_changed":false},"product_brand":[],"product_cat":[3028],"product_tag":[],"class_list":{"0":"post-260605","1":"product","2":"type-product","3":"status-publish","4":"has-post-thumbnail","6":"product_cat-bc-komarno","8":"first","9":"instock","10":"taxable","11":"shipping-taxable","12":"purchasable","13":"product-type-simple"},"acf":[],"_links":{"self":[{"href":"https:\/\/www.elvesport.com\/it\/wp-json\/wp\/v2\/product\/260605","targetHints":{"allow":["GET"]}}],"collection":[{"href":"https:\/\/www.elvesport.com\/it\/wp-json\/wp\/v2\/product"}],"about":[{"href":"https:\/\/www.elvesport.com\/it\/wp-json\/wp\/v2\/types\/product"}],"replies":[{"embeddable":true,"href":"https:\/\/www.elvesport.com\/it\/wp-json\/wp\/v2\/comments?post=260605"}],"version-history":[{"count":2,"href":"https:\/\/www.elvesport.com\/it\/wp-json\/wp\/v2\/product\/260605\/revisions"}],"predecessor-version":[{"id":269229,"href":"https:\/\/www.elvesport.com\/it\/wp-json\/wp\/v2\/product\/260605\/revisions\/269229"}],"wp:featuredmedia":[{"embeddable":true,"href":"https:\/\/www.elvesport.com\/it\/wp-json\/wp\/v2\/media\/268945"}],"wp:attachment":[{"href":"https:\/\/www.elvesport.com\/it\/wp-json\/wp\/v2\/media?parent=260605"}],"wp:term":[{"taxonomy":"product_brand","embeddable":true,"href":"https:\/\/www.elvesport.com\/it\/wp-json\/wp\/v2\/product_brand?post=260605"},{"taxonomy":"product_cat","embeddable":true,"href":"https:\/\/www.elvesport.com\/it\/wp-json\/wp\/v2\/product_cat?post=260605"},{"taxonomy":"product_tag","embeddable":true,"href":"https:\/\/www.elvesport.com\/it\/wp-json\/wp\/v2\/product_tag?post=260605"}],"curies":[{"name":"wp","href":"https:\/\/api.w.org\/{rel}","templated":true}]}}