{"id":261076,"date":"2023-02-01T15:15:48","date_gmt":"2023-02-01T14:15:48","guid":{"rendered":"https:\/\/www.elvesport.com\/?post_type=product&#038;p=261076"},"modified":"2025-01-14T15:41:06","modified_gmt":"2025-01-14T14:41:06","slug":"thor-batoh-sk-vrakuna","status":"publish","type":"product","link":"https:\/\/www.elvesport.com\/it\/thor-batoh-sk-vrakuna\/","title":{"rendered":"THOR BATOH \u0160K VRAKU\u0147A"},"content":{"rendered":"","protected":false},"excerpt":{"rendered":"<p>Batoh THOR s logom klubu a inici\u00e1lami hr\u00e1\u010da \u0160K VRAKU\u0147A<\/p>\n","protected":false},"featured_media":261080,"comment_status":"closed","ping_status":"closed","template":"","meta":{"_acf_changed":false},"product_brand":[],"product_cat":[2871],"product_tag":[],"class_list":{"0":"post-261076","1":"product","2":"type-product","3":"status-publish","4":"has-post-thumbnail","6":"product_cat-sk-vrakuna","7":"pa_color-cierna","9":"first","10":"instock","11":"taxable","12":"shipping-taxable","13":"purchasable","14":"product-type-variable"},"acf":[],"_links":{"self":[{"href":"https:\/\/www.elvesport.com\/it\/wp-json\/wp\/v2\/product\/261076","targetHints":{"allow":["GET"]}}],"collection":[{"href":"https:\/\/www.elvesport.com\/it\/wp-json\/wp\/v2\/product"}],"about":[{"href":"https:\/\/www.elvesport.com\/it\/wp-json\/wp\/v2\/types\/product"}],"replies":[{"embeddable":true,"href":"https:\/\/www.elvesport.com\/it\/wp-json\/wp\/v2\/comments?post=261076"}],"version-history":[{"count":4,"href":"https:\/\/www.elvesport.com\/it\/wp-json\/wp\/v2\/product\/261076\/revisions"}],"predecessor-version":[{"id":272184,"href":"https:\/\/www.elvesport.com\/it\/wp-json\/wp\/v2\/product\/261076\/revisions\/272184"}],"wp:featuredmedia":[{"embeddable":true,"href":"https:\/\/www.elvesport.com\/it\/wp-json\/wp\/v2\/media\/261080"}],"wp:attachment":[{"href":"https:\/\/www.elvesport.com\/it\/wp-json\/wp\/v2\/media?parent=261076"}],"wp:term":[{"taxonomy":"product_brand","embeddable":true,"href":"https:\/\/www.elvesport.com\/it\/wp-json\/wp\/v2\/product_brand?post=261076"},{"taxonomy":"product_cat","embeddable":true,"href":"https:\/\/www.elvesport.com\/it\/wp-json\/wp\/v2\/product_cat?post=261076"},{"taxonomy":"product_tag","embeddable":true,"href":"https:\/\/www.elvesport.com\/it\/wp-json\/wp\/v2\/product_tag?post=261076"}],"curies":[{"name":"wp","href":"https:\/\/api.w.org\/{rel}","templated":true}]}}