{"id":261184,"date":"2023-10-04T15:50:01","date_gmt":"2023-10-04T13:50:01","guid":{"rendered":"https:\/\/www.elvesport.com\/?post_type=product&#038;p=261184"},"modified":"2025-07-03T13:45:16","modified_gmt":"2025-07-03T11:45:16","slug":"stucne-fk-lamac","status":"publish","type":"product","link":"https:\/\/www.elvesport.com\/it\/stucne-fk-lamac\/","title":{"rendered":"\u0160TUCNE PDX BEZPONO\u017dKOV\u00c9 FK LAMA\u010c"},"content":{"rendered":"","protected":false},"excerpt":{"rendered":"<p>\u0160tucne zna\u010dky ERREA pre FK LAMA\u010c<br \/>\n<strong>Ve\u013ekosti:<\/strong><br \/>\nDETI:\u00a0 35\/38<br \/>\nJUNIOR:\u00a0 39\/41<br \/>\nDOSPEL\u00cd :\u00a0 42\/46<\/p>\n","protected":false},"featured_media":299788,"comment_status":"closed","ping_status":"closed","template":"","meta":{"_acf_changed":false},"product_brand":[],"product_cat":[3029],"product_tag":[],"class_list":{"0":"post-261184","1":"product","2":"type-product","3":"status-publish","4":"has-post-thumbnail","6":"product_cat-fk-lamac","7":"pa_size-deti","8":"pa_size-juniori","9":"pa_size-dospeli","11":"first","12":"instock","13":"taxable","14":"shipping-taxable","15":"purchasable","16":"product-type-simple"},"acf":[],"_links":{"self":[{"href":"https:\/\/www.elvesport.com\/it\/wp-json\/wp\/v2\/product\/261184","targetHints":{"allow":["GET"]}}],"collection":[{"href":"https:\/\/www.elvesport.com\/it\/wp-json\/wp\/v2\/product"}],"about":[{"href":"https:\/\/www.elvesport.com\/it\/wp-json\/wp\/v2\/types\/product"}],"replies":[{"embeddable":true,"href":"https:\/\/www.elvesport.com\/it\/wp-json\/wp\/v2\/comments?post=261184"}],"version-history":[{"count":4,"href":"https:\/\/www.elvesport.com\/it\/wp-json\/wp\/v2\/product\/261184\/revisions"}],"predecessor-version":[{"id":299792,"href":"https:\/\/www.elvesport.com\/it\/wp-json\/wp\/v2\/product\/261184\/revisions\/299792"}],"wp:featuredmedia":[{"embeddable":true,"href":"https:\/\/www.elvesport.com\/it\/wp-json\/wp\/v2\/media\/299788"}],"wp:attachment":[{"href":"https:\/\/www.elvesport.com\/it\/wp-json\/wp\/v2\/media?parent=261184"}],"wp:term":[{"taxonomy":"product_brand","embeddable":true,"href":"https:\/\/www.elvesport.com\/it\/wp-json\/wp\/v2\/product_brand?post=261184"},{"taxonomy":"product_cat","embeddable":true,"href":"https:\/\/www.elvesport.com\/it\/wp-json\/wp\/v2\/product_cat?post=261184"},{"taxonomy":"product_tag","embeddable":true,"href":"https:\/\/www.elvesport.com\/it\/wp-json\/wp\/v2\/product_tag?post=261184"}],"curies":[{"name":"wp","href":"https:\/\/api.w.org\/{rel}","templated":true}]}}