{"id":261238,"date":"2023-10-06T17:59:28","date_gmt":"2023-10-06T15:59:28","guid":{"rendered":"https:\/\/www.elvesport.com\/?post_type=product&#038;p=261238"},"modified":"2025-01-10T11:35:29","modified_gmt":"2025-01-10T10:35:29","slug":"snurka-na-kluce-piestanske-cajky","status":"publish","type":"product","link":"https:\/\/www.elvesport.com\/it\/snurka-na-kluce-piestanske-cajky\/","title":{"rendered":"\u0160N\u00daRKA NA K\u013d\u00da\u010cE PIE\u0160TANSK\u00c9 \u010cAJKY"},"content":{"rendered":"","protected":false},"excerpt":{"rendered":"","protected":false},"featured_media":261264,"comment_status":"closed","ping_status":"closed","template":"","meta":{"_acf_changed":false},"product_brand":[],"product_cat":[3027],"product_tag":[],"class_list":{"0":"post-261238","1":"product","2":"type-product","3":"status-publish","4":"has-post-thumbnail","6":"product_cat-piestanske-cajky","8":"first","9":"instock","10":"taxable","11":"shipping-taxable","12":"purchasable","13":"product-type-simple"},"acf":[],"_links":{"self":[{"href":"https:\/\/www.elvesport.com\/it\/wp-json\/wp\/v2\/product\/261238","targetHints":{"allow":["GET"]}}],"collection":[{"href":"https:\/\/www.elvesport.com\/it\/wp-json\/wp\/v2\/product"}],"about":[{"href":"https:\/\/www.elvesport.com\/it\/wp-json\/wp\/v2\/types\/product"}],"replies":[{"embeddable":true,"href":"https:\/\/www.elvesport.com\/it\/wp-json\/wp\/v2\/comments?post=261238"}],"version-history":[{"count":1,"href":"https:\/\/www.elvesport.com\/it\/wp-json\/wp\/v2\/product\/261238\/revisions"}],"predecessor-version":[{"id":261274,"href":"https:\/\/www.elvesport.com\/it\/wp-json\/wp\/v2\/product\/261238\/revisions\/261274"}],"wp:featuredmedia":[{"embeddable":true,"href":"https:\/\/www.elvesport.com\/it\/wp-json\/wp\/v2\/media\/261264"}],"wp:attachment":[{"href":"https:\/\/www.elvesport.com\/it\/wp-json\/wp\/v2\/media?parent=261238"}],"wp:term":[{"taxonomy":"product_brand","embeddable":true,"href":"https:\/\/www.elvesport.com\/it\/wp-json\/wp\/v2\/product_brand?post=261238"},{"taxonomy":"product_cat","embeddable":true,"href":"https:\/\/www.elvesport.com\/it\/wp-json\/wp\/v2\/product_cat?post=261238"},{"taxonomy":"product_tag","embeddable":true,"href":"https:\/\/www.elvesport.com\/it\/wp-json\/wp\/v2\/product_tag?post=261238"}],"curies":[{"name":"wp","href":"https:\/\/api.w.org\/{rel}","templated":true}]}}