{"id":261278,"date":"2023-10-06T18:08:22","date_gmt":"2023-10-06T16:08:22","guid":{"rendered":"https:\/\/www.elvesport.com\/?post_type=product&#038;p=261278"},"modified":"2024-07-15T13:51:22","modified_gmt":"2024-07-15T11:51:22","slug":"hrncek-piestanske-cajky","status":"publish","type":"product","link":"https:\/\/www.elvesport.com\/it\/hrncek-piestanske-cajky\/","title":{"rendered":"HRN\u010cEK PIE\u0160TANSK\u00c9 \u010cAJKY"},"content":{"rendered":"","protected":false},"excerpt":{"rendered":"","protected":false},"featured_media":267876,"comment_status":"closed","ping_status":"closed","template":"","meta":{"_acf_changed":false},"product_brand":[],"product_cat":[3027],"product_tag":[],"class_list":{"0":"post-261278","1":"product","2":"type-product","3":"status-publish","4":"has-post-thumbnail","6":"product_cat-piestanske-cajky","7":"pa_size-330ml","9":"first","10":"instock","11":"taxable","12":"shipping-taxable","13":"purchasable","14":"product-type-variable"},"acf":[],"_links":{"self":[{"href":"https:\/\/www.elvesport.com\/it\/wp-json\/wp\/v2\/product\/261278","targetHints":{"allow":["GET"]}}],"collection":[{"href":"https:\/\/www.elvesport.com\/it\/wp-json\/wp\/v2\/product"}],"about":[{"href":"https:\/\/www.elvesport.com\/it\/wp-json\/wp\/v2\/types\/product"}],"replies":[{"embeddable":true,"href":"https:\/\/www.elvesport.com\/it\/wp-json\/wp\/v2\/comments?post=261278"}],"version-history":[{"count":1,"href":"https:\/\/www.elvesport.com\/it\/wp-json\/wp\/v2\/product\/261278\/revisions"}],"predecessor-version":[{"id":261279,"href":"https:\/\/www.elvesport.com\/it\/wp-json\/wp\/v2\/product\/261278\/revisions\/261279"}],"wp:featuredmedia":[{"embeddable":true,"href":"https:\/\/www.elvesport.com\/it\/wp-json\/wp\/v2\/media\/267876"}],"wp:attachment":[{"href":"https:\/\/www.elvesport.com\/it\/wp-json\/wp\/v2\/media?parent=261278"}],"wp:term":[{"taxonomy":"product_brand","embeddable":true,"href":"https:\/\/www.elvesport.com\/it\/wp-json\/wp\/v2\/product_brand?post=261278"},{"taxonomy":"product_cat","embeddable":true,"href":"https:\/\/www.elvesport.com\/it\/wp-json\/wp\/v2\/product_cat?post=261278"},{"taxonomy":"product_tag","embeddable":true,"href":"https:\/\/www.elvesport.com\/it\/wp-json\/wp\/v2\/product_tag?post=261278"}],"curies":[{"name":"wp","href":"https:\/\/api.w.org\/{rel}","templated":true}]}}