{"id":261287,"date":"2023-10-06T18:26:13","date_gmt":"2023-10-06T16:26:13","guid":{"rendered":"https:\/\/www.elvesport.com\/?post_type=product&#038;p=261287"},"modified":"2025-01-10T11:43:13","modified_gmt":"2025-01-10T10:43:13","slug":"gymsack-piestanske-cajky","status":"publish","type":"product","link":"https:\/\/www.elvesport.com\/it\/gymsack-piestanske-cajky\/","title":{"rendered":"GYMSACK PIE\u0160TANSK\u00c9 \u010cAJKY"},"content":{"rendered":"<p><strong>\u0160t\u00fdlov\u00fd Dizajn:<\/strong> N\u00e1\u0161 gymsack je vyroben\u00fd s oh\u013eadom na \u0161t\u00fdl,\u00a0 s v\u00fdrazn\u00fdm logom Pie\u0161tansk\u00fdch \u010dajok, ktor\u00e9 jednozna\u010dne ukazuje va\u0161u lojalitu t\u00edmu.<\/p>\n<p><strong>Nepremokav\u00fd Materi\u00e1l:<\/strong> M\u00e1me v\u00e1s pokryt\u00fdch aj po\u010das da\u017ediv\u00fdch dn\u00ed alebo tr\u00e9ningov v mokr\u00fdch podmienkach. Tento gymsack je vyroben\u00fd z vodoodpudiv\u00e9ho materi\u00e1lu s vodn\u00fdm st\u013apcom, \u010do znamen\u00e1, \u017ee va\u0161e cenn\u00e9 veci zostan\u00fa such\u00e9, aj ke\u010f sa ocitnete v nepriaznivom po\u010das\u00ed.<\/p>\n<p><strong>Vhodn\u00fd na Oble\u010denie a V\u00fdstroj:<\/strong> S dostato\u010dn\u00fdm vn\u00fatorn\u00fdm priestorom na oble\u010denie, top\u00e1nky a in\u00e9 \u0161portov\u00e9 potreby, toto vrecko je praktick\u00fdm rie\u0161en\u00edm pre v\u0161etko, \u010do potrebujete na tr\u00e9ningu.<\/p>\n<p><strong>Pohodlie a Odolnos\u0165:<\/strong> Na\u0161a gymsack je vyroben\u00e1 z odoln\u00e9ho materi\u00e1lu, ktor\u00fd zvl\u00e1dne n\u00e1ro\u010dn\u00e9 tr\u00e9ningy. \u0160n\u00farky na uzatv\u00e1ranie umo\u017e\u0148uj\u00fa r\u00fdchly pr\u00edstup k va\u0161im veciam, a to bez zbyto\u010dn\u00e9ho \u00fasilia.<\/p>\n<p><strong>Univerz\u00e1lny Spolo\u010dn\u00edk:<\/strong> Nielen\u017ee je tento gymsack ide\u00e1lny pre tr\u00e9ningy a \u0161portov\u00e9 aktivity, ale m\u00f4\u017eete ho tie\u017e pou\u017ei\u0165 na cesty, n\u00e1kupy alebo in\u00e9 ka\u017edodenn\u00e9 aktivity.<\/p>\n<p>Uk\u00e1\u017ete svoju podporu Pie\u0161tansk\u00fdm \u010dajk\u00e1m s t\u00fdmto praktick\u00fdm a \u0161t\u00fdlov\u00fdm gymsackom, ktor\u00fd v\u00e1m pom\u00f4\u017ee zosta\u0165 dobre zorganizovan\u00fdmi a pripraven\u00fdmi na ka\u017ed\u00fd tr\u00e9ning bez oh\u013eadu na po\u010dasie.<\/p>\n","protected":false},"excerpt":{"rendered":"<p>\u0160t\u00fdlov\u00fd Dizajn: N\u00e1\u0161 gymsack je vyroben\u00fd s oh\u013eadom na \u0161t\u00fdl,\u00a0 s v\u00fdrazn\u00fdm logom Pie\u0161tansk\u00fdch \u010dajok, ktor\u00e9 jednozna\u010dne ukazuje va\u0161u lojalitu<\/p>\n","protected":false},"featured_media":261247,"comment_status":"closed","ping_status":"closed","template":"","meta":{"_acf_changed":false},"product_brand":[],"product_cat":[3027],"product_tag":[],"class_list":{"0":"post-261287","1":"product","2":"type-product","3":"status-publish","4":"has-post-thumbnail","6":"product_cat-piestanske-cajky","8":"first","9":"instock","10":"taxable","11":"shipping-taxable","12":"purchasable","13":"product-type-simple"},"acf":[],"_links":{"self":[{"href":"https:\/\/www.elvesport.com\/it\/wp-json\/wp\/v2\/product\/261287","targetHints":{"allow":["GET"]}}],"collection":[{"href":"https:\/\/www.elvesport.com\/it\/wp-json\/wp\/v2\/product"}],"about":[{"href":"https:\/\/www.elvesport.com\/it\/wp-json\/wp\/v2\/types\/product"}],"replies":[{"embeddable":true,"href":"https:\/\/www.elvesport.com\/it\/wp-json\/wp\/v2\/comments?post=261287"}],"version-history":[{"count":4,"href":"https:\/\/www.elvesport.com\/it\/wp-json\/wp\/v2\/product\/261287\/revisions"}],"predecessor-version":[{"id":265998,"href":"https:\/\/www.elvesport.com\/it\/wp-json\/wp\/v2\/product\/261287\/revisions\/265998"}],"wp:featuredmedia":[{"embeddable":true,"href":"https:\/\/www.elvesport.com\/it\/wp-json\/wp\/v2\/media\/261247"}],"wp:attachment":[{"href":"https:\/\/www.elvesport.com\/it\/wp-json\/wp\/v2\/media?parent=261287"}],"wp:term":[{"taxonomy":"product_brand","embeddable":true,"href":"https:\/\/www.elvesport.com\/it\/wp-json\/wp\/v2\/product_brand?post=261287"},{"taxonomy":"product_cat","embeddable":true,"href":"https:\/\/www.elvesport.com\/it\/wp-json\/wp\/v2\/product_cat?post=261287"},{"taxonomy":"product_tag","embeddable":true,"href":"https:\/\/www.elvesport.com\/it\/wp-json\/wp\/v2\/product_tag?post=261287"}],"curies":[{"name":"wp","href":"https:\/\/api.w.org\/{rel}","templated":true}]}}