{"id":261313,"date":"2023-10-06T19:03:06","date_gmt":"2023-10-06T17:03:06","guid":{"rendered":"https:\/\/www.elvesport.com\/?post_type=product&#038;p=261313"},"modified":"2024-04-22T10:01:35","modified_gmt":"2024-04-22T08:01:35","slug":"mikina-classic-piestanske-cajky","status":"publish","type":"product","link":"https:\/\/www.elvesport.com\/it\/mikina-classic-piestanske-cajky\/","title":{"rendered":"MIKINA CLASSIC PIE\u0160TANSK\u00c9 \u010cAJKY"},"content":{"rendered":"<ul>\n<li><strong>Univerz\u00e1lny Strih:<\/strong><\/li>\n<li>T\u00e1to mikina je navrhnut\u00e1 s oh\u013eadom na unisex strih, \u010do znamen\u00e1, \u017ee je vhodn\u00e1 pre v\u0161etk\u00fdch &#8211; bez oh\u013eadu na pohlavie \u010di vek.<\/li>\n<li><strong>V\u00fdrazn\u00e9 Logo Klubu:<\/strong><\/li>\n<li>S v\u00fdrazn\u00fdm logom klubu Pie\u0161tansk\u00e9 \u010dajky na prednej strane mikiny. Logo je\u00a0 potla\u010den\u00e9 s vysokou kvalitou, \u010do zabezpe\u010duje jeho dlhodob\u00fa trv\u00e1cnos\u0165.<\/li>\n<li><strong>Pohodlie po\u010das Ka\u017edodenn\u00fdch Aktiv\u00edt:<\/strong><\/li>\n<li>T\u00e1to mikina je vyroben\u00e1 z m\u00e4kkej ,ktor\u00e1 v\u00e1s udr\u017e\u00ed v teple po\u010das chladn\u00fdch dn\u00ed alebo jednoducho pri ka\u017edodennom nosen\u00ed.<\/li>\n<\/ul>\n","protected":false},"excerpt":{"rendered":"<ul>\n<li><strong>Mikina s logom Pie\u0161tansk\u00fdch \u010dajok\u00a0<\/strong><\/li>\n<li><strong>Pre spr\u00e1vny v\u00fdber ve\u013ekosti nezabudnite skontrolova\u0165 sprievodcu ve\u013ekos\u0165ami\u00a0<\/strong><\/li>\n<\/ul>\n","protected":false},"featured_media":261250,"comment_status":"closed","ping_status":"closed","template":"","meta":{"_acf_changed":false},"product_brand":[],"product_cat":[3027],"product_tag":[],"class_list":{"0":"post-261313","1":"product","2":"type-product","3":"status-publish","4":"has-post-thumbnail","6":"product_cat-piestanske-cajky","7":"pa_color-melange-siva","8":"pa_color-kralovskamodra","9":"pa_size-xs","10":"pa_size-s","11":"pa_size-m","12":"pa_size-l","13":"pa_size-xl","14":"pa_size-2xl","15":"pa_size-3xl","16":"pa_size-4xl","18":"first","19":"instock","20":"taxable","21":"shipping-taxable","22":"purchasable","23":"product-type-variable"},"acf":[],"_links":{"self":[{"href":"https:\/\/www.elvesport.com\/it\/wp-json\/wp\/v2\/product\/261313","targetHints":{"allow":["GET"]}}],"collection":[{"href":"https:\/\/www.elvesport.com\/it\/wp-json\/wp\/v2\/product"}],"about":[{"href":"https:\/\/www.elvesport.com\/it\/wp-json\/wp\/v2\/types\/product"}],"replies":[{"embeddable":true,"href":"https:\/\/www.elvesport.com\/it\/wp-json\/wp\/v2\/comments?post=261313"}],"version-history":[{"count":5,"href":"https:\/\/www.elvesport.com\/it\/wp-json\/wp\/v2\/product\/261313\/revisions"}],"predecessor-version":[{"id":261347,"href":"https:\/\/www.elvesport.com\/it\/wp-json\/wp\/v2\/product\/261313\/revisions\/261347"}],"wp:featuredmedia":[{"embeddable":true,"href":"https:\/\/www.elvesport.com\/it\/wp-json\/wp\/v2\/media\/261250"}],"wp:attachment":[{"href":"https:\/\/www.elvesport.com\/it\/wp-json\/wp\/v2\/media?parent=261313"}],"wp:term":[{"taxonomy":"product_brand","embeddable":true,"href":"https:\/\/www.elvesport.com\/it\/wp-json\/wp\/v2\/product_brand?post=261313"},{"taxonomy":"product_cat","embeddable":true,"href":"https:\/\/www.elvesport.com\/it\/wp-json\/wp\/v2\/product_cat?post=261313"},{"taxonomy":"product_tag","embeddable":true,"href":"https:\/\/www.elvesport.com\/it\/wp-json\/wp\/v2\/product_tag?post=261313"}],"curies":[{"name":"wp","href":"https:\/\/api.w.org\/{rel}","templated":true}]}}