{"id":261361,"date":"2023-10-06T19:33:57","date_gmt":"2023-10-06T17:33:57","guid":{"rendered":"https:\/\/www.elvesport.com\/?post_type=product&#038;p=261361"},"modified":"2025-04-29T12:39:59","modified_gmt":"2025-04-29T10:39:59","slug":"tricko-classic-piestanske-cajky","status":"publish","type":"product","link":"https:\/\/www.elvesport.com\/it\/tricko-classic-piestanske-cajky\/","title":{"rendered":"TRI\u010cKO URBAN PIE\u0160TANSK\u00c9 \u010cAJKY"},"content":{"rendered":"<ul>\n<li><strong>Elegantn\u00fd Dizajn:<\/strong><\/li>\n<li>Grafika tohto tri\u010dka zah\u0155\u0148a dve jasn\u00e9 hviezdi\u010dky, ktor\u00e9 symbolizuj\u00fa dva ligov\u00e9 tituly Pie\u0161tansk\u00fdch \u010dajok.<\/li>\n<li><strong>Komfortn\u00fd Materi\u00e1l:<\/strong><\/li>\n<li>Tri\u010dko je vyroben\u00e9 z m\u00e4kkej a pohodlnej l\u00e1tky, ktor\u00e1 v\u00e1s udr\u017e\u00ed v pohodl\u00ed po\u010das cel\u00e9ho d\u0148a. Je to ide\u00e1lne oble\u010denie pre be\u017en\u00e9 aktivity.<\/li>\n<li><strong>Unisex \u0160t\u00fdl:<\/strong><\/li>\n<li>Tri\u010dko je vhodn\u00e9 pre v\u0161etky pohlavia a vekov\u00e9 kateg\u00f3rie, tak\u017ee je to ide\u00e1lny sp\u00f4sob, ako uk\u00e1za\u0165 svoju podporu t\u00edmu cel\u00e9mu spolo\u010denstvu Pie\u0161tansk\u00fdch \u010dajiek.<\/li>\n<\/ul>\n","protected":false},"excerpt":{"rendered":"<ul>\n<li><strong>Tri\u010dko s origin\u00e1lnou potla\u010dou Pie\u0161tansk\u00e9 \u010cajky <\/strong><\/li>\n<li><strong>Pre spr\u00e1vny v\u00fdber ve\u013ekosti nezabudnite skontrolova\u0165 sprievodcu ve\u013ekos\u0165ami\u00a0<\/strong><\/li>\n<\/ul>\n","protected":false},"featured_media":261244,"comment_status":"closed","ping_status":"closed","template":"","meta":{"_acf_changed":false},"product_brand":[],"product_cat":[3027],"product_tag":[],"class_list":{"0":"post-261361","1":"product","2":"type-product","3":"status-publish","4":"has-post-thumbnail","6":"product_cat-piestanske-cajky","7":"pa_color-modra","8":"pa_color-cierna","9":"pa_size-3yxs","10":"pa_size-2yxs","11":"pa_size-yxs","12":"pa_size-xxs","13":"pa_size-xs","14":"pa_size-s","15":"pa_size-m","16":"pa_size-l","17":"pa_size-xl","18":"pa_size-2xl","19":"pa_size-3xl","21":"first","22":"instock","23":"sale","24":"taxable","25":"shipping-taxable","26":"purchasable","27":"product-type-variable"},"acf":[],"_links":{"self":[{"href":"https:\/\/www.elvesport.com\/it\/wp-json\/wp\/v2\/product\/261361","targetHints":{"allow":["GET"]}}],"collection":[{"href":"https:\/\/www.elvesport.com\/it\/wp-json\/wp\/v2\/product"}],"about":[{"href":"https:\/\/www.elvesport.com\/it\/wp-json\/wp\/v2\/types\/product"}],"replies":[{"embeddable":true,"href":"https:\/\/www.elvesport.com\/it\/wp-json\/wp\/v2\/comments?post=261361"}],"version-history":[{"count":5,"href":"https:\/\/www.elvesport.com\/it\/wp-json\/wp\/v2\/product\/261361\/revisions"}],"predecessor-version":[{"id":265984,"href":"https:\/\/www.elvesport.com\/it\/wp-json\/wp\/v2\/product\/261361\/revisions\/265984"}],"wp:featuredmedia":[{"embeddable":true,"href":"https:\/\/www.elvesport.com\/it\/wp-json\/wp\/v2\/media\/261244"}],"wp:attachment":[{"href":"https:\/\/www.elvesport.com\/it\/wp-json\/wp\/v2\/media?parent=261361"}],"wp:term":[{"taxonomy":"product_brand","embeddable":true,"href":"https:\/\/www.elvesport.com\/it\/wp-json\/wp\/v2\/product_brand?post=261361"},{"taxonomy":"product_cat","embeddable":true,"href":"https:\/\/www.elvesport.com\/it\/wp-json\/wp\/v2\/product_cat?post=261361"},{"taxonomy":"product_tag","embeddable":true,"href":"https:\/\/www.elvesport.com\/it\/wp-json\/wp\/v2\/product_tag?post=261361"}],"curies":[{"name":"wp","href":"https:\/\/api.w.org\/{rel}","templated":true}]}}