{"id":261779,"date":"2023-10-12T15:12:57","date_gmt":"2023-10-12T13:12:57","guid":{"rendered":"https:\/\/www.elvesport.com\/?post_type=product&#038;p=261779"},"modified":"2025-01-14T15:24:41","modified_gmt":"2025-01-14T14:24:41","slug":"treningove-trenky-new-skin-fk-lamac","status":"publish","type":"product","link":"https:\/\/www.elvesport.com\/it\/treningove-trenky-new-skin-fk-lamac\/","title":{"rendered":"TR\u00c9NINGOV\u00c9 TRENKY NEW SKIN FK LAMA\u010c"},"content":{"rendered":"","protected":false},"excerpt":{"rendered":"<p>Tr\u00e9ningov\u00e9 trenky NEW SKIN FK LAMA\u010c s inici\u00e1lami oproti logu ERREA<\/p>\n","protected":false},"featured_media":261780,"comment_status":"closed","ping_status":"closed","template":"","meta":{"_acf_changed":false},"product_brand":[],"product_cat":[3029],"product_tag":[],"class_list":{"0":"post-261779","1":"product","2":"type-product","3":"status-publish","4":"has-post-thumbnail","6":"product_cat-fk-lamac","7":"pa_color-tmavomodra","8":"pa_size-2yxs","9":"pa_size-yxs","10":"pa_size-xxs","11":"pa_size-xs","12":"pa_size-s","13":"pa_size-m","14":"pa_size-l","15":"pa_size-xl","16":"pa_size-xxl","18":"first","19":"instock","20":"taxable","21":"shipping-taxable","22":"purchasable","23":"product-type-variable"},"acf":[],"_links":{"self":[{"href":"https:\/\/www.elvesport.com\/it\/wp-json\/wp\/v2\/product\/261779","targetHints":{"allow":["GET"]}}],"collection":[{"href":"https:\/\/www.elvesport.com\/it\/wp-json\/wp\/v2\/product"}],"about":[{"href":"https:\/\/www.elvesport.com\/it\/wp-json\/wp\/v2\/types\/product"}],"replies":[{"embeddable":true,"href":"https:\/\/www.elvesport.com\/it\/wp-json\/wp\/v2\/comments?post=261779"}],"version-history":[{"count":2,"href":"https:\/\/www.elvesport.com\/it\/wp-json\/wp\/v2\/product\/261779\/revisions"}],"predecessor-version":[{"id":261782,"href":"https:\/\/www.elvesport.com\/it\/wp-json\/wp\/v2\/product\/261779\/revisions\/261782"}],"wp:featuredmedia":[{"embeddable":true,"href":"https:\/\/www.elvesport.com\/it\/wp-json\/wp\/v2\/media\/261780"}],"wp:attachment":[{"href":"https:\/\/www.elvesport.com\/it\/wp-json\/wp\/v2\/media?parent=261779"}],"wp:term":[{"taxonomy":"product_brand","embeddable":true,"href":"https:\/\/www.elvesport.com\/it\/wp-json\/wp\/v2\/product_brand?post=261779"},{"taxonomy":"product_cat","embeddable":true,"href":"https:\/\/www.elvesport.com\/it\/wp-json\/wp\/v2\/product_cat?post=261779"},{"taxonomy":"product_tag","embeddable":true,"href":"https:\/\/www.elvesport.com\/it\/wp-json\/wp\/v2\/product_tag?post=261779"}],"curies":[{"name":"wp","href":"https:\/\/api.w.org\/{rel}","templated":true}]}}