{"id":261792,"date":"2023-10-12T15:24:48","date_gmt":"2023-10-12T13:24:48","guid":{"rendered":"https:\/\/www.elvesport.com\/?post_type=product&#038;p=261792"},"modified":"2025-01-14T15:26:03","modified_gmt":"2025-01-14T14:26:03","slug":"vychadzkove-trenky-viktor-fk-lamac","status":"publish","type":"product","link":"https:\/\/www.elvesport.com\/it\/vychadzkove-trenky-viktor-fk-lamac\/","title":{"rendered":"VYCH\u00c1DZKOV\u00c9 TRENKY VIKTOR FK LAMA\u010c"},"content":{"rendered":"","protected":false},"excerpt":{"rendered":"","protected":false},"featured_media":265347,"comment_status":"closed","ping_status":"closed","template":"","meta":{"_acf_changed":false},"product_brand":[],"product_cat":[3029],"product_tag":[],"class_list":{"0":"post-261792","1":"product","2":"type-product","3":"status-publish","4":"has-post-thumbnail","6":"product_cat-fk-lamac","7":"pa_color-tmavomodra","8":"pa_size-yxs","9":"pa_size-xxs","10":"pa_size-xs","11":"pa_size-s","12":"pa_size-m","13":"pa_size-l","14":"pa_size-xl","15":"pa_size-xxl","17":"first","18":"instock","19":"taxable","20":"shipping-taxable","21":"purchasable","22":"product-type-variable"},"acf":[],"_links":{"self":[{"href":"https:\/\/www.elvesport.com\/it\/wp-json\/wp\/v2\/product\/261792","targetHints":{"allow":["GET"]}}],"collection":[{"href":"https:\/\/www.elvesport.com\/it\/wp-json\/wp\/v2\/product"}],"about":[{"href":"https:\/\/www.elvesport.com\/it\/wp-json\/wp\/v2\/types\/product"}],"replies":[{"embeddable":true,"href":"https:\/\/www.elvesport.com\/it\/wp-json\/wp\/v2\/comments?post=261792"}],"version-history":[{"count":1,"href":"https:\/\/www.elvesport.com\/it\/wp-json\/wp\/v2\/product\/261792\/revisions"}],"predecessor-version":[{"id":261794,"href":"https:\/\/www.elvesport.com\/it\/wp-json\/wp\/v2\/product\/261792\/revisions\/261794"}],"wp:featuredmedia":[{"embeddable":true,"href":"https:\/\/www.elvesport.com\/it\/wp-json\/wp\/v2\/media\/265347"}],"wp:attachment":[{"href":"https:\/\/www.elvesport.com\/it\/wp-json\/wp\/v2\/media?parent=261792"}],"wp:term":[{"taxonomy":"product_brand","embeddable":true,"href":"https:\/\/www.elvesport.com\/it\/wp-json\/wp\/v2\/product_brand?post=261792"},{"taxonomy":"product_cat","embeddable":true,"href":"https:\/\/www.elvesport.com\/it\/wp-json\/wp\/v2\/product_cat?post=261792"},{"taxonomy":"product_tag","embeddable":true,"href":"https:\/\/www.elvesport.com\/it\/wp-json\/wp\/v2\/product_tag?post=261792"}],"curies":[{"name":"wp","href":"https:\/\/api.w.org\/{rel}","templated":true}]}}