{"id":261804,"date":"2023-10-12T16:03:24","date_gmt":"2023-10-12T14:03:24","guid":{"rendered":"https:\/\/www.elvesport.com\/?post_type=product&#038;p=261804"},"modified":"2024-04-22T09:21:23","modified_gmt":"2024-04-22T07:21:23","slug":"siltovka-flexfit-fk-lamac","status":"publish","type":"product","link":"https:\/\/www.elvesport.com\/it\/siltovka-flexfit-fk-lamac\/","title":{"rendered":"\u0160ILTOVKA FLEXFIT FK LAMA\u010c"},"content":{"rendered":"","protected":false},"excerpt":{"rendered":"<p>\u0160iltovka FLEXFIT s logom klubu FK LAMA\u010c<\/p>\n","protected":false},"featured_media":261816,"comment_status":"closed","ping_status":"closed","template":"","meta":{"_acf_changed":false},"product_brand":[],"product_cat":[3029],"product_tag":[],"class_list":{"0":"post-261804","1":"product","2":"type-product","3":"status-publish","4":"has-post-thumbnail","6":"product_cat-fk-lamac","7":"pa_color-biela","8":"pa_color-tmavomodra","9":"pa_size-xs-s","10":"pa_size-sm","11":"pa_size-lxl","12":"pa_size-xxl","13":"pa_size-junior","15":"first","16":"instock","17":"taxable","18":"shipping-taxable","19":"purchasable","20":"product-type-variable","21":"has-default-attributes"},"acf":[],"_links":{"self":[{"href":"https:\/\/www.elvesport.com\/it\/wp-json\/wp\/v2\/product\/261804","targetHints":{"allow":["GET"]}}],"collection":[{"href":"https:\/\/www.elvesport.com\/it\/wp-json\/wp\/v2\/product"}],"about":[{"href":"https:\/\/www.elvesport.com\/it\/wp-json\/wp\/v2\/types\/product"}],"replies":[{"embeddable":true,"href":"https:\/\/www.elvesport.com\/it\/wp-json\/wp\/v2\/comments?post=261804"}],"version-history":[{"count":2,"href":"https:\/\/www.elvesport.com\/it\/wp-json\/wp\/v2\/product\/261804\/revisions"}],"predecessor-version":[{"id":261818,"href":"https:\/\/www.elvesport.com\/it\/wp-json\/wp\/v2\/product\/261804\/revisions\/261818"}],"wp:featuredmedia":[{"embeddable":true,"href":"https:\/\/www.elvesport.com\/it\/wp-json\/wp\/v2\/media\/261816"}],"wp:attachment":[{"href":"https:\/\/www.elvesport.com\/it\/wp-json\/wp\/v2\/media?parent=261804"}],"wp:term":[{"taxonomy":"product_brand","embeddable":true,"href":"https:\/\/www.elvesport.com\/it\/wp-json\/wp\/v2\/product_brand?post=261804"},{"taxonomy":"product_cat","embeddable":true,"href":"https:\/\/www.elvesport.com\/it\/wp-json\/wp\/v2\/product_cat?post=261804"},{"taxonomy":"product_tag","embeddable":true,"href":"https:\/\/www.elvesport.com\/it\/wp-json\/wp\/v2\/product_tag?post=261804"}],"curies":[{"name":"wp","href":"https:\/\/api.w.org\/{rel}","templated":true}]}}