{"id":261869,"date":"2023-10-13T14:35:31","date_gmt":"2023-10-13T12:35:31","guid":{"rendered":"https:\/\/www.elvesport.com\/?post_type=product&#038;p=261869"},"modified":"2025-01-14T15:32:50","modified_gmt":"2025-01-14T14:32:50","slug":"vychadzkova-suprava-fk-lamac","status":"publish","type":"product","link":"https:\/\/www.elvesport.com\/it\/vychadzkova-suprava-fk-lamac\/","title":{"rendered":"VYCH\u00c1DZKOV\u00c1 S\u00daPRAVA FK LAMA\u010c"},"content":{"rendered":"","protected":false},"excerpt":{"rendered":"<p>Vych\u00e1dzkov\u00e1 s\u00faprava FK LAMA\u010c s logom klubu a inici\u00e1lami.<\/p>\n","protected":false},"featured_media":261994,"comment_status":"closed","ping_status":"closed","template":"","meta":{"_acf_changed":false},"product_brand":[],"product_cat":[3029,1158],"product_tag":[],"class_list":{"0":"post-261869","1":"product","2":"type-product","3":"status-publish","4":"has-post-thumbnail","6":"product_cat-fk-lamac","7":"product_cat-fan-shop","9":"first","10":"instock","11":"sale","12":"taxable","13":"shipping-taxable","14":"purchasable","15":"product-type-woosb"},"acf":[],"_links":{"self":[{"href":"https:\/\/www.elvesport.com\/it\/wp-json\/wp\/v2\/product\/261869","targetHints":{"allow":["GET"]}}],"collection":[{"href":"https:\/\/www.elvesport.com\/it\/wp-json\/wp\/v2\/product"}],"about":[{"href":"https:\/\/www.elvesport.com\/it\/wp-json\/wp\/v2\/types\/product"}],"replies":[{"embeddable":true,"href":"https:\/\/www.elvesport.com\/it\/wp-json\/wp\/v2\/comments?post=261869"}],"version-history":[{"count":4,"href":"https:\/\/www.elvesport.com\/it\/wp-json\/wp\/v2\/product\/261869\/revisions"}],"predecessor-version":[{"id":261992,"href":"https:\/\/www.elvesport.com\/it\/wp-json\/wp\/v2\/product\/261869\/revisions\/261992"}],"wp:featuredmedia":[{"embeddable":true,"href":"https:\/\/www.elvesport.com\/it\/wp-json\/wp\/v2\/media\/261994"}],"wp:attachment":[{"href":"https:\/\/www.elvesport.com\/it\/wp-json\/wp\/v2\/media?parent=261869"}],"wp:term":[{"taxonomy":"product_brand","embeddable":true,"href":"https:\/\/www.elvesport.com\/it\/wp-json\/wp\/v2\/product_brand?post=261869"},{"taxonomy":"product_cat","embeddable":true,"href":"https:\/\/www.elvesport.com\/it\/wp-json\/wp\/v2\/product_cat?post=261869"},{"taxonomy":"product_tag","embeddable":true,"href":"https:\/\/www.elvesport.com\/it\/wp-json\/wp\/v2\/product_tag?post=261869"}],"curies":[{"name":"wp","href":"https:\/\/api.w.org\/{rel}","templated":true}]}}