{"id":261873,"date":"2023-10-13T15:01:55","date_gmt":"2023-10-13T13:01:55","guid":{"rendered":"https:\/\/www.elvesport.com\/?post_type=product&#038;p=261873"},"modified":"2024-04-24T14:12:51","modified_gmt":"2024-04-24T12:12:51","slug":"fan-tricko-fk-lamac","status":"publish","type":"product","link":"https:\/\/www.elvesport.com\/it\/fan-tricko-fk-lamac\/","title":{"rendered":"FAN TRI\u010cKO P\u00c1NSKE FK LAMA\u010c"},"content":{"rendered":"","protected":false},"excerpt":{"rendered":"","protected":false},"featured_media":261929,"comment_status":"closed","ping_status":"closed","template":"","meta":{"_acf_changed":false},"product_brand":[],"product_cat":[3029],"product_tag":[],"class_list":{"0":"post-261873","1":"product","2":"type-product","3":"status-publish","4":"has-post-thumbnail","6":"product_cat-fk-lamac","7":"pa_color-biela","8":"pa_color-tmavomodra","9":"pa_size-3yxs","10":"pa_size-2yxs","11":"pa_size-yxs","12":"pa_size-xxs","13":"pa_size-xs","14":"pa_size-s","15":"pa_size-m","16":"pa_size-l","17":"pa_size-xl","18":"pa_size-xxl","19":"pa_size-3xl","21":"first","22":"instock","23":"taxable","24":"shipping-taxable","25":"purchasable","26":"product-type-variable","27":"has-default-attributes"},"acf":[],"_links":{"self":[{"href":"https:\/\/www.elvesport.com\/it\/wp-json\/wp\/v2\/product\/261873","targetHints":{"allow":["GET"]}}],"collection":[{"href":"https:\/\/www.elvesport.com\/it\/wp-json\/wp\/v2\/product"}],"about":[{"href":"https:\/\/www.elvesport.com\/it\/wp-json\/wp\/v2\/types\/product"}],"replies":[{"embeddable":true,"href":"https:\/\/www.elvesport.com\/it\/wp-json\/wp\/v2\/comments?post=261873"}],"version-history":[{"count":2,"href":"https:\/\/www.elvesport.com\/it\/wp-json\/wp\/v2\/product\/261873\/revisions"}],"predecessor-version":[{"id":261899,"href":"https:\/\/www.elvesport.com\/it\/wp-json\/wp\/v2\/product\/261873\/revisions\/261899"}],"wp:featuredmedia":[{"embeddable":true,"href":"https:\/\/www.elvesport.com\/it\/wp-json\/wp\/v2\/media\/261929"}],"wp:attachment":[{"href":"https:\/\/www.elvesport.com\/it\/wp-json\/wp\/v2\/media?parent=261873"}],"wp:term":[{"taxonomy":"product_brand","embeddable":true,"href":"https:\/\/www.elvesport.com\/it\/wp-json\/wp\/v2\/product_brand?post=261873"},{"taxonomy":"product_cat","embeddable":true,"href":"https:\/\/www.elvesport.com\/it\/wp-json\/wp\/v2\/product_cat?post=261873"},{"taxonomy":"product_tag","embeddable":true,"href":"https:\/\/www.elvesport.com\/it\/wp-json\/wp\/v2\/product_tag?post=261873"}],"curies":[{"name":"wp","href":"https:\/\/api.w.org\/{rel}","templated":true}]}}