{"id":262408,"date":"2023-11-10T15:02:52","date_gmt":"2023-11-10T14:02:52","guid":{"rendered":"https:\/\/www.elvesport.com\/?post_type=product&#038;p=262408"},"modified":"2025-01-10T11:52:28","modified_gmt":"2025-01-10T10:52:28","slug":"latkovy-sal-volley-project-nitra","status":"publish","type":"product","link":"https:\/\/www.elvesport.com\/it\/latkovy-sal-volley-project-nitra\/","title":{"rendered":"L\u00c1TKOV\u00dd \u0160\u00c1L VOLLEY PROJECT NITRA"},"content":{"rendered":"","protected":false},"excerpt":{"rendered":"","protected":false},"featured_media":262410,"comment_status":"closed","ping_status":"closed","template":"","meta":{"_acf_changed":false},"product_brand":[],"product_cat":[3053],"product_tag":[],"class_list":{"0":"post-262408","1":"product","2":"type-product","3":"status-publish","4":"has-post-thumbnail","6":"product_cat-volley-project-nitra","8":"first","9":"instock","10":"taxable","11":"shipping-taxable","12":"purchasable","13":"product-type-simple"},"acf":[],"_links":{"self":[{"href":"https:\/\/www.elvesport.com\/it\/wp-json\/wp\/v2\/product\/262408","targetHints":{"allow":["GET"]}}],"collection":[{"href":"https:\/\/www.elvesport.com\/it\/wp-json\/wp\/v2\/product"}],"about":[{"href":"https:\/\/www.elvesport.com\/it\/wp-json\/wp\/v2\/types\/product"}],"replies":[{"embeddable":true,"href":"https:\/\/www.elvesport.com\/it\/wp-json\/wp\/v2\/comments?post=262408"}],"version-history":[{"count":2,"href":"https:\/\/www.elvesport.com\/it\/wp-json\/wp\/v2\/product\/262408\/revisions"}],"predecessor-version":[{"id":262639,"href":"https:\/\/www.elvesport.com\/it\/wp-json\/wp\/v2\/product\/262408\/revisions\/262639"}],"wp:featuredmedia":[{"embeddable":true,"href":"https:\/\/www.elvesport.com\/it\/wp-json\/wp\/v2\/media\/262410"}],"wp:attachment":[{"href":"https:\/\/www.elvesport.com\/it\/wp-json\/wp\/v2\/media?parent=262408"}],"wp:term":[{"taxonomy":"product_brand","embeddable":true,"href":"https:\/\/www.elvesport.com\/it\/wp-json\/wp\/v2\/product_brand?post=262408"},{"taxonomy":"product_cat","embeddable":true,"href":"https:\/\/www.elvesport.com\/it\/wp-json\/wp\/v2\/product_cat?post=262408"},{"taxonomy":"product_tag","embeddable":true,"href":"https:\/\/www.elvesport.com\/it\/wp-json\/wp\/v2\/product_tag?post=262408"}],"curies":[{"name":"wp","href":"https:\/\/api.w.org\/{rel}","templated":true}]}}