{"id":266147,"date":"2024-05-03T16:41:41","date_gmt":"2024-05-03T14:41:41","guid":{"rendered":"https:\/\/www.elvesport.com\/?post_type=product&#038;p=266147"},"modified":"2025-01-15T16:01:07","modified_gmt":"2025-01-15T15:01:07","slug":"vychadzkova-mikina-kurt-sk-tomasov","status":"publish","type":"product","link":"https:\/\/www.elvesport.com\/it\/vychadzkova-mikina-kurt-sk-tomasov\/","title":{"rendered":"VYCH\u00c1DZKOV\u00c1 MIKINA KURT \u0160K TOM\u00c1\u0160OV"},"content":{"rendered":"","protected":false},"excerpt":{"rendered":"","protected":false},"featured_media":267096,"comment_status":"closed","ping_status":"closed","template":"","meta":{"_acf_changed":false},"product_brand":[],"product_cat":[3099],"product_tag":[],"class_list":{"0":"post-266147","1":"product","2":"type-product","3":"status-publish","4":"has-post-thumbnail","6":"product_cat-sk-tomasov","7":"pa_color-zelena","8":"pa_size-2yxs","9":"pa_size-yxs","10":"pa_size-xxs","11":"pa_size-xs","12":"pa_size-s","13":"pa_size-m","14":"pa_size-l","15":"pa_size-xl","16":"pa_size-2xl","17":"pa_size-3xl","18":"pa_size-4xl","20":"first","21":"instock","22":"taxable","23":"shipping-taxable","24":"purchasable","25":"product-type-variable"},"acf":[],"_links":{"self":[{"href":"https:\/\/www.elvesport.com\/it\/wp-json\/wp\/v2\/product\/266147","targetHints":{"allow":["GET"]}}],"collection":[{"href":"https:\/\/www.elvesport.com\/it\/wp-json\/wp\/v2\/product"}],"about":[{"href":"https:\/\/www.elvesport.com\/it\/wp-json\/wp\/v2\/types\/product"}],"replies":[{"embeddable":true,"href":"https:\/\/www.elvesport.com\/it\/wp-json\/wp\/v2\/comments?post=266147"}],"version-history":[{"count":1,"href":"https:\/\/www.elvesport.com\/it\/wp-json\/wp\/v2\/product\/266147\/revisions"}],"predecessor-version":[{"id":266159,"href":"https:\/\/www.elvesport.com\/it\/wp-json\/wp\/v2\/product\/266147\/revisions\/266159"}],"wp:featuredmedia":[{"embeddable":true,"href":"https:\/\/www.elvesport.com\/it\/wp-json\/wp\/v2\/media\/267096"}],"wp:attachment":[{"href":"https:\/\/www.elvesport.com\/it\/wp-json\/wp\/v2\/media?parent=266147"}],"wp:term":[{"taxonomy":"product_brand","embeddable":true,"href":"https:\/\/www.elvesport.com\/it\/wp-json\/wp\/v2\/product_brand?post=266147"},{"taxonomy":"product_cat","embeddable":true,"href":"https:\/\/www.elvesport.com\/it\/wp-json\/wp\/v2\/product_cat?post=266147"},{"taxonomy":"product_tag","embeddable":true,"href":"https:\/\/www.elvesport.com\/it\/wp-json\/wp\/v2\/product_tag?post=266147"}],"curies":[{"name":"wp","href":"https:\/\/api.w.org\/{rel}","templated":true}]}}