{"id":266279,"date":"2024-05-03T18:37:31","date_gmt":"2024-05-03T16:37:31","guid":{"rendered":"https:\/\/www.elvesport.com\/?post_type=product&#038;p=266279"},"modified":"2025-01-10T11:46:20","modified_gmt":"2025-01-10T10:46:20","slug":"zatepleny-nakrcnik-sk-tomasov","status":"publish","type":"product","link":"https:\/\/www.elvesport.com\/it\/zatepleny-nakrcnik-sk-tomasov\/","title":{"rendered":"ZATEPLEN\u00dd N\u00c1KR\u010cN\u00cdK \u0160K TOM\u00c1\u0160OV"},"content":{"rendered":"","protected":false},"excerpt":{"rendered":"","protected":false},"featured_media":266262,"comment_status":"closed","ping_status":"closed","template":"","meta":{"_acf_changed":false},"product_brand":[],"product_cat":[3099],"product_tag":[],"class_list":{"0":"post-266279","1":"product","2":"type-product","3":"status-publish","4":"has-post-thumbnail","6":"product_cat-sk-tomasov","8":"first","9":"instock","10":"taxable","11":"shipping-taxable","12":"purchasable","13":"product-type-simple"},"acf":[],"_links":{"self":[{"href":"https:\/\/www.elvesport.com\/it\/wp-json\/wp\/v2\/product\/266279","targetHints":{"allow":["GET"]}}],"collection":[{"href":"https:\/\/www.elvesport.com\/it\/wp-json\/wp\/v2\/product"}],"about":[{"href":"https:\/\/www.elvesport.com\/it\/wp-json\/wp\/v2\/types\/product"}],"replies":[{"embeddable":true,"href":"https:\/\/www.elvesport.com\/it\/wp-json\/wp\/v2\/comments?post=266279"}],"version-history":[{"count":1,"href":"https:\/\/www.elvesport.com\/it\/wp-json\/wp\/v2\/product\/266279\/revisions"}],"predecessor-version":[{"id":266280,"href":"https:\/\/www.elvesport.com\/it\/wp-json\/wp\/v2\/product\/266279\/revisions\/266280"}],"wp:featuredmedia":[{"embeddable":true,"href":"https:\/\/www.elvesport.com\/it\/wp-json\/wp\/v2\/media\/266262"}],"wp:attachment":[{"href":"https:\/\/www.elvesport.com\/it\/wp-json\/wp\/v2\/media?parent=266279"}],"wp:term":[{"taxonomy":"product_brand","embeddable":true,"href":"https:\/\/www.elvesport.com\/it\/wp-json\/wp\/v2\/product_brand?post=266279"},{"taxonomy":"product_cat","embeddable":true,"href":"https:\/\/www.elvesport.com\/it\/wp-json\/wp\/v2\/product_cat?post=266279"},{"taxonomy":"product_tag","embeddable":true,"href":"https:\/\/www.elvesport.com\/it\/wp-json\/wp\/v2\/product_tag?post=266279"}],"curies":[{"name":"wp","href":"https:\/\/api.w.org\/{rel}","templated":true}]}}