{"id":266810,"date":"2024-05-23T09:55:17","date_gmt":"2024-05-23T07:55:17","guid":{"rendered":"https:\/\/www.elvesport.com\/?post_type=product&#038;p=266810"},"modified":"2025-01-10T11:52:27","modified_gmt":"2025-01-10T10:52:27","slug":"latkovy-sal-fk-inter-bratislava","status":"publish","type":"product","link":"https:\/\/www.elvesport.com\/it\/latkovy-sal-fk-inter-bratislava\/","title":{"rendered":"L\u00c1TKOV\u00dd \u0160\u00c1L FK INTER BRATISLAVA"},"content":{"rendered":"","protected":false},"excerpt":{"rendered":"","protected":false},"featured_media":266762,"comment_status":"closed","ping_status":"closed","template":"","meta":{"_acf_changed":false},"product_brand":[],"product_cat":[3105],"product_tag":[],"class_list":{"0":"post-266810","1":"product","2":"type-product","3":"status-publish","4":"has-post-thumbnail","6":"product_cat-fk-inter-bratislava","8":"first","9":"instock","10":"taxable","11":"shipping-taxable","12":"purchasable","13":"product-type-simple"},"acf":[],"_links":{"self":[{"href":"https:\/\/www.elvesport.com\/it\/wp-json\/wp\/v2\/product\/266810","targetHints":{"allow":["GET"]}}],"collection":[{"href":"https:\/\/www.elvesport.com\/it\/wp-json\/wp\/v2\/product"}],"about":[{"href":"https:\/\/www.elvesport.com\/it\/wp-json\/wp\/v2\/types\/product"}],"replies":[{"embeddable":true,"href":"https:\/\/www.elvesport.com\/it\/wp-json\/wp\/v2\/comments?post=266810"}],"version-history":[{"count":2,"href":"https:\/\/www.elvesport.com\/it\/wp-json\/wp\/v2\/product\/266810\/revisions"}],"predecessor-version":[{"id":266813,"href":"https:\/\/www.elvesport.com\/it\/wp-json\/wp\/v2\/product\/266810\/revisions\/266813"}],"wp:featuredmedia":[{"embeddable":true,"href":"https:\/\/www.elvesport.com\/it\/wp-json\/wp\/v2\/media\/266762"}],"wp:attachment":[{"href":"https:\/\/www.elvesport.com\/it\/wp-json\/wp\/v2\/media?parent=266810"}],"wp:term":[{"taxonomy":"product_brand","embeddable":true,"href":"https:\/\/www.elvesport.com\/it\/wp-json\/wp\/v2\/product_brand?post=266810"},{"taxonomy":"product_cat","embeddable":true,"href":"https:\/\/www.elvesport.com\/it\/wp-json\/wp\/v2\/product_cat?post=266810"},{"taxonomy":"product_tag","embeddable":true,"href":"https:\/\/www.elvesport.com\/it\/wp-json\/wp\/v2\/product_tag?post=266810"}],"curies":[{"name":"wp","href":"https:\/\/api.w.org\/{rel}","templated":true}]}}