{"id":267005,"date":"2024-08-12T10:30:17","date_gmt":"2024-08-12T08:30:17","guid":{"rendered":"https:\/\/www.elvesport.com\/?post_type=product&#038;p=267005"},"modified":"2024-08-12T10:30:18","modified_gmt":"2024-08-12T08:30:18","slug":"dres-domaci-fk-inter-bratislava","status":"publish","type":"product","link":"https:\/\/www.elvesport.com\/it\/dres-domaci-fk-inter-bratislava\/","title":{"rendered":"DRES DOM\u00c1CI FK INTER BRATISLAVA 24\/25"},"content":{"rendered":"<p><b>Origin\u00e1lny dres FK INTER BRATISLAVA\u00a0<\/b><\/p>\n<ul>\n<li>VE\u013dKOS\u0164\u00a0<strong>3YXS<\/strong>\u00a0prin\u00e1le\u017e\u00ed 3 a\u017e 4 ro\u010dn\u00e9mu die\u0165a\u0165u<\/li>\n<li>VE\u013dKOS\u0164<strong>\u00a02YXS<\/strong>\u00a0prin\u00e1le\u017e\u00ed 5 a\u017e 6 ro\u010dn\u00e9mu die\u0165a\u0165u<\/li>\n<li>VE\u013dKOS\u0164\u00a0<strong>YXS<\/strong>\u00a0prin\u00e1le\u017e\u00ed 7 a\u017e 8 ro\u010dn\u00e9mu die\u0165a\u0165u<\/li>\n<li>VE\u013dKOS\u0164\u00a0<strong>XXS<\/strong>\u00a0prin\u00e1le\u017e\u00ed 9 a\u017e 11 ro\u010dn\u00e9mu die\u0165a\u0165u<\/li>\n<li>VE\u013dKOS\u0164\u00a0<strong>XS<\/strong>\u00a0prisl\u00facha 12 + ro\u010dn\u00e9mu die\u0165a\u0165u<\/li>\n<\/ul>\n","protected":false},"excerpt":{"rendered":"<p><b>Origin\u00e1lny dom\u00e1ci dres FK INTER BRATISLAVA.<\/b><\/p>\n","protected":false},"featured_media":268754,"comment_status":"closed","ping_status":"closed","template":"","meta":{"_acf_changed":false},"product_brand":[],"product_cat":[3105],"product_tag":[],"class_list":{"0":"post-267005","1":"product","2":"type-product","3":"status-publish","4":"has-post-thumbnail","6":"product_cat-fk-inter-bratislava","7":"pa_color-zlta_cierna","8":"pa_size-0-3-mes","9":"pa_size-3-6-mes","10":"pa_size-6-12-mes","11":"pa_size-1-2-roky","12":"pa_size-2-4-roky","13":"pa_size-3yxs","14":"pa_size-2yxs","15":"pa_size-yxs","16":"pa_size-xxs","17":"pa_size-xs","18":"pa_size-s","19":"pa_size-m","20":"pa_size-l","21":"pa_size-xl","22":"pa_size-2xl","23":"pa_size-3xl","24":"pa_size-4xl","26":"first","27":"instock","28":"taxable","29":"shipping-taxable","30":"purchasable","31":"product-type-variable"},"acf":[],"_links":{"self":[{"href":"https:\/\/www.elvesport.com\/it\/wp-json\/wp\/v2\/product\/267005","targetHints":{"allow":["GET"]}}],"collection":[{"href":"https:\/\/www.elvesport.com\/it\/wp-json\/wp\/v2\/product"}],"about":[{"href":"https:\/\/www.elvesport.com\/it\/wp-json\/wp\/v2\/types\/product"}],"replies":[{"embeddable":true,"href":"https:\/\/www.elvesport.com\/it\/wp-json\/wp\/v2\/comments?post=267005"}],"version-history":[{"count":3,"href":"https:\/\/www.elvesport.com\/it\/wp-json\/wp\/v2\/product\/267005\/revisions"}],"predecessor-version":[{"id":268778,"href":"https:\/\/www.elvesport.com\/it\/wp-json\/wp\/v2\/product\/267005\/revisions\/268778"}],"wp:featuredmedia":[{"embeddable":true,"href":"https:\/\/www.elvesport.com\/it\/wp-json\/wp\/v2\/media\/268754"}],"wp:attachment":[{"href":"https:\/\/www.elvesport.com\/it\/wp-json\/wp\/v2\/media?parent=267005"}],"wp:term":[{"taxonomy":"product_brand","embeddable":true,"href":"https:\/\/www.elvesport.com\/it\/wp-json\/wp\/v2\/product_brand?post=267005"},{"taxonomy":"product_cat","embeddable":true,"href":"https:\/\/www.elvesport.com\/it\/wp-json\/wp\/v2\/product_cat?post=267005"},{"taxonomy":"product_tag","embeddable":true,"href":"https:\/\/www.elvesport.com\/it\/wp-json\/wp\/v2\/product_tag?post=267005"}],"curies":[{"name":"wp","href":"https:\/\/api.w.org\/{rel}","templated":true}]}}