{"id":267033,"date":"2024-05-23T15:58:13","date_gmt":"2024-05-23T13:58:13","guid":{"rendered":"https:\/\/www.elvesport.com\/?post_type=product&#038;p=267033"},"modified":"2025-09-19T13:29:57","modified_gmt":"2025-09-19T11:29:57","slug":"tricko-vitazi-23-24-fk-inter-bratislava","status":"publish","type":"product","link":"https:\/\/www.elvesport.com\/it\/tricko-vitazi-23-24-fk-inter-bratislava\/","title":{"rendered":"TRI\u010cKO V\u00cd\u0164AZI 23\/24 FK INTER BRATISLAVA"},"content":{"rendered":"","protected":false},"excerpt":{"rendered":"<p>Bavlnen\u00e9 tri\u010dko FK INTER BRATISLAVA. V grafike sa nach\u00e1dzaj\u00fa men\u00e1 v\u0161etk\u00fdch hr\u00e1\u010dov a realiza\u010dn\u00e9ho t\u00edmu, ktor\u00ed boli pri v\u00ed\u0165azstve v 4. lige BFZ v tejto sez\u00f3ne.<\/p>\n","protected":false},"featured_media":266741,"comment_status":"closed","ping_status":"closed","template":"","meta":{"_acf_changed":false},"product_brand":[],"product_cat":[3105],"product_tag":[],"class_list":{"0":"post-267033","1":"product","2":"type-product","3":"status-publish","4":"has-post-thumbnail","6":"product_cat-fk-inter-bratislava","7":"pa_color-cierna","8":"pa_size-3yxs","9":"pa_size-2yxs","10":"pa_size-yxs","11":"pa_size-xxs","12":"pa_size-xs","13":"pa_size-s","14":"pa_size-m","15":"pa_size-l","16":"pa_size-xl","17":"pa_size-2xl","18":"pa_size-3xl","19":"pa_size-4xl","21":"first","22":"instock","23":"sale","24":"taxable","25":"shipping-taxable","26":"purchasable","27":"product-type-variable"},"acf":[],"_links":{"self":[{"href":"https:\/\/www.elvesport.com\/it\/wp-json\/wp\/v2\/product\/267033","targetHints":{"allow":["GET"]}}],"collection":[{"href":"https:\/\/www.elvesport.com\/it\/wp-json\/wp\/v2\/product"}],"about":[{"href":"https:\/\/www.elvesport.com\/it\/wp-json\/wp\/v2\/types\/product"}],"replies":[{"embeddable":true,"href":"https:\/\/www.elvesport.com\/it\/wp-json\/wp\/v2\/comments?post=267033"}],"version-history":[{"count":3,"href":"https:\/\/www.elvesport.com\/it\/wp-json\/wp\/v2\/product\/267033\/revisions"}],"predecessor-version":[{"id":274265,"href":"https:\/\/www.elvesport.com\/it\/wp-json\/wp\/v2\/product\/267033\/revisions\/274265"}],"wp:featuredmedia":[{"embeddable":true,"href":"https:\/\/www.elvesport.com\/it\/wp-json\/wp\/v2\/media\/266741"}],"wp:attachment":[{"href":"https:\/\/www.elvesport.com\/it\/wp-json\/wp\/v2\/media?parent=267033"}],"wp:term":[{"taxonomy":"product_brand","embeddable":true,"href":"https:\/\/www.elvesport.com\/it\/wp-json\/wp\/v2\/product_brand?post=267033"},{"taxonomy":"product_cat","embeddable":true,"href":"https:\/\/www.elvesport.com\/it\/wp-json\/wp\/v2\/product_cat?post=267033"},{"taxonomy":"product_tag","embeddable":true,"href":"https:\/\/www.elvesport.com\/it\/wp-json\/wp\/v2\/product_tag?post=267033"}],"curies":[{"name":"wp","href":"https:\/\/api.w.org\/{rel}","templated":true}]}}