{"id":267597,"date":"2024-06-19T10:10:26","date_gmt":"2024-06-19T08:10:26","guid":{"rendered":"https:\/\/www.elvesport.com\/?post_type=product&#038;p=267597"},"modified":"2024-06-20T10:17:40","modified_gmt":"2024-06-20T08:17:40","slug":"calza-polyestere-zapasove-stucne-zelene-sk-tomasov","status":"publish","type":"product","link":"https:\/\/www.elvesport.com\/it\/calza-polyestere-zapasove-stucne-zelene-sk-tomasov\/","title":{"rendered":"CALZA POLYESTERE Z\u00c1PASOV\u00c9 \u0160TUCNE ZELEN\u00c9 \u0160K TOM\u00c1\u0160OV"},"content":{"rendered":"","protected":false},"excerpt":{"rendered":"<p><strong>Ve\u013ekosti:<\/strong><br \/>\nDETI:\u00a0 35\/38<br \/>\nJUNIOR:\u00a0 39\/41<br \/>\nDOSPEL\u00cd :\u00a0 42\/46<\/p>\n","protected":false},"featured_media":267598,"comment_status":"closed","ping_status":"closed","template":"","meta":{"_acf_changed":false},"product_brand":[],"product_cat":[3099],"product_tag":[],"class_list":{"0":"post-267597","1":"product","2":"type-product","3":"status-publish","4":"has-post-thumbnail","6":"product_cat-sk-tomasov","7":"pa_color-zelena","8":"pa_size-jr","9":"pa_size-sr","10":"pa_size-deti","12":"first","13":"instock","14":"taxable","15":"shipping-taxable","16":"purchasable","17":"product-type-variable"},"acf":[],"_links":{"self":[{"href":"https:\/\/www.elvesport.com\/it\/wp-json\/wp\/v2\/product\/267597","targetHints":{"allow":["GET"]}}],"collection":[{"href":"https:\/\/www.elvesport.com\/it\/wp-json\/wp\/v2\/product"}],"about":[{"href":"https:\/\/www.elvesport.com\/it\/wp-json\/wp\/v2\/types\/product"}],"replies":[{"embeddable":true,"href":"https:\/\/www.elvesport.com\/it\/wp-json\/wp\/v2\/comments?post=267597"}],"version-history":[{"count":3,"href":"https:\/\/www.elvesport.com\/it\/wp-json\/wp\/v2\/product\/267597\/revisions"}],"predecessor-version":[{"id":267607,"href":"https:\/\/www.elvesport.com\/it\/wp-json\/wp\/v2\/product\/267597\/revisions\/267607"}],"wp:featuredmedia":[{"embeddable":true,"href":"https:\/\/www.elvesport.com\/it\/wp-json\/wp\/v2\/media\/267598"}],"wp:attachment":[{"href":"https:\/\/www.elvesport.com\/it\/wp-json\/wp\/v2\/media?parent=267597"}],"wp:term":[{"taxonomy":"product_brand","embeddable":true,"href":"https:\/\/www.elvesport.com\/it\/wp-json\/wp\/v2\/product_brand?post=267597"},{"taxonomy":"product_cat","embeddable":true,"href":"https:\/\/www.elvesport.com\/it\/wp-json\/wp\/v2\/product_cat?post=267597"},{"taxonomy":"product_tag","embeddable":true,"href":"https:\/\/www.elvesport.com\/it\/wp-json\/wp\/v2\/product_tag?post=267597"}],"curies":[{"name":"wp","href":"https:\/\/api.w.org\/{rel}","templated":true}]}}