{"id":267890,"date":"2024-07-24T15:30:43","date_gmt":"2024-07-24T13:30:43","guid":{"rendered":"https:\/\/www.elvesport.com\/?post_type=product&#038;p=267890"},"modified":"2024-07-24T15:30:44","modified_gmt":"2024-07-24T13:30:44","slug":"reboots-go-lite-pants-2-0-regeneracne-nohavice","status":"publish","type":"product","link":"https:\/\/www.elvesport.com\/it\/reboots-go-lite-pants-2-0-regeneracne-nohavice\/","title":{"rendered":"REBOOTS GO LITE PANTS 2.0 regenera\u010dn\u00e9 nohavice"},"content":{"rendered":"<p><strong>Reboots Go Lite Pants 2.0 je najmen\u0161\u00ed a\u00a0naj\u013eah\u0161\u00ed produkt z\u00a0kateg\u00f3rie regenera\u010dn\u00fdch nohav\u00edc na trhu<\/strong>, ktor\u00fd prekr\u00fdva aj sedacie svaly \u2013 bez kompromisov a\u00a0absencie po\u017eadovan\u00e9ho v\u00fdkonu. Oproti svojmu kolegovi Reboots Go Lite je vybaven\u00fd prepracovan\u00fdm syst\u00e9mom prekr\u00fdvaj\u00facich sa kom\u00f4r presahuj\u00facich a\u017e cez sedacie svaly a\u00a0pon\u00faka tak mimoriadne k\u013azav\u00fa celoplo\u0161n\u00fa mas\u00e1\u017e n\u00f4h.<\/p>\n<p><strong>Nov\u00fd materi\u00e1l, karb\u00f3nov\u00fd dizajn nohav\u00edc a tri postrann\u00e9 zipsy\u00a0<\/strong>umo\u017e\u0148uj\u00face lep\u0161ie prisp\u00f4sobenie sa obvodov\u00fdm mieram n\u00f4h, robia z Reboots Go Lite Pants 2.0\u00a0<strong>l\u00eddra na trhu vo svojej kateg\u00f3rii<\/strong>. Go Lite Pants 2.0 m\u00e1 tie\u017e 4 vzduchov\u00e9 komory, ale ka\u017ed\u00e1 jedna z\u00a0nich sa sklad\u00e1 z\u00a0\u010fal\u0161\u00edch troch kom\u00f4r, \u010do umo\u017e\u0148uje e\u0161te efekt\u00edvnej\u0161iu mas\u00e1\u017e. Je jednoducho ovl\u00e1date\u013en\u00fd aj pomocou aplik\u00e1cie Reboots.<\/p>\n<p>V\u010faka\u00a0<strong>v\u00fddr\u017ei bat\u00e9rie a\u017e 1,5 hodiny a\u00a0s\u00a0hmotnos\u0165ou iba 4,2 kg<\/strong>\u00a0je dokonal\u00fdm a\u00a0praktick\u00fdm spolo\u010dn\u00edkom po\u010das relaxu priamo u\u00a0v\u00e1s doma. Ke\u010f\u017ee ide o\u00a0typ z\u00a0kateg\u00f3rie GO, ani tu nie ste odk\u00e1zan\u00ed na pripojenie na 220V.<\/p>\n<p>V\u010faka\u00a0<strong>7 r\u00f4znym programom<\/strong>je tu nie\u010do na ka\u017ed\u00fd de\u0148 \u2013 od pr\u00edjemn\u00e9ho uvo\u013enenia svalov a\u017e po intenz\u00edvnu mas\u00e1\u017e. Jednotliv\u00e9 komory mo\u017eno jednoducho deaktivova\u0165\u00a0 v\u00a0citliv\u00fdch oblastiach n\u00f4h. T\u00e1to funkcia sa d\u00e1 ovl\u00e1da\u0165 len cez aplik\u00e1ciu Reboots. Prostredn\u00edctvom\u00a0<strong>16 stup\u0148ov tlaku\u00a0<\/strong>si m\u00f4\u017eete vybra\u0165 medzi jemnou lymfodren\u00e1\u017eou a\u017e po intenz\u00edvnu mas\u00e1\u017e h\u013abkov\u00fdch svalov\u00a0<strong>s\u00a0maxim\u00e1lnym tlakom do 180mmHg<\/strong>.<\/p>\n<p><strong>Celoplo\u0161n\u00e1 kompresia pom\u00e1ha na\u0161im noh\u00e1m vo vysokej miere odstr\u00e1ni\u0165 nahromaden\u00e9 produkty metabolizmu po\u010das \u0161portovej aktivity, ktor\u00e9 negat\u00edvne ovplyv\u0148uj\u00fa regener\u00e1ciu. Vplyvom kompresie na unaven\u00e9 svaly zni\u017eujeme nap\u00e4tie, boles\u0165 svalov a\u00a0zvy\u0161ujeme mobilitu. \u010cast\u00fdm pou\u017e\u00edvan\u00edm Reboots v\u00fdrazne okysli\u010d\u00edme a\u00a0prekrv\u00edme organizmus ako celok a\u00a0pri dodr\u017eiavan\u00ed kvalitn\u00e9ho pitn\u00e9ho re\u017eimu docielime aj v\u00fdznamn\u00fd detoxika\u010dn\u00fd \u00fa\u010dinok.<\/strong><\/p>\n<p>&nbsp;<\/p>\n<h4><strong>Ve\u013ekos\u0165 UNI size \u2013 vn\u00fatorn\u00e1 d\u013a\u017eka nohy a\u017e do 99 cm.<\/strong><\/h4>\n","protected":false},"excerpt":{"rendered":"<p>Reboots Go Lite Pants 2.0 je najmen\u0161\u00ed a\u00a0naj\u013eah\u0161\u00ed produkt z\u00a0kateg\u00f3rie regenera\u010dn\u00fdch nohav\u00edc na trhu, ktor\u00fd prekr\u00fdva aj sedacie svaly \u2013<\/p>\n","protected":false},"featured_media":267891,"comment_status":"closed","ping_status":"closed","template":"","meta":{"_acf_changed":false},"product_brand":[],"product_cat":[3118],"product_tag":[],"class_list":{"0":"post-267890","1":"product","2":"type-product","3":"status-publish","4":"has-post-thumbnail","6":"product_cat-reboots","8":"first","9":"instock","10":"taxable","11":"shipping-taxable","12":"purchasable","13":"product-type-simple"},"acf":[],"_links":{"self":[{"href":"https:\/\/www.elvesport.com\/it\/wp-json\/wp\/v2\/product\/267890","targetHints":{"allow":["GET"]}}],"collection":[{"href":"https:\/\/www.elvesport.com\/it\/wp-json\/wp\/v2\/product"}],"about":[{"href":"https:\/\/www.elvesport.com\/it\/wp-json\/wp\/v2\/types\/product"}],"replies":[{"embeddable":true,"href":"https:\/\/www.elvesport.com\/it\/wp-json\/wp\/v2\/comments?post=267890"}],"version-history":[{"count":5,"href":"https:\/\/www.elvesport.com\/it\/wp-json\/wp\/v2\/product\/267890\/revisions"}],"predecessor-version":[{"id":267899,"href":"https:\/\/www.elvesport.com\/it\/wp-json\/wp\/v2\/product\/267890\/revisions\/267899"}],"wp:featuredmedia":[{"embeddable":true,"href":"https:\/\/www.elvesport.com\/it\/wp-json\/wp\/v2\/media\/267891"}],"wp:attachment":[{"href":"https:\/\/www.elvesport.com\/it\/wp-json\/wp\/v2\/media?parent=267890"}],"wp:term":[{"taxonomy":"product_brand","embeddable":true,"href":"https:\/\/www.elvesport.com\/it\/wp-json\/wp\/v2\/product_brand?post=267890"},{"taxonomy":"product_cat","embeddable":true,"href":"https:\/\/www.elvesport.com\/it\/wp-json\/wp\/v2\/product_cat?post=267890"},{"taxonomy":"product_tag","embeddable":true,"href":"https:\/\/www.elvesport.com\/it\/wp-json\/wp\/v2\/product_tag?post=267890"}],"curies":[{"name":"wp","href":"https:\/\/api.w.org\/{rel}","templated":true}]}}