{"id":267900,"date":"2024-07-24T15:31:00","date_gmt":"2024-07-24T13:31:00","guid":{"rendered":"https:\/\/www.elvesport.com\/?post_type=product&#038;p=267900"},"modified":"2024-07-24T15:31:01","modified_gmt":"2024-07-24T13:31:01","slug":"reboots-go-lite-regeneracne-nohavice","status":"publish","type":"product","link":"https:\/\/www.elvesport.com\/it\/reboots-go-lite-regeneracne-nohavice\/","title":{"rendered":"REBOOTS GO LITE regenera\u010dn\u00e9 nohavice"},"content":{"rendered":"<div class=\"c87 c88\"><strong>Reboots Go Lite je najmen\u0161ie a naj\u013eah\u0161ie zariadenie z kateg\u00f3rie regenera\u010dn\u00fdch nohav\u00edc na trhu<\/strong>\u00a0\u2013 bez kompromisov a\u00a0absencie po\u017eadovan\u00e9ho v\u00fdkonu. Je jednoducho ovl\u00e1date\u013en\u00fd aj pomocou aplik\u00e1cie Reboots.<\/div>\n<div class=\"c89\">\n<p>V\u010faka\u00a0<strong>v\u00fddr\u017ei bat\u00e9rie a\u017e 1,5 hodiny a\u00a0s\u00a0hmotnos\u0165ou iba 3,5 kg\u00a0<\/strong>je dokonal\u00fdm a\u00a0praktick\u00fdm spolo\u010dn\u00edkom po\u010das relaxu priamo u\u00a0v\u00e1s doma. Ke\u010f\u017ee ide o\u00a0typ z\u00a0kateg\u00f3rie GO, ani tu nie ste odk\u00e1zan\u00ed na pripojenie na 220V.<\/p>\n<p>Nohavice sa skladaj\u00fa\u00a0<strong>zo \u0161tyroch prekr\u00fdvaj\u00facich sa vzduchov\u00fdch kom\u00f4r<\/strong>, ktor\u00e9 pon\u00fakaj\u00fa mimoriadne k\u013azav\u00fa celoplo\u0161n\u00fa mas\u00e1\u017e n\u00f4h. V\u010faka\u00a0<strong>7 r\u00f4znym programom<\/strong>\u00a0je tu nie\u010do na ka\u017ed\u00fd de\u0148 \u2013 od pr\u00edjemn\u00e9ho uvo\u013enenia svalov a\u017e po intenz\u00edvnu mas\u00e1\u017e.<\/p>\n<p>Jednotliv\u00e9 komory mo\u017eno jednoducho deaktivova\u0165\u00a0 v\u00a0citliv\u00fdch oblastiach n\u00f4h. T\u00e1to funkcia sa d\u00e1 ovl\u00e1da\u0165 len cez aplik\u00e1ciu Reboots. Prostredn\u00edctvom\u00a0<strong>16 stup\u0148ov tlaku\u00a0<\/strong>si m\u00f4\u017eete vybra\u0165 medzi jemnou lymfodren\u00e1\u017eou a\u017e po intenz\u00edvnu mas\u00e1\u017e h\u013abkov\u00fdch svalov\u00a0<strong>s\u00a0maxim\u00e1lnym tlakom do 180mmHg.<\/strong><\/p>\n<p><strong>Celoplo\u0161n\u00e1 kompresia pom\u00e1ha na\u0161im noh\u00e1m vo vysokej miere odstr\u00e1ni\u0165 nahromaden\u00e9 produkty metabolizmu po\u010das \u0161portovej aktivity, ktor\u00e9 negat\u00edvne ovplyv\u0148uj\u00fa regener\u00e1ciu. Vplyvom kompresie na unaven\u00e9 svaly zni\u017eujeme nap\u00e4tie, boles\u0165 svalov a\u00a0zvy\u0161ujeme mobilitu. \u010cast\u00fdm pou\u017e\u00edvan\u00edm Reboots v\u00fdrazne okysli\u010d\u00edme a\u00a0prekrv\u00edme organizmus ako celok a\u00a0pri dodr\u017eiavan\u00ed kvalitn\u00e9ho pitn\u00e9ho re\u017eimu docielime aj v\u00fdznamn\u00fd detoxika\u010dn\u00fd \u00fa\u010dinok.<\/strong><\/p>\n<\/div>\n","protected":false},"excerpt":{"rendered":"<h3><strong>VE\u013dKOSTI NOHAV\u00cdC<\/strong><\/h3>\n<p><strong>M<\/strong>\u00a0(vn\u00fatorn\u00e1 d\u013a\u017eka nohy do 82 cm)<br \/>\n<strong>L<\/strong>\u00a0(vn\u00fatorn\u00e1 d\u013a\u017eka nohy 82 cm \u2013 88 cm)<br \/>\n<strong>XL<\/strong>\u00a0(vn\u00fatorn\u00e1 d\u013a\u017eka nohy od \u00a089 cm)<\/p>\n","protected":false},"featured_media":267904,"comment_status":"closed","ping_status":"closed","template":"","meta":{"_acf_changed":false},"product_brand":[],"product_cat":[3118],"product_tag":[],"class_list":{"0":"post-267900","1":"product","2":"type-product","3":"status-publish","4":"has-post-thumbnail","6":"product_cat-reboots","7":"pa_size-m","8":"pa_size-l","9":"pa_size-xl","11":"first","12":"instock","13":"taxable","14":"shipping-taxable","15":"purchasable","16":"product-type-variable"},"acf":[],"_links":{"self":[{"href":"https:\/\/www.elvesport.com\/it\/wp-json\/wp\/v2\/product\/267900","targetHints":{"allow":["GET"]}}],"collection":[{"href":"https:\/\/www.elvesport.com\/it\/wp-json\/wp\/v2\/product"}],"about":[{"href":"https:\/\/www.elvesport.com\/it\/wp-json\/wp\/v2\/types\/product"}],"replies":[{"embeddable":true,"href":"https:\/\/www.elvesport.com\/it\/wp-json\/wp\/v2\/comments?post=267900"}],"version-history":[{"count":1,"href":"https:\/\/www.elvesport.com\/it\/wp-json\/wp\/v2\/product\/267900\/revisions"}],"predecessor-version":[{"id":267906,"href":"https:\/\/www.elvesport.com\/it\/wp-json\/wp\/v2\/product\/267900\/revisions\/267906"}],"wp:featuredmedia":[{"embeddable":true,"href":"https:\/\/www.elvesport.com\/it\/wp-json\/wp\/v2\/media\/267904"}],"wp:attachment":[{"href":"https:\/\/www.elvesport.com\/it\/wp-json\/wp\/v2\/media?parent=267900"}],"wp:term":[{"taxonomy":"product_brand","embeddable":true,"href":"https:\/\/www.elvesport.com\/it\/wp-json\/wp\/v2\/product_brand?post=267900"},{"taxonomy":"product_cat","embeddable":true,"href":"https:\/\/www.elvesport.com\/it\/wp-json\/wp\/v2\/product_cat?post=267900"},{"taxonomy":"product_tag","embeddable":true,"href":"https:\/\/www.elvesport.com\/it\/wp-json\/wp\/v2\/product_tag?post=267900"}],"curies":[{"name":"wp","href":"https:\/\/api.w.org\/{rel}","templated":true}]}}