{"id":267908,"date":"2024-07-24T15:30:25","date_gmt":"2024-07-24T13:30:25","guid":{"rendered":"https:\/\/www.elvesport.com\/?post_type=product&#038;p=267908"},"modified":"2024-07-24T15:30:26","modified_gmt":"2024-07-24T13:30:26","slug":"reboots-one-pants-regeneracne-nohavice","status":"publish","type":"product","link":"https:\/\/www.elvesport.com\/it\/reboots-one-pants-regeneracne-nohavice\/","title":{"rendered":"REBOOTS ONE PANTS regenera\u010dn\u00e9 nohavice"},"content":{"rendered":"<p><strong>Reboots One Pants<\/strong>\u00a0pracuj\u00fa rovnako ako Reboots One s t\u00fdm rozdielom, \u017ee siedma a \u00f4sma komora pokr\u00fdvaj\u00fa aj sedacie svaly. T\u00fdm dosiahnete maxim\u00e1lny \u00a0regenera\u010dn\u00fd efekt na nohy a zadok.<\/p>\n<p><strong>Celoplo\u0161n\u00e1 kompresia pom\u00e1ha na\u0161im noh\u00e1m vo vysokej miere odstr\u00e1ni\u0165 nahromaden\u00e9 produkty metabolizmu po\u010das \u0161portovej aktivity, ktor\u00e9 negat\u00edvne ovplyv\u0148uj\u00fa regener\u00e1ciu. Vplyvom kompresie na unaven\u00e9 svaly zni\u017eujeme nap\u00e4tie, boles\u0165 svalov a\u00a0zvy\u0161ujeme mobilitu. \u010cast\u00fdm pou\u017e\u00edvan\u00edm Reboots v\u00fdrazne okysli\u010d\u00edme a\u00a0prekrv\u00edme organizmus ako celok a\u00a0pri dodr\u017eiavan\u00ed kvalitn\u00e9ho pitn\u00e9ho re\u017eimu docielime aj v\u00fdznamn\u00fd detoxika\u010dn\u00fd \u00fa\u010dinok.<\/strong><\/p>\n<p>&nbsp;<\/p>\n<p><strong>\u00a0<\/strong><\/p>\n","protected":false},"excerpt":{"rendered":"<p>K dispoz\u00edcii je jedna origin\u00e1lna ve\u013ekos\u0165 nohav\u00edc, ktor\u00e1 je vhodn\u00e1 pre \u013eud\u00ed s telesnou v\u00fd\u0161kou od 160cm \u2013 190cm.<\/p>\n","protected":false},"featured_media":267909,"comment_status":"closed","ping_status":"closed","template":"","meta":{"_acf_changed":false},"product_brand":[],"product_cat":[3118],"product_tag":[],"class_list":{"0":"post-267908","1":"product","2":"type-product","3":"status-publish","4":"has-post-thumbnail","6":"product_cat-reboots","8":"first","9":"instock","10":"taxable","11":"shipping-taxable","12":"purchasable","13":"product-type-simple"},"acf":[],"_links":{"self":[{"href":"https:\/\/www.elvesport.com\/it\/wp-json\/wp\/v2\/product\/267908","targetHints":{"allow":["GET"]}}],"collection":[{"href":"https:\/\/www.elvesport.com\/it\/wp-json\/wp\/v2\/product"}],"about":[{"href":"https:\/\/www.elvesport.com\/it\/wp-json\/wp\/v2\/types\/product"}],"replies":[{"embeddable":true,"href":"https:\/\/www.elvesport.com\/it\/wp-json\/wp\/v2\/comments?post=267908"}],"version-history":[{"count":2,"href":"https:\/\/www.elvesport.com\/it\/wp-json\/wp\/v2\/product\/267908\/revisions"}],"predecessor-version":[{"id":267913,"href":"https:\/\/www.elvesport.com\/it\/wp-json\/wp\/v2\/product\/267908\/revisions\/267913"}],"wp:featuredmedia":[{"embeddable":true,"href":"https:\/\/www.elvesport.com\/it\/wp-json\/wp\/v2\/media\/267909"}],"wp:attachment":[{"href":"https:\/\/www.elvesport.com\/it\/wp-json\/wp\/v2\/media?parent=267908"}],"wp:term":[{"taxonomy":"product_brand","embeddable":true,"href":"https:\/\/www.elvesport.com\/it\/wp-json\/wp\/v2\/product_brand?post=267908"},{"taxonomy":"product_cat","embeddable":true,"href":"https:\/\/www.elvesport.com\/it\/wp-json\/wp\/v2\/product_cat?post=267908"},{"taxonomy":"product_tag","embeddable":true,"href":"https:\/\/www.elvesport.com\/it\/wp-json\/wp\/v2\/product_tag?post=267908"}],"curies":[{"name":"wp","href":"https:\/\/api.w.org\/{rel}","templated":true}]}}