{"id":267951,"date":"2024-07-24T15:28:46","date_gmt":"2024-07-24T13:28:46","guid":{"rendered":"https:\/\/www.elvesport.com\/?post_type=product&#038;p=267951"},"modified":"2024-07-24T15:28:46","modified_gmt":"2024-07-24T13:28:46","slug":"reboots-one-pro-pants-2-0-regeneracne-nohavice","status":"publish","type":"product","link":"https:\/\/www.elvesport.com\/it\/reboots-one-pro-pants-2-0-regeneracne-nohavice\/","title":{"rendered":"REBOOTS ONE PRO PANTS 2.0 regenera\u010dn\u00e9 nohavice"},"content":{"rendered":"<p><strong>Reboots One Pro Pants 2.0\u00a0\u00a0<\/strong><strong>je produktov\u00fd nov\u00e1\u010dik v\u00a0na\u0161om portf\u00f3liu a\u00a0ozna\u010dujeme ho za vlajkov\u00fa lo\u010f Reboots.\u00a0<\/strong>Oproti ostatn\u00fdm typom pants, pokr\u00fdvaj\u00fa posledn\u00e9 tri komory aj sedacie svaly, \u010do prin\u00e1\u0161a vy\u0161\u0161\u00ed efekt regener\u00e1cie. One Pro Pants 2.0 je vybaven\u00fd prepracovan\u00fdm syst\u00e9mom 12 prekr\u00fdvaj\u00facich sa kom\u00f4r presahuj\u00facich a\u017e cez sedacie svaly a\u00a0pon\u00faka tak mimoriadne k\u013azav\u00fa celoplo\u0161n\u00fa mas\u00e1\u017e n\u00f4h.<\/p>\n<p><strong>Nov\u00fd materi\u00e1l, karb\u00f3nov\u00fd dizajn nohav\u00edc a\u00a0tri postrann\u00e9 zipsy<\/strong>\u00a0umo\u017e\u0148uj\u00face lep\u0161ie prisp\u00f4sobenie sa obvodov\u00fdm mieram n\u00f4h, robia z\u00a0<strong>Reboots One Pants 2.0\u00a0 l\u00eddra na trhu vo svojej kateg\u00f3rii<\/strong>. Je jednoducho\u00a0 ovl\u00e1date\u013en\u00fd prostredn\u00edctvom dotykov\u00e9ho displeja, ako aj pomocou mobilnej aplik\u00e1cie Reboots.<\/p>\n<p>Ako v\u0161etky typy One, aj One Pro Pants 2.0 je z\u00e1visl\u00fd na pripojenie na 220V. V\u010faka\u00a0<strong>8 r\u00f4znym programom je tu nie\u010do na ka\u017ed\u00fd de\u0148 \u2013 od pr\u00edjemn\u00e9ho uvo\u013enenia svalov a\u017e po intenz\u00edvnu mas\u00e1\u017e<\/strong>. Jednotliv\u00e9 komory mo\u017eno jednoducho deaktivova\u0165\u00a0 v\u00a0citliv\u00fdch oblastiach n\u00f4h. Jedn\u00fdm z\u00a0najv\u00e4\u010d\u0161\u00edch technologick\u00fdch benefitov tohto typu je, \u017ee si m\u00f4\u017eete\u00a0<strong>v\u00a0ka\u017edej komore nastavi\u0165 individu\u00e1lny tlak pod\u013ea va\u0161\u00edch potrieb<\/strong>. Prostredn\u00edctvom\u00a0<strong>24 stup\u0148ov tlaku\u00a0<\/strong>si m\u00f4\u017eete vybra\u0165 medzi jemnou lymfodren\u00e1\u017eou a\u017e po intenz\u00edvnu mas\u00e1\u017e h\u013abkov\u00fdch svalov s\u00a0maxim\u00e1lnym tlakom do 240 mmHg.<\/p>\n<p><strong>Celoplo\u0161n\u00e1 kompresia pom\u00e1ha na\u0161im noh\u00e1m vo vysokej miere odstr\u00e1ni\u0165 nahromaden\u00e9 produkty metabolizmu po\u010das \u0161portovej aktivity, ktor\u00e9 negat\u00edvne ovplyv\u0148uj\u00fa regener\u00e1ciu. Vplyvom kompresie na unaven\u00e9 svaly zni\u017eujeme nap\u00e4tie, boles\u0165 svalov a\u00a0zvy\u0161ujeme mobilitu. \u010cast\u00fdm pou\u017e\u00edvan\u00edm Reboots v\u00fdrazne okysli\u010d\u00edme a\u00a0prekrv\u00edme organizmus ako celok a\u00a0pri dodr\u017eiavan\u00ed kvalitn\u00e9ho pitn\u00e9ho re\u017eimu docielime aj v\u00fdznamn\u00fd detoxika\u010dn\u00fd \u00fa\u010dinok.<\/strong><\/p>\n<p>Reboots One Pro Pants 2.0 \u00a0je dokonal\u00fdm a\u00a0praktick\u00fdm spolo\u010dn\u00edkom po\u010das relaxu priamo u\u00a0v\u00e1s doma.<\/p>\n","protected":false},"excerpt":{"rendered":"<div class=\"et_pb_module et_pb_text et_pb_text_2 et_pb_text_align_left et_pb_bg_layout_light\">\n<div class=\"et_pb_text_inner\">\n<div class=\"c87 c88\">\n<h5><strong>Ve\u013ekos\u0165 UNI size \u2013 vn\u00fatorn\u00e1 d\u013a\u017eka nohy a\u017e do 99 cm.<\/strong><\/h5>\n<\/div>\n<\/div>\n<\/div>\n","protected":false},"featured_media":267952,"comment_status":"closed","ping_status":"closed","template":"","meta":{"_acf_changed":false},"product_brand":[],"product_cat":[3118],"product_tag":[],"class_list":{"0":"post-267951","1":"product","2":"type-product","3":"status-publish","4":"has-post-thumbnail","6":"product_cat-reboots","8":"first","9":"instock","10":"taxable","11":"shipping-taxable","12":"purchasable","13":"product-type-simple"},"acf":[],"_links":{"self":[{"href":"https:\/\/www.elvesport.com\/it\/wp-json\/wp\/v2\/product\/267951","targetHints":{"allow":["GET"]}}],"collection":[{"href":"https:\/\/www.elvesport.com\/it\/wp-json\/wp\/v2\/product"}],"about":[{"href":"https:\/\/www.elvesport.com\/it\/wp-json\/wp\/v2\/types\/product"}],"replies":[{"embeddable":true,"href":"https:\/\/www.elvesport.com\/it\/wp-json\/wp\/v2\/comments?post=267951"}],"version-history":[{"count":1,"href":"https:\/\/www.elvesport.com\/it\/wp-json\/wp\/v2\/product\/267951\/revisions"}],"predecessor-version":[{"id":267959,"href":"https:\/\/www.elvesport.com\/it\/wp-json\/wp\/v2\/product\/267951\/revisions\/267959"}],"wp:featuredmedia":[{"embeddable":true,"href":"https:\/\/www.elvesport.com\/it\/wp-json\/wp\/v2\/media\/267952"}],"wp:attachment":[{"href":"https:\/\/www.elvesport.com\/it\/wp-json\/wp\/v2\/media?parent=267951"}],"wp:term":[{"taxonomy":"product_brand","embeddable":true,"href":"https:\/\/www.elvesport.com\/it\/wp-json\/wp\/v2\/product_brand?post=267951"},{"taxonomy":"product_cat","embeddable":true,"href":"https:\/\/www.elvesport.com\/it\/wp-json\/wp\/v2\/product_cat?post=267951"},{"taxonomy":"product_tag","embeddable":true,"href":"https:\/\/www.elvesport.com\/it\/wp-json\/wp\/v2\/product_tag?post=267951"}],"curies":[{"name":"wp","href":"https:\/\/api.w.org\/{rel}","templated":true}]}}