{"id":267960,"date":"2024-07-24T15:29:11","date_gmt":"2024-07-24T13:29:11","guid":{"rendered":"https:\/\/www.elvesport.com\/?post_type=product&#038;p=267960"},"modified":"2024-07-24T15:29:12","modified_gmt":"2024-07-24T13:29:12","slug":"reboots-termo-navleky","status":"publish","type":"product","link":"https:\/\/www.elvesport.com\/it\/reboots-termo-navleky\/","title":{"rendered":"REBOOTS Termo n\u00e1vleky"},"content":{"rendered":"<p><strong>Thermo Sleeves (termo n\u00e1vleky) \u2013 \u00fa\u010dinky terapie teplom a\u00a0chladom<\/strong><\/p>\n<p>Vysok\u00e9 za\u0165a\u017eenie k\u013abov a\u00a0svalov vy\u017eaduje zv\u00fd\u0161en\u00fa regener\u00e1ciu po tr\u00e9ningu.<\/p>\n<p>Termo n\u00e1vleky s\u00fa vyroben\u00e9 z\u00a0kvalitnej g\u00e9lovej vlo\u017eky, z\u00a0m\u00e4kk\u00e9ho elastick\u00e9ho polyesteru. Predstavuj\u00fa cielen\u00fa a\u00a0efekt\u00edvnu terapiu pre bo\u013eav\u00e9 svaly a\u00a0k\u013aby, \u010d\u00edm prispievaj\u00fa k\u00a0ur\u00fdchleniu regener\u00e1cie, tlmeniu bolesti a zv\u00fd\u0161eniu pocitu pohodlia.<\/p>\n<p>Terapia teplom a\u00a0chladom s\u00a0vyu\u017eit\u00edm Reboots termo n\u00e1vlekov je obzvl\u00e1\u0161\u0165 ur\u010den\u00e1 pre tieto \u010dasti tela: \u010dlenky, l\u00fdtka, kolen\u00e1, stehn\u00e1, z\u00e1p\u00e4stia, predlaktia, lakte a\u00a0ramen\u00e1.<\/p>\n<p><strong>Terapia teplom<br \/>\n<\/strong>Teplo stimuluje krvn\u00fd obeh vo svaloch a\u00a0k\u013aboch. Aplik\u00e1cia tepla pomocou termo n\u00e1vlekov uvo\u013e\u0148uje svaly a\u00a0m\u00f4\u017ee tak pom\u00f4c\u0165 pri \u0165a\u017ekostiach s\u00favisiacich s\u00a0nap\u00e4t\u00edm vo svaloch. Okrem toho, teplo napom\u00e1ha regener\u00e1cii po tr\u00e9ningu, ale aj ako zahriatie svalov pred \u0161portovou aktivitou.<\/p>\n<p><strong>Terapia chladom<br \/>\n<\/strong>Kryoterapia m\u00e1 analgetick\u00fd (tlm\u00ed boles\u0165), antiflogistick\u00fd (protiz\u00e1palov\u00fd) a\u00a0uvo\u013e\u0148uj\u00faci \u00fa\u010dinok. Produkty kryoterapie \u00a0sa \u010dasto vyu\u017e\u00edvaj\u00fa na podporu regener\u00e1cie svalov\u00fdch a\u00a0k\u013abov\u00fdch \u0161trukt\u00far po zraneniach sprev\u00e1dzan\u00fdch boles\u0165ou a\u00a0opuchom. Terapia chladom spoma\u013euje krvn\u00fd obeh, \u010d\u00edm potl\u00e1\u010da boles\u0165 a\u00a0opuch.<\/p>\n<p><strong>Vlastnosti termo n\u00e1vlekov:<\/strong><\/p>\n<ul>\n<li><strong>Vysok\u00fd komfort pri nosen\u00ed<\/strong>: Pru\u017en\u00e9 a elastick\u00e9 termo n\u00e1vleky sa dokonale prisp\u00f4sobia tvaru v\u00e1\u0161ho tela a\u00a0s\u00fa\u00a0 ve\u013emi pr\u00edjemn\u00e9 na poko\u017eku.<\/li>\n<li><strong>360-stup\u0148ov\u00e1 terapia teplom alebo chladom<\/strong>: Poskytuje presne to, \u010do va\u0161e telo potrebuje, kedyko\u013evek a kdeko\u013evek.<\/li>\n<li><strong>Kompresia na mieste<\/strong>: Vyv\u00edjaj\u00fa miernu kompresiu na pr\u00edslu\u0161n\u00fa \u010das\u0165 tela a podporuj\u00fa tak \u00fa\u010dinok chladenia alebo tepla.<\/li>\n<li><strong>Optim\u00e1lny doplnok pre Reboots<\/strong>: Vylep\u0161uj\u00fa Reboots kompresn\u00fa mas\u00e1\u017e a dod\u00e1vaj\u00fa regener\u00e1cii nov\u00fd rozmer. Daj\u00fa sa ide\u00e1lne kombinova\u0165 s\u00a0Reboots Recovery Boots a\u00a0Pants, \u010d\u00edm sa e\u0161te zv\u00fd\u0161i \u00fa\u010dinnos\u0165 kompresnej mas\u00e1\u017ee.<\/li>\n<li><strong>\u00da\u010dinn\u00e1 regener\u00e1cia:<\/strong>\u00a0Pozit\u00edvny \u00fa\u010dinok terapie teplom a chladom pri regener\u00e1cii je potvrden\u00fd viacer\u00fdmi \u0161t\u00fadiami.<\/li>\n<li><strong>Kvalitn\u00e1 kon\u0161trukcia:<\/strong>\u00a0S\u00fa vyroben\u00e9 z\u00a0 opakovane pou\u017eite\u013enej g\u00e9lovej vlo\u017eky z m\u00e4kk\u00e9ho polyesteru, poskytuj\u00facej 360-stup\u0148ov\u00fa tepeln\u00fa\/chladov\u00fa terapiu, pri\u010dom sa flexibilne prisp\u00f4sobuj\u00fa \u010dasti tela.<\/li>\n<li><strong>Jednoduch\u00e1 \u00fadr\u017eba<\/strong>: Termo n\u00e1vleky s\u00fa proti\u0161mykov\u00e9 a\u00a0\u013eahko sa \u010distia, \u010d\u00edm zabezpe\u010duj\u00fa jednoduch\u00fa \u00fadr\u017ebu.<\/li>\n<\/ul>\n<p>&nbsp;<\/p>\n<p><strong>Pr\u00edprava na aplik\u00e1ciu termo n\u00e1vlekov<\/strong><\/p>\n<p>N\u00e1vleky m\u00f4\u017eete pou\u017e\u00edva\u0165 ako kryo terapiu alebo ako terapiu teplom. Pod\u013ea toho \u010do si vyberiete, priprav\u00edte si n\u00e1vleky n\u00e1sledovne:<\/p>\n<ol>\n<li><strong>Terapia chladom<\/strong>\u00a0\u2013 n\u00e1vleky uchov\u00e1vajte v chladni\u010dke alebo v mrazni\u010dke. Z\u00e1vis\u00ed na v\u00e1s, ak\u00fa intenzitu chladu chcete poci\u0165ova\u0165. N\u00e1vleky ani pri -20 stup\u0148och v mrazni\u010dke nestuhn\u00fa na kos\u0165, ale st\u00e1le si udr\u017eiavaj\u00fa svoje vlastnosti pru\u017enosti a elasticity. Zo sk\u00fasenost\u00ed m\u00f4\u017eeme potvrdi\u0165, \u017ee v\u00e4\u010d\u0161ina na\u0161ich z\u00e1kazn\u00edkov ich m\u00e1 po cel\u00fa dobu v mrazni\u010dke. Pred aplik\u00e1ciou ich vytiahnite z mrazni\u010dky a navle\u010dte si ich priamo na poko\u017eku alebo na nejak\u00fd kus odevu. Kryo efekt trv\u00e1 pribli\u017ene 20 min\u00fat a n\u00e1sledne sa za\u010dn\u00fa vplyvom telesn\u00e9ho tepla otep\u013eova\u0165.<\/li>\n<li><strong>Terapia teplom<\/strong>\u00a0\u2013 podobne ako pri ochladzovan\u00ed n\u00e1vlekov postupujeme aj pri zahrievan\u00ed. Na zohrievanie m\u00f4\u017eete pou\u017ei\u0165 mikrovlnn\u00fa r\u00faru, elektrick\u00fa r\u00faru alebo ich m\u00f4\u017eete ponori\u0165 v s\u00e1\u010dku do hor\u00facej vody. Pri poslednej forme zohrievania nedoporu\u010dujeme aby voda vrela, tak\u017ee si to mus\u00edte str\u00e1\u017ei\u0165. \u010co sa t\u00fdka zohrievania v mikrovlnke resp. v r\u00fare, doporu\u010dujeme si to najsk\u00f4r opatrne otestova\u0165, ke\u010f\u017ee intenzita a parametre t\u00fdchto spotrebi\u010dov sa od seba pomerne dos\u0165 l\u00ed\u0161ia a preto neexistuje presn\u00fd n\u00e1vod ako dlho a pri akej intenzite zohrievame n\u00e1vleky. Pri mikrovlnke za\u010d\u00edname na 50% intenzity po\u010das 30 sek\u00fand. Otestujeme ich a ke\u010f n\u00e1m vyhovuje teplota, aplikujeme ich, a ke\u010f e\u0161te nie, pokra\u010dujeme v zahrievan\u00ed \u010falej. Efekt trv\u00e1 pribli\u017ene 20 min\u00fat a n\u00e1sledne sa za\u010dn\u00fa ochladzova\u0165.<\/li>\n<\/ol>\n<p>&nbsp;<\/p>\n<p><strong>S<\/strong>\u00a0<strong>troma dostupn\u00fdmi ve\u013ekos\u0165ami (S\/ M\/ L)<\/strong>\u00a0zaru\u010duj\u00fa pohodln\u00fa aplik\u00e1ciu. Termo n\u00e1vleky sa ve\u013emi jednoducho zahrievaj\u00fa alebo chladia, zahrieva\u0165 ich m\u00f4\u017eete v mikrovlnke alebo r\u00fare, chladi\u0165 v\u00a0chladni\u010dke alebo najlep\u0161ie v\u00a0mrazni\u010dke.<\/p>\n","protected":false},"excerpt":{"rendered":"<p><strong>VE\u013dKOSTN\u00c1 TABU\u013dKA<\/strong><strong>\u00a0\u00a0\u00a0\u00a0\u00a0\u00a0\u00a0\u00a0\u00a0\u00a0\u00a0\u00a0\u00a0\u00a0\u00a0\u00a0\u00a0\u00a0\u00a0\u00a0\u00a0\u00a0\u00a0\u00a0\u00a0\u00a0\u00a0\u00a0\u00a0\u00a0<\/strong><\/p>\n<table border=\"1\">\n<tbody>\n<tr>\n<td><\/td>\n<td><strong>S<\/strong><\/td>\n<td><strong>M<\/strong><\/td>\n<td><strong>L<\/strong><\/td>\n<\/tr>\n<tr>\n<td><strong>Rozmery<\/strong><\/td>\n<td>d\u013a\u017eka 26cm x 23cm obvod<\/td>\n<td>d\u013a\u017eka 26cm x 33cm obvod<\/td>\n<td>d\u013a\u017eka 26cm x 53cm obvod<\/td>\n<\/tr>\n<tr>\n<td><strong>Vhodn\u00fd obvod<\/strong><\/td>\n<td>26 \u2013 35cm<\/td>\n<td>35 \u2013 50cm<\/td>\n<td>50 \u2013 65cm<\/td>\n<\/tr>\n<\/tbody>\n<\/table>\n","protected":false},"featured_media":267997,"comment_status":"closed","ping_status":"closed","template":"","meta":{"_acf_changed":false},"product_brand":[],"product_cat":[3118],"product_tag":[],"class_list":{"0":"post-267960","1":"product","2":"type-product","3":"status-publish","4":"has-post-thumbnail","6":"product_cat-reboots","7":"pa_size-s","8":"pa_size-m","9":"pa_size-l","11":"first","12":"instock","13":"taxable","14":"shipping-taxable","15":"purchasable","16":"product-type-variable"},"acf":[],"_links":{"self":[{"href":"https:\/\/www.elvesport.com\/it\/wp-json\/wp\/v2\/product\/267960","targetHints":{"allow":["GET"]}}],"collection":[{"href":"https:\/\/www.elvesport.com\/it\/wp-json\/wp\/v2\/product"}],"about":[{"href":"https:\/\/www.elvesport.com\/it\/wp-json\/wp\/v2\/types\/product"}],"replies":[{"embeddable":true,"href":"https:\/\/www.elvesport.com\/it\/wp-json\/wp\/v2\/comments?post=267960"}],"version-history":[{"count":1,"href":"https:\/\/www.elvesport.com\/it\/wp-json\/wp\/v2\/product\/267960\/revisions"}],"predecessor-version":[{"id":267973,"href":"https:\/\/www.elvesport.com\/it\/wp-json\/wp\/v2\/product\/267960\/revisions\/267973"}],"wp:featuredmedia":[{"embeddable":true,"href":"https:\/\/www.elvesport.com\/it\/wp-json\/wp\/v2\/media\/267997"}],"wp:attachment":[{"href":"https:\/\/www.elvesport.com\/it\/wp-json\/wp\/v2\/media?parent=267960"}],"wp:term":[{"taxonomy":"product_brand","embeddable":true,"href":"https:\/\/www.elvesport.com\/it\/wp-json\/wp\/v2\/product_brand?post=267960"},{"taxonomy":"product_cat","embeddable":true,"href":"https:\/\/www.elvesport.com\/it\/wp-json\/wp\/v2\/product_cat?post=267960"},{"taxonomy":"product_tag","embeddable":true,"href":"https:\/\/www.elvesport.com\/it\/wp-json\/wp\/v2\/product_tag?post=267960"}],"curies":[{"name":"wp","href":"https:\/\/api.w.org\/{rel}","templated":true}]}}