{"id":268200,"date":"2025-10-16T16:30:16","date_gmt":"2025-10-16T14:30:16","guid":{"rendered":"https:\/\/www.elvesport.com\/?post_type=product&#038;p=268200"},"modified":"2025-11-07T14:55:13","modified_gmt":"2025-11-07T13:55:13","slug":"coskoro-v-predaji-zapasovy-dres-domaci-hostia-sbl-patrioti-levice-2024-25","status":"publish","type":"product","link":"https:\/\/www.elvesport.com\/it\/coskoro-v-predaji-zapasovy-dres-domaci-hostia-sbl-patrioti-levice-2024-25\/","title":{"rendered":"Z\u00c1PASOV\u00dd \/ FAN DRES SBL PATRIOTI 25\/26 DOM\u00c1CI"},"content":{"rendered":"<h2><strong>Dom\u00e1ci dres Patriotov pre Tipos SBL, ktor\u00fd jeho zlat\u00fdmi doplnkami reprezentuje \u00faspechy z posledn\u00fdch sez\u00f3n na dom\u00e1cej sc\u00e9ne.<\/strong><\/h2>\n<h4>DVE VARIANTY VYHOTOVENIA DRESOV:<\/h4>\n<h3>1. Origin\u00e1lny z\u00e1pasov\u00fd dres<\/h3>\n<p>Tento dres je vernou k\u00f3piou t\u00fdch, ktor\u00e9 nosia hr\u00e1\u010di na palubovke. Na bokoch dresu priedu\u0161n\u00e9 \u010dasti, strih prispo\u00f4soben\u00fd t\u00fdm najvy\u0161\u0161\u00edm po\u017eiadavk\u00e1m. Vyroben\u00fd z kvalitn\u00fdch, priedu\u0161n\u00fdch materi\u00e1lov, ktor\u00e9 zaru\u010duj\u00fa maxim\u00e1lnu pohyblivos\u0165 a komfort po\u010das hry. Origin\u00e1lny dres si m\u00f4\u017ete presonalizova\u0165 menom a \u010d\u00edslom. Perfektn\u00fd pre tr\u00e9ningy aj z\u00e1pasy!<\/p>\n<h3>2. Fan\u00fa\u0161ikovsk\u00fd dres<\/h3>\n<p>Replika z\u00e1pasov\u00e9 dresu. Tento dres je navrhnut\u00fd pre v\u0161etk\u00fdch zanieten\u00fdch fan\u00fa\u0161ikov basketbalov\u00e9ho klubu Patrioti Levice. Jeho modern\u00fd dizajn a pohodln\u00fd materi\u00e1l zabezpe\u010duj\u00fa, \u017ee sa v \u0148om budete c\u00edti\u0165 skvele, \u010di u\u017e na z\u00e1pase, alebo vo vo\u013enom \u010dase.<\/p>\n<p>&nbsp;<\/p>\n<p>&nbsp;<\/p>\n","protected":false},"excerpt":{"rendered":"<p>Dom\u00e1ci dres Patriotov pre Tipos SBL, ktor\u00fd jeho zlat\u00fdmi doplnkami reprezentuje \u00faspechy z posledn\u00fdch sez\u00f3n na dom\u00e1cej sc\u00e9ne. DVE VARIANTY<\/p>\n","protected":false},"featured_media":301512,"comment_status":"closed","ping_status":"closed","template":"","meta":{"_acf_changed":false},"product_brand":[],"product_cat":[2610],"product_tag":[],"class_list":{"0":"post-268200","1":"product","2":"type-product","3":"status-publish","4":"has-post-thumbnail","6":"product_cat-bk-patrioti-levice","7":"pa_color-biela-zlata","8":"pa_material-100-poliester","9":"pa_size-1-2-roky","10":"pa_size-2-4-roky","11":"pa_size-3yxs","12":"pa_size-2yxs","13":"pa_size-yxs","14":"pa_size-xxs","15":"pa_size-xs","16":"pa_size-s","17":"pa_size-m","18":"pa_size-l","19":"pa_size-xl","20":"pa_size-2xl","21":"pa_size-3xl","22":"pa_size-4xl","23":"pa_znacka-elve","25":"first","26":"instock","27":"taxable","28":"shipping-taxable","29":"purchasable","30":"product-type-variable"},"acf":[],"_links":{"self":[{"href":"https:\/\/www.elvesport.com\/it\/wp-json\/wp\/v2\/product\/268200","targetHints":{"allow":["GET"]}}],"collection":[{"href":"https:\/\/www.elvesport.com\/it\/wp-json\/wp\/v2\/product"}],"about":[{"href":"https:\/\/www.elvesport.com\/it\/wp-json\/wp\/v2\/types\/product"}],"replies":[{"embeddable":true,"href":"https:\/\/www.elvesport.com\/it\/wp-json\/wp\/v2\/comments?post=268200"}],"version-history":[{"count":13,"href":"https:\/\/www.elvesport.com\/it\/wp-json\/wp\/v2\/product\/268200\/revisions"}],"predecessor-version":[{"id":301308,"href":"https:\/\/www.elvesport.com\/it\/wp-json\/wp\/v2\/product\/268200\/revisions\/301308"}],"wp:featuredmedia":[{"embeddable":true,"href":"https:\/\/www.elvesport.com\/it\/wp-json\/wp\/v2\/media\/301512"}],"wp:attachment":[{"href":"https:\/\/www.elvesport.com\/it\/wp-json\/wp\/v2\/media?parent=268200"}],"wp:term":[{"taxonomy":"product_brand","embeddable":true,"href":"https:\/\/www.elvesport.com\/it\/wp-json\/wp\/v2\/product_brand?post=268200"},{"taxonomy":"product_cat","embeddable":true,"href":"https:\/\/www.elvesport.com\/it\/wp-json\/wp\/v2\/product_cat?post=268200"},{"taxonomy":"product_tag","embeddable":true,"href":"https:\/\/www.elvesport.com\/it\/wp-json\/wp\/v2\/product_tag?post=268200"}],"curies":[{"name":"wp","href":"https:\/\/api.w.org\/{rel}","templated":true}]}}