{"id":268429,"date":"2024-07-31T10:53:24","date_gmt":"2024-07-31T08:53:24","guid":{"rendered":"https:\/\/www.elvesport.com\/?post_type=product&#038;p=268429"},"modified":"2024-07-31T18:43:22","modified_gmt":"2024-07-31T16:43:22","slug":"damske-saty-patrioti-levice-24","status":"publish","type":"product","link":"https:\/\/www.elvesport.com\/it\/damske-saty-patrioti-levice-24\/","title":{"rendered":"D\u00c1MSKE \u0160ATY PATRIOTI LEVICE 24"},"content":{"rendered":"","protected":false},"excerpt":{"rendered":"<p>Modelka na fotk\u00e1ch je 163cm vysok\u00e1 a mala na sebe oble\u010den\u00fa ve\u013ekos\u0165 S.<\/p>\n","protected":false},"featured_media":268438,"comment_status":"closed","ping_status":"closed","template":"","meta":{"_acf_changed":false},"product_brand":[],"product_cat":[2610],"product_tag":[],"class_list":{"0":"post-268429","1":"product","2":"type-product","3":"status-publish","4":"has-post-thumbnail","6":"product_cat-bk-patrioti-levice","7":"pa_color-cierna","8":"pa_size-xs","9":"pa_size-s","10":"pa_size-m","11":"pa_size-l","12":"pa_size-xl","13":"pa_size-2xl","14":"pa_size-3xl","15":"pa_size-4xl","16":"pa_size-5xl","18":"first","19":"instock","20":"taxable","21":"shipping-taxable","22":"purchasable","23":"product-type-variable"},"acf":[],"_links":{"self":[{"href":"https:\/\/www.elvesport.com\/it\/wp-json\/wp\/v2\/product\/268429","targetHints":{"allow":["GET"]}}],"collection":[{"href":"https:\/\/www.elvesport.com\/it\/wp-json\/wp\/v2\/product"}],"about":[{"href":"https:\/\/www.elvesport.com\/it\/wp-json\/wp\/v2\/types\/product"}],"replies":[{"embeddable":true,"href":"https:\/\/www.elvesport.com\/it\/wp-json\/wp\/v2\/comments?post=268429"}],"version-history":[{"count":4,"href":"https:\/\/www.elvesport.com\/it\/wp-json\/wp\/v2\/product\/268429\/revisions"}],"predecessor-version":[{"id":268580,"href":"https:\/\/www.elvesport.com\/it\/wp-json\/wp\/v2\/product\/268429\/revisions\/268580"}],"wp:featuredmedia":[{"embeddable":true,"href":"https:\/\/www.elvesport.com\/it\/wp-json\/wp\/v2\/media\/268438"}],"wp:attachment":[{"href":"https:\/\/www.elvesport.com\/it\/wp-json\/wp\/v2\/media?parent=268429"}],"wp:term":[{"taxonomy":"product_brand","embeddable":true,"href":"https:\/\/www.elvesport.com\/it\/wp-json\/wp\/v2\/product_brand?post=268429"},{"taxonomy":"product_cat","embeddable":true,"href":"https:\/\/www.elvesport.com\/it\/wp-json\/wp\/v2\/product_cat?post=268429"},{"taxonomy":"product_tag","embeddable":true,"href":"https:\/\/www.elvesport.com\/it\/wp-json\/wp\/v2\/product_tag?post=268429"}],"curies":[{"name":"wp","href":"https:\/\/api.w.org\/{rel}","templated":true}]}}