{"id":268508,"date":"2024-07-24T10:51:40","date_gmt":"2024-07-24T08:51:40","guid":{"rendered":"https:\/\/www.elvesport.com\/?post_type=product&#038;p=268508"},"modified":"2026-03-10T11:31:00","modified_gmt":"2026-03-10T10:31:00","slug":"klucenka-dres-patrioti-levice","status":"publish","type":"product","link":"https:\/\/www.elvesport.com\/it\/klucenka-dres-patrioti-levice\/","title":{"rendered":"K\u013d\u00da\u010cENKA DRES PATRIOTI LEVICE"},"content":{"rendered":"","protected":false},"excerpt":{"rendered":"","protected":false},"featured_media":268509,"comment_status":"closed","ping_status":"closed","template":"","meta":{"_acf_changed":false},"product_brand":[],"product_cat":[2610],"product_tag":[],"class_list":{"0":"post-268508","1":"product","2":"type-product","3":"status-publish","4":"has-post-thumbnail","6":"product_cat-bk-patrioti-levice","8":"first","9":"instock","10":"taxable","11":"shipping-taxable","12":"purchasable","13":"product-type-simple"},"acf":[],"_links":{"self":[{"href":"https:\/\/www.elvesport.com\/it\/wp-json\/wp\/v2\/product\/268508","targetHints":{"allow":["GET"]}}],"collection":[{"href":"https:\/\/www.elvesport.com\/it\/wp-json\/wp\/v2\/product"}],"about":[{"href":"https:\/\/www.elvesport.com\/it\/wp-json\/wp\/v2\/types\/product"}],"replies":[{"embeddable":true,"href":"https:\/\/www.elvesport.com\/it\/wp-json\/wp\/v2\/comments?post=268508"}],"version-history":[{"count":1,"href":"https:\/\/www.elvesport.com\/it\/wp-json\/wp\/v2\/product\/268508\/revisions"}],"predecessor-version":[{"id":268510,"href":"https:\/\/www.elvesport.com\/it\/wp-json\/wp\/v2\/product\/268508\/revisions\/268510"}],"wp:featuredmedia":[{"embeddable":true,"href":"https:\/\/www.elvesport.com\/it\/wp-json\/wp\/v2\/media\/268509"}],"wp:attachment":[{"href":"https:\/\/www.elvesport.com\/it\/wp-json\/wp\/v2\/media?parent=268508"}],"wp:term":[{"taxonomy":"product_brand","embeddable":true,"href":"https:\/\/www.elvesport.com\/it\/wp-json\/wp\/v2\/product_brand?post=268508"},{"taxonomy":"product_cat","embeddable":true,"href":"https:\/\/www.elvesport.com\/it\/wp-json\/wp\/v2\/product_cat?post=268508"},{"taxonomy":"product_tag","embeddable":true,"href":"https:\/\/www.elvesport.com\/it\/wp-json\/wp\/v2\/product_tag?post=268508"}],"curies":[{"name":"wp","href":"https:\/\/api.w.org\/{rel}","templated":true}]}}