{"id":268517,"date":"2025-10-07T10:51:32","date_gmt":"2025-10-07T08:51:32","guid":{"rendered":"https:\/\/www.elvesport.com\/?post_type=product&#038;p=268517"},"modified":"2026-03-10T11:38:21","modified_gmt":"2026-03-10T10:38:21","slug":"latkovy-sal-srdce-za-levice-patrioti-levice-2","status":"publish","type":"product","link":"https:\/\/www.elvesport.com\/it\/latkovy-sal-srdce-za-levice-patrioti-levice-2\/","title":{"rendered":"L\u00c1TKOV\u00dd \u0160\u00c1L SRDCE ZA LEVICE PATRIOTI LEVICE"},"content":{"rendered":"","protected":false},"excerpt":{"rendered":"","protected":false},"featured_media":268518,"comment_status":"closed","ping_status":"closed","template":"","meta":{"_acf_changed":false},"product_brand":[],"product_cat":[2610],"product_tag":[],"class_list":{"0":"post-268517","1":"product","2":"type-product","3":"status-publish","4":"has-post-thumbnail","6":"product_cat-bk-patrioti-levice","8":"first","9":"instock","10":"taxable","11":"shipping-taxable","12":"purchasable","13":"product-type-simple"},"acf":[],"_links":{"self":[{"href":"https:\/\/www.elvesport.com\/it\/wp-json\/wp\/v2\/product\/268517","targetHints":{"allow":["GET"]}}],"collection":[{"href":"https:\/\/www.elvesport.com\/it\/wp-json\/wp\/v2\/product"}],"about":[{"href":"https:\/\/www.elvesport.com\/it\/wp-json\/wp\/v2\/types\/product"}],"replies":[{"embeddable":true,"href":"https:\/\/www.elvesport.com\/it\/wp-json\/wp\/v2\/comments?post=268517"}],"version-history":[{"count":1,"href":"https:\/\/www.elvesport.com\/it\/wp-json\/wp\/v2\/product\/268517\/revisions"}],"predecessor-version":[{"id":268519,"href":"https:\/\/www.elvesport.com\/it\/wp-json\/wp\/v2\/product\/268517\/revisions\/268519"}],"wp:featuredmedia":[{"embeddable":true,"href":"https:\/\/www.elvesport.com\/it\/wp-json\/wp\/v2\/media\/268518"}],"wp:attachment":[{"href":"https:\/\/www.elvesport.com\/it\/wp-json\/wp\/v2\/media?parent=268517"}],"wp:term":[{"taxonomy":"product_brand","embeddable":true,"href":"https:\/\/www.elvesport.com\/it\/wp-json\/wp\/v2\/product_brand?post=268517"},{"taxonomy":"product_cat","embeddable":true,"href":"https:\/\/www.elvesport.com\/it\/wp-json\/wp\/v2\/product_cat?post=268517"},{"taxonomy":"product_tag","embeddable":true,"href":"https:\/\/www.elvesport.com\/it\/wp-json\/wp\/v2\/product_tag?post=268517"}],"curies":[{"name":"wp","href":"https:\/\/api.w.org\/{rel}","templated":true}]}}