{"id":269281,"date":"2020-06-03T14:00:24","date_gmt":"2020-06-03T12:00:24","guid":{"rendered":"https:\/\/www.elvesport.com\/?post_type=product&#038;p=269281"},"modified":"2024-11-20T13:56:05","modified_gmt":"2024-11-20T12:56:05","slug":"77-shinguards-fcp-25","status":"publish","type":"product","link":"https:\/\/www.elvesport.com\/it\/77-shinguards-fcp-25\/","title":{"rendered":"77 SHINGUARDS FCP 25"},"content":{"rendered":"<p>Chr\u00e1ni\u010de 77 SHINGUARDS z na\u0161ej die\u013ene,\u00a0 v grafike FC Petr\u017ealka.<\/p>\n<p>Pridaj si vlastn\u00e9 \u010d\u00edslo a inici\u00e1ly alebo <strong>si navrhni komplet chr\u00e1ni\u010de vo svojom dizajne.<\/strong><\/p>\n","protected":false},"excerpt":{"rendered":"<p>Chr\u00e1ni\u010de 77 SHINGUARDS z na\u0161ej die\u013ene,\u00a0 v grafike FC Petr\u017ealka.<\/p>\n<p>Pridaj si vlastn\u00e9 \u010d\u00edslo a inici\u00e1ly alebo <strong>si navrhni komplet chr\u00e1ni\u010de vo svojom dizajne.<\/strong><\/p>\n<p>K dispoz\u00edci\u00ed v dvoch ve\u013ekostiach \u2013<strong> S alebo M\u00a0<\/strong><\/p>\n<p><strong>Rozmery : S \u2013 100x150mm<\/strong><\/p>\n<p><strong>\u00a0 \u00a0 \u00a0 \u00a0 \u00a0 \u00a0 \u00a0 \u00a0 \u00a0 \u00a0 \u00a0 M- 166x171mm<\/strong><\/p>\n","protected":false},"featured_media":268832,"comment_status":"closed","ping_status":"closed","template":"","meta":{"_acf_changed":false},"product_brand":[],"product_cat":[2608],"product_tag":[],"class_list":{"0":"post-269281","1":"product","2":"type-product","3":"status-publish","4":"has-post-thumbnail","6":"product_cat-fc-petrzalka","7":"pa_size-s","8":"pa_size-m","10":"first","11":"instock","12":"taxable","13":"shipping-taxable","14":"purchasable","15":"product-type-variable"},"acf":[],"_links":{"self":[{"href":"https:\/\/www.elvesport.com\/it\/wp-json\/wp\/v2\/product\/269281","targetHints":{"allow":["GET"]}}],"collection":[{"href":"https:\/\/www.elvesport.com\/it\/wp-json\/wp\/v2\/product"}],"about":[{"href":"https:\/\/www.elvesport.com\/it\/wp-json\/wp\/v2\/types\/product"}],"replies":[{"embeddable":true,"href":"https:\/\/www.elvesport.com\/it\/wp-json\/wp\/v2\/comments?post=269281"}],"version-history":[{"count":3,"href":"https:\/\/www.elvesport.com\/it\/wp-json\/wp\/v2\/product\/269281\/revisions"}],"predecessor-version":[{"id":269286,"href":"https:\/\/www.elvesport.com\/it\/wp-json\/wp\/v2\/product\/269281\/revisions\/269286"}],"wp:featuredmedia":[{"embeddable":true,"href":"https:\/\/www.elvesport.com\/it\/wp-json\/wp\/v2\/media\/268832"}],"wp:attachment":[{"href":"https:\/\/www.elvesport.com\/it\/wp-json\/wp\/v2\/media?parent=269281"}],"wp:term":[{"taxonomy":"product_brand","embeddable":true,"href":"https:\/\/www.elvesport.com\/it\/wp-json\/wp\/v2\/product_brand?post=269281"},{"taxonomy":"product_cat","embeddable":true,"href":"https:\/\/www.elvesport.com\/it\/wp-json\/wp\/v2\/product_cat?post=269281"},{"taxonomy":"product_tag","embeddable":true,"href":"https:\/\/www.elvesport.com\/it\/wp-json\/wp\/v2\/product_tag?post=269281"}],"curies":[{"name":"wp","href":"https:\/\/api.w.org\/{rel}","templated":true}]}}