{"id":269896,"date":"2025-10-16T16:10:07","date_gmt":"2025-10-16T14:10:07","guid":{"rendered":"https:\/\/www.elvesport.com\/?post_type=product&#038;p=269896"},"modified":"2025-10-16T16:12:40","modified_gmt":"2025-10-16T14:12:40","slug":"zapasovy-fan-dres-bc-komarno-24-25-hostia","status":"publish","type":"product","link":"https:\/\/www.elvesport.com\/it\/zapasovy-fan-dres-bc-komarno-24-25-hostia\/","title":{"rendered":"Z\u00c1PASOV\u00dd \/ FAN DRES BC KOM\u00c1RNO 25\/26 HOSTIA"},"content":{"rendered":"<h2><strong>Hos\u0165ovsk\u00fd dres BC Kom\u00e1rno, v tradi\u010dnej klubovej \u010dervenej.<\/strong><\/h2>\n<h4>DVE VARIANTY VYHOTOVENIA DRESOV:<\/h4>\n<h3>1. Origin\u00e1lny z\u00e1pasov\u00fd dres<\/h3>\n<p>Tento dres je vernou k\u00f3piou t\u00fdch, ktor\u00e9 nosia hr\u00e1\u010di na palubovke. Na bokoch dresu priedu\u0161n\u00e9 \u010dasti, strih prispo\u00f4soben\u00fd t\u00fdm najvy\u0161\u0161\u00edm po\u017eiadavk\u00e1m. Vyroben\u00fd z kvalitn\u00fdch, priedu\u0161n\u00fdch materi\u00e1lov, ktor\u00e9 zaru\u010duj\u00fa maxim\u00e1lnu pohyblivos\u0165 a komfort po\u010das hry. Origin\u00e1lny dres si m\u00f4\u017ete presonalizova\u0165 menom a \u010d\u00edslom. Perfektn\u00fd pre tr\u00e9ningy aj z\u00e1pasy!<\/p>\n<h3>2. Fan\u00fa\u0161ikovsk\u00fd dres<\/h3>\n<p>Replika z\u00e1pasov\u00e9 dresu. Tento dres je navrhnut\u00fd pre v\u0161etk\u00fdch zanieten\u00fdch fan\u00fa\u0161ikov basketbalov\u00e9ho klubu BC Kom\u00e1rno. Jeho modern\u00fd dizajn a pohodln\u00fd materi\u00e1l zabezpe\u010duj\u00fa, \u017ee sa v \u0148om budete c\u00edti\u0165 skvele, \u010di u\u017e na z\u00e1pase, alebo vo vo\u013enom \u010dase dres. Dres si m\u00f4\u017ete presonalizova\u0165 menom a \u010d\u00edslom.<\/p>\n<p>&nbsp;<\/p>\n","protected":false},"excerpt":{"rendered":"<p>Hos\u0165ovsk\u00fd dres BC Kom\u00e1rno, v tradi\u010dnej klubovej \u010dervenej. DVE VARIANTY VYHOTOVENIA DRESOV: 1. Origin\u00e1lny z\u00e1pasov\u00fd dres Tento dres je vernou<\/p>\n","protected":false},"featured_media":301159,"comment_status":"closed","ping_status":"closed","template":"","meta":{"_acf_changed":false},"product_brand":[],"product_cat":[3028],"product_tag":[],"class_list":{"0":"post-269896","1":"product","2":"type-product","3":"status-publish","4":"has-post-thumbnail","6":"product_cat-bc-komarno","7":"pa_material-100-poliester","8":"pa_size-1-2-roky","9":"pa_size-2-4-roky","10":"pa_size-3yxs","11":"pa_size-2yxs","12":"pa_size-yxs","13":"pa_size-xxs","14":"pa_size-xs","15":"pa_size-s","16":"pa_size-m","17":"pa_size-l","18":"pa_size-xl","19":"pa_size-2xl","20":"pa_size-3xl","21":"pa_size-4xl","22":"pa_znacka-elve","24":"first","25":"instock","26":"taxable","27":"shipping-taxable","28":"purchasable","29":"product-type-variable"},"acf":[],"_links":{"self":[{"href":"https:\/\/www.elvesport.com\/it\/wp-json\/wp\/v2\/product\/269896","targetHints":{"allow":["GET"]}}],"collection":[{"href":"https:\/\/www.elvesport.com\/it\/wp-json\/wp\/v2\/product"}],"about":[{"href":"https:\/\/www.elvesport.com\/it\/wp-json\/wp\/v2\/types\/product"}],"replies":[{"embeddable":true,"href":"https:\/\/www.elvesport.com\/it\/wp-json\/wp\/v2\/comments?post=269896"}],"version-history":[{"count":4,"href":"https:\/\/www.elvesport.com\/it\/wp-json\/wp\/v2\/product\/269896\/revisions"}],"predecessor-version":[{"id":301190,"href":"https:\/\/www.elvesport.com\/it\/wp-json\/wp\/v2\/product\/269896\/revisions\/301190"}],"wp:featuredmedia":[{"embeddable":true,"href":"https:\/\/www.elvesport.com\/it\/wp-json\/wp\/v2\/media\/301159"}],"wp:attachment":[{"href":"https:\/\/www.elvesport.com\/it\/wp-json\/wp\/v2\/media?parent=269896"}],"wp:term":[{"taxonomy":"product_brand","embeddable":true,"href":"https:\/\/www.elvesport.com\/it\/wp-json\/wp\/v2\/product_brand?post=269896"},{"taxonomy":"product_cat","embeddable":true,"href":"https:\/\/www.elvesport.com\/it\/wp-json\/wp\/v2\/product_cat?post=269896"},{"taxonomy":"product_tag","embeddable":true,"href":"https:\/\/www.elvesport.com\/it\/wp-json\/wp\/v2\/product_tag?post=269896"}],"curies":[{"name":"wp","href":"https:\/\/api.w.org\/{rel}","templated":true}]}}