{"id":269964,"date":"2024-10-10T14:45:38","date_gmt":"2024-10-10T12:45:38","guid":{"rendered":"https:\/\/www.elvesport.com\/?post_type=product&#038;p=269964"},"modified":"2026-03-27T11:56:15","modified_gmt":"2026-03-27T10:56:15","slug":"replika-fcp-dres-domaci-24-25","status":"publish","type":"product","link":"https:\/\/www.elvesport.com\/it\/replika-fcp-dres-domaci-24-25\/","title":{"rendered":"REPLIKA FCP DRES DOM\u00c1CI 24\/25"},"content":{"rendered":"<ul>\n<li>VE\u013dKOS\u0164\u00a0<strong>3YXS<\/strong>\u00a0prin\u00e1le\u017e\u00ed 3 a\u017e 4 ro\u010dn\u00e9mu die\u0165a\u0165u<\/li>\n<li>VE\u013dKOS\u0164<strong>\u00a02YXS<\/strong>\u00a0prin\u00e1le\u017e\u00ed 5 a\u017e 6 ro\u010dn\u00e9mu die\u0165a\u0165u<\/li>\n<li>VE\u013dKOS\u0164\u00a0<strong>YXS<\/strong>\u00a0prin\u00e1le\u017e\u00ed 7 a\u017e 8 ro\u010dn\u00e9mu die\u0165a\u0165u<\/li>\n<li>VE\u013dKOS\u0164\u00a0<strong>XXS<\/strong>\u00a0prin\u00e1le\u017e\u00ed 9 a\u017e 11 ro\u010dn\u00e9mu die\u0165a\u0165u<\/li>\n<li>VE\u013dKOS\u0164\u00a0<strong>XS<\/strong>\u00a0prisl\u00facha 12 + ro\u010dn\u00e9mu die\u0165a\u0165u<\/li>\n<\/ul>\n","protected":false},"excerpt":{"rendered":"<p>VE\u013dKOS\u0164\u00a03YXS\u00a0prin\u00e1le\u017e\u00ed 3 a\u017e 4 ro\u010dn\u00e9mu die\u0165a\u0165u VE\u013dKOS\u0164\u00a02YXS\u00a0prin\u00e1le\u017e\u00ed 5 a\u017e 6 ro\u010dn\u00e9mu die\u0165a\u0165u VE\u013dKOS\u0164\u00a0YXS\u00a0prin\u00e1le\u017e\u00ed 7 a\u017e 8 ro\u010dn\u00e9mu die\u0165a\u0165u VE\u013dKOS\u0164\u00a0XXS\u00a0prin\u00e1le\u017e\u00ed 9<\/p>\n","protected":false},"featured_media":269963,"comment_status":"closed","ping_status":"closed","template":"","meta":{"_acf_changed":false},"product_brand":[],"product_cat":[2608],"product_tag":[],"class_list":{"0":"post-269964","1":"product","2":"type-product","3":"status-publish","4":"has-post-thumbnail","6":"product_cat-fc-petrzalka","7":"pa_material-100-poliester","8":"pa_size-1-2-roky","9":"pa_size-2-4-roky","10":"pa_size-3yxs","11":"pa_size-2yxs","12":"pa_size-yxs","13":"pa_size-xxs","14":"pa_size-xs","15":"pa_size-s","16":"pa_size-m","17":"pa_size-l","18":"pa_size-xl","19":"pa_size-2xl","20":"pa_size-3xl","21":"pa_size-4xl","23":"first","24":"instock","25":"taxable","26":"shipping-taxable","27":"purchasable","28":"product-type-variable"},"acf":[],"_links":{"self":[{"href":"https:\/\/www.elvesport.com\/it\/wp-json\/wp\/v2\/product\/269964","targetHints":{"allow":["GET"]}}],"collection":[{"href":"https:\/\/www.elvesport.com\/it\/wp-json\/wp\/v2\/product"}],"about":[{"href":"https:\/\/www.elvesport.com\/it\/wp-json\/wp\/v2\/types\/product"}],"replies":[{"embeddable":true,"href":"https:\/\/www.elvesport.com\/it\/wp-json\/wp\/v2\/comments?post=269964"}],"version-history":[{"count":3,"href":"https:\/\/www.elvesport.com\/it\/wp-json\/wp\/v2\/product\/269964\/revisions"}],"predecessor-version":[{"id":304280,"href":"https:\/\/www.elvesport.com\/it\/wp-json\/wp\/v2\/product\/269964\/revisions\/304280"}],"wp:featuredmedia":[{"embeddable":true,"href":"https:\/\/www.elvesport.com\/it\/wp-json\/wp\/v2\/media\/269963"}],"wp:attachment":[{"href":"https:\/\/www.elvesport.com\/it\/wp-json\/wp\/v2\/media?parent=269964"}],"wp:term":[{"taxonomy":"product_brand","embeddable":true,"href":"https:\/\/www.elvesport.com\/it\/wp-json\/wp\/v2\/product_brand?post=269964"},{"taxonomy":"product_cat","embeddable":true,"href":"https:\/\/www.elvesport.com\/it\/wp-json\/wp\/v2\/product_cat?post=269964"},{"taxonomy":"product_tag","embeddable":true,"href":"https:\/\/www.elvesport.com\/it\/wp-json\/wp\/v2\/product_tag?post=269964"}],"curies":[{"name":"wp","href":"https:\/\/api.w.org\/{rel}","templated":true}]}}