{"id":270311,"date":"2022-10-23T16:08:06","date_gmt":"2022-10-23T14:08:06","guid":{"rendered":"https:\/\/www.elvesport.com\/?post_type=product&#038;p=270311"},"modified":"2024-10-23T16:09:14","modified_gmt":"2024-10-23T14:09:14","slug":"77-shinguards-sk-vrakuna","status":"publish","type":"product","link":"https:\/\/www.elvesport.com\/it\/77-shinguards-sk-vrakuna\/","title":{"rendered":"77 SHINGUARDS \u0160K VRAKU\u0147A"},"content":{"rendered":"","protected":false},"excerpt":{"rendered":"<p>Chr\u00e1ni\u010de 77 SHINGUARDS z na\u0161ej die\u013ene,\u00a0 v grafike \u0160K Vraku\u0148a.<\/p>\n<p>Pridaj si vlastn\u00e9 \u010d\u00edslo a inici\u00e1ly alebo\u00a0<strong>si navrhni komplet chr\u00e1ni\u010de vo svojom dizajne.<\/strong><\/p>\n<p>K dispoz\u00edci\u00ed v dvoch ve\u013ekostiach \u2013<strong>\u00a0S alebo M\u00a0<\/strong><\/p>\n<p><strong>Rozmery : S \u2013 100x150mm<\/strong><\/p>\n<p><strong>\u00a0 \u00a0 \u00a0 \u00a0 \u00a0 \u00a0 \u00a0 \u00a0 \u00a0 \u00a0 \u00a0 M- 166x171mm<\/strong><\/p>\n","protected":false},"featured_media":270293,"comment_status":"closed","ping_status":"closed","template":"","meta":{"_acf_changed":false},"product_brand":[],"product_cat":[2871],"product_tag":[],"class_list":{"0":"post-270311","1":"product","2":"type-product","3":"status-publish","4":"has-post-thumbnail","6":"product_cat-sk-vrakuna","7":"pa_size-s","8":"pa_size-m","10":"first","11":"instock","12":"taxable","13":"shipping-taxable","14":"purchasable","15":"product-type-variable"},"acf":[],"_links":{"self":[{"href":"https:\/\/www.elvesport.com\/it\/wp-json\/wp\/v2\/product\/270311","targetHints":{"allow":["GET"]}}],"collection":[{"href":"https:\/\/www.elvesport.com\/it\/wp-json\/wp\/v2\/product"}],"about":[{"href":"https:\/\/www.elvesport.com\/it\/wp-json\/wp\/v2\/types\/product"}],"replies":[{"embeddable":true,"href":"https:\/\/www.elvesport.com\/it\/wp-json\/wp\/v2\/comments?post=270311"}],"version-history":[{"count":1,"href":"https:\/\/www.elvesport.com\/it\/wp-json\/wp\/v2\/product\/270311\/revisions"}],"predecessor-version":[{"id":270314,"href":"https:\/\/www.elvesport.com\/it\/wp-json\/wp\/v2\/product\/270311\/revisions\/270314"}],"wp:featuredmedia":[{"embeddable":true,"href":"https:\/\/www.elvesport.com\/it\/wp-json\/wp\/v2\/media\/270293"}],"wp:attachment":[{"href":"https:\/\/www.elvesport.com\/it\/wp-json\/wp\/v2\/media?parent=270311"}],"wp:term":[{"taxonomy":"product_brand","embeddable":true,"href":"https:\/\/www.elvesport.com\/it\/wp-json\/wp\/v2\/product_brand?post=270311"},{"taxonomy":"product_cat","embeddable":true,"href":"https:\/\/www.elvesport.com\/it\/wp-json\/wp\/v2\/product_cat?post=270311"},{"taxonomy":"product_tag","embeddable":true,"href":"https:\/\/www.elvesport.com\/it\/wp-json\/wp\/v2\/product_tag?post=270311"}],"curies":[{"name":"wp","href":"https:\/\/api.w.org\/{rel}","templated":true}]}}