{"id":270317,"date":"2022-10-23T16:19:52","date_gmt":"2022-10-23T14:19:52","guid":{"rendered":"https:\/\/www.elvesport.com\/?post_type=product&#038;p=270317"},"modified":"2024-10-23T16:20:30","modified_gmt":"2024-10-23T14:20:30","slug":"stucne-pdx-bezponozkove-sk-vrakuna","status":"publish","type":"product","link":"https:\/\/www.elvesport.com\/it\/stucne-pdx-bezponozkove-sk-vrakuna\/","title":{"rendered":"\u0160TUCNE PDX BEZPONO\u017dKOV\u00c9 \u0160K VRAKU\u0147A"},"content":{"rendered":"<p>Bezpono\u017ek\u00e9 \u0161tucne elastick\u00e9ho materi\u00e1lu s eliminuj\u00facim pou\u017e\u00edvan\u00edm p\u00e1sky.<\/p>\n<ul>\n<li>one size<\/li>\n<li>materi\u00e1l: 85% polyester, 13% polyamid, 2% elastan<\/li>\n<\/ul>\n","protected":false},"excerpt":{"rendered":"<p>Bezpono\u017ek\u00e9 \u0161tucne elastick\u00e9ho materi\u00e1lu s eliminuj\u00facim pou\u017e\u00edvan\u00edm p\u00e1sky. one size materi\u00e1l: 85% polyester, 13% polyamid, 2% elastan<\/p>\n","protected":false},"featured_media":270299,"comment_status":"closed","ping_status":"closed","template":"","meta":{"_acf_changed":false},"product_brand":[],"product_cat":[2871],"product_tag":[],"class_list":{"0":"post-270317","1":"product","2":"type-product","3":"status-publish","4":"has-post-thumbnail","6":"product_cat-sk-vrakuna","7":"pa_color-zlta","8":"pa_color-cierna","9":"pa_color-kralovskamodra","11":"first","12":"instock","13":"taxable","14":"shipping-taxable","15":"purchasable","16":"product-type-variable"},"acf":[],"_links":{"self":[{"href":"https:\/\/www.elvesport.com\/it\/wp-json\/wp\/v2\/product\/270317","targetHints":{"allow":["GET"]}}],"collection":[{"href":"https:\/\/www.elvesport.com\/it\/wp-json\/wp\/v2\/product"}],"about":[{"href":"https:\/\/www.elvesport.com\/it\/wp-json\/wp\/v2\/types\/product"}],"replies":[{"embeddable":true,"href":"https:\/\/www.elvesport.com\/it\/wp-json\/wp\/v2\/comments?post=270317"}],"version-history":[{"count":1,"href":"https:\/\/www.elvesport.com\/it\/wp-json\/wp\/v2\/product\/270317\/revisions"}],"predecessor-version":[{"id":270321,"href":"https:\/\/www.elvesport.com\/it\/wp-json\/wp\/v2\/product\/270317\/revisions\/270321"}],"wp:featuredmedia":[{"embeddable":true,"href":"https:\/\/www.elvesport.com\/it\/wp-json\/wp\/v2\/media\/270299"}],"wp:attachment":[{"href":"https:\/\/www.elvesport.com\/it\/wp-json\/wp\/v2\/media?parent=270317"}],"wp:term":[{"taxonomy":"product_brand","embeddable":true,"href":"https:\/\/www.elvesport.com\/it\/wp-json\/wp\/v2\/product_brand?post=270317"},{"taxonomy":"product_cat","embeddable":true,"href":"https:\/\/www.elvesport.com\/it\/wp-json\/wp\/v2\/product_cat?post=270317"},{"taxonomy":"product_tag","embeddable":true,"href":"https:\/\/www.elvesport.com\/it\/wp-json\/wp\/v2\/product_tag?post=270317"}],"curies":[{"name":"wp","href":"https:\/\/api.w.org\/{rel}","templated":true}]}}