{"id":270419,"date":"2024-10-25T15:51:03","date_gmt":"2024-10-25T13:51:03","guid":{"rendered":"https:\/\/www.elvesport.com\/?post_type=product&#038;p=270419"},"modified":"2025-01-10T12:59:31","modified_gmt":"2025-01-10T11:59:31","slug":"uterak-osuska-hk-duslo-sala","status":"publish","type":"product","link":"https:\/\/www.elvesport.com\/it\/uterak-osuska-hk-duslo-sala\/","title":{"rendered":"UTER\u00c1K\/OSU\u0160KA HK DUSLO \u0160A\u013dA"},"content":{"rendered":"","protected":false},"excerpt":{"rendered":"","protected":false},"featured_media":270392,"comment_status":"closed","ping_status":"closed","template":"","meta":{"_acf_changed":false},"product_brand":[],"product_cat":[3127],"product_tag":[],"class_list":{"0":"post-270419","1":"product","2":"type-product","3":"status-publish","4":"has-post-thumbnail","6":"product_cat-hk-slovan-duslo-sala","7":"pa_size-140x70cm","8":"pa_size-100x50cm","9":"pa_size-50x30cm","11":"first","12":"instock","13":"taxable","14":"shipping-taxable","15":"purchasable","16":"product-type-variable"},"acf":[],"_links":{"self":[{"href":"https:\/\/www.elvesport.com\/it\/wp-json\/wp\/v2\/product\/270419","targetHints":{"allow":["GET"]}}],"collection":[{"href":"https:\/\/www.elvesport.com\/it\/wp-json\/wp\/v2\/product"}],"about":[{"href":"https:\/\/www.elvesport.com\/it\/wp-json\/wp\/v2\/types\/product"}],"replies":[{"embeddable":true,"href":"https:\/\/www.elvesport.com\/it\/wp-json\/wp\/v2\/comments?post=270419"}],"version-history":[{"count":1,"href":"https:\/\/www.elvesport.com\/it\/wp-json\/wp\/v2\/product\/270419\/revisions"}],"predecessor-version":[{"id":270423,"href":"https:\/\/www.elvesport.com\/it\/wp-json\/wp\/v2\/product\/270419\/revisions\/270423"}],"wp:featuredmedia":[{"embeddable":true,"href":"https:\/\/www.elvesport.com\/it\/wp-json\/wp\/v2\/media\/270392"}],"wp:attachment":[{"href":"https:\/\/www.elvesport.com\/it\/wp-json\/wp\/v2\/media?parent=270419"}],"wp:term":[{"taxonomy":"product_brand","embeddable":true,"href":"https:\/\/www.elvesport.com\/it\/wp-json\/wp\/v2\/product_brand?post=270419"},{"taxonomy":"product_cat","embeddable":true,"href":"https:\/\/www.elvesport.com\/it\/wp-json\/wp\/v2\/product_cat?post=270419"},{"taxonomy":"product_tag","embeddable":true,"href":"https:\/\/www.elvesport.com\/it\/wp-json\/wp\/v2\/product_tag?post=270419"}],"curies":[{"name":"wp","href":"https:\/\/api.w.org\/{rel}","templated":true}]}}