{"id":270466,"date":"2024-10-25T16:20:34","date_gmt":"2024-10-25T14:20:34","guid":{"rendered":"https:\/\/www.elvesport.com\/?post_type=product&#038;p=270466"},"modified":"2024-10-25T16:20:35","modified_gmt":"2024-10-25T14:20:35","slug":"tricko-02-hk-duslo-sala","status":"publish","type":"product","link":"https:\/\/www.elvesport.com\/it\/tricko-02-hk-duslo-sala\/","title":{"rendered":"TRI\u010cKO 02 HK DUSLO \u0160A\u013dA"},"content":{"rendered":"","protected":false},"excerpt":{"rendered":"","protected":false},"featured_media":270391,"comment_status":"closed","ping_status":"closed","template":"","meta":{"_acf_changed":false},"product_brand":[],"product_cat":[3127],"product_tag":[],"class_list":{"0":"post-270466","1":"product","2":"type-product","3":"status-publish","4":"has-post-thumbnail","6":"product_cat-hk-slovan-duslo-sala","7":"pa_color-biela","8":"pa_color-tmavomodra","9":"pa_color-kralovskamodra","10":"pa_material-100-algodon","11":"pa_size-3yxs","12":"pa_size-2yxs","13":"pa_size-yxs","14":"pa_size-xxs","15":"pa_size-xs","16":"pa_size-s","17":"pa_size-m","18":"pa_size-l","19":"pa_size-xl","20":"pa_size-2xl","21":"pa_size-3xl","22":"pa_size-4xl","24":"first","25":"instock","26":"taxable","27":"shipping-taxable","28":"purchasable","29":"product-type-variable"},"acf":[],"_links":{"self":[{"href":"https:\/\/www.elvesport.com\/it\/wp-json\/wp\/v2\/product\/270466","targetHints":{"allow":["GET"]}}],"collection":[{"href":"https:\/\/www.elvesport.com\/it\/wp-json\/wp\/v2\/product"}],"about":[{"href":"https:\/\/www.elvesport.com\/it\/wp-json\/wp\/v2\/types\/product"}],"replies":[{"embeddable":true,"href":"https:\/\/www.elvesport.com\/it\/wp-json\/wp\/v2\/comments?post=270466"}],"version-history":[{"count":1,"href":"https:\/\/www.elvesport.com\/it\/wp-json\/wp\/v2\/product\/270466\/revisions"}],"predecessor-version":[{"id":270503,"href":"https:\/\/www.elvesport.com\/it\/wp-json\/wp\/v2\/product\/270466\/revisions\/270503"}],"wp:featuredmedia":[{"embeddable":true,"href":"https:\/\/www.elvesport.com\/it\/wp-json\/wp\/v2\/media\/270391"}],"wp:attachment":[{"href":"https:\/\/www.elvesport.com\/it\/wp-json\/wp\/v2\/media?parent=270466"}],"wp:term":[{"taxonomy":"product_brand","embeddable":true,"href":"https:\/\/www.elvesport.com\/it\/wp-json\/wp\/v2\/product_brand?post=270466"},{"taxonomy":"product_cat","embeddable":true,"href":"https:\/\/www.elvesport.com\/it\/wp-json\/wp\/v2\/product_cat?post=270466"},{"taxonomy":"product_tag","embeddable":true,"href":"https:\/\/www.elvesport.com\/it\/wp-json\/wp\/v2\/product_tag?post=270466"}],"curies":[{"name":"wp","href":"https:\/\/api.w.org\/{rel}","templated":true}]}}