{"id":270596,"date":"2022-10-31T09:28:40","date_gmt":"2022-10-31T08:28:40","guid":{"rendered":"https:\/\/www.elvesport.com\/?post_type=product&#038;p=270596"},"modified":"2025-01-14T16:08:32","modified_gmt":"2025-01-14T15:08:32","slug":"zimna-ciapka-sk-vrakuna","status":"publish","type":"product","link":"https:\/\/www.elvesport.com\/it\/zimna-ciapka-sk-vrakuna\/","title":{"rendered":"ZIMN\u00c1 \u010cIAPKA \u0160K VRAKU\u0147A"},"content":{"rendered":"","protected":false},"excerpt":{"rendered":"","protected":false},"featured_media":270591,"comment_status":"closed","ping_status":"closed","template":"","meta":{"_acf_changed":false},"product_brand":[],"product_cat":[2871],"product_tag":[],"class_list":{"0":"post-270596","1":"product","2":"type-product","3":"status-publish","4":"has-post-thumbnail","6":"product_cat-sk-vrakuna","8":"first","9":"instock","10":"taxable","11":"shipping-taxable","12":"purchasable","13":"product-type-simple"},"acf":[],"_links":{"self":[{"href":"https:\/\/www.elvesport.com\/it\/wp-json\/wp\/v2\/product\/270596","targetHints":{"allow":["GET"]}}],"collection":[{"href":"https:\/\/www.elvesport.com\/it\/wp-json\/wp\/v2\/product"}],"about":[{"href":"https:\/\/www.elvesport.com\/it\/wp-json\/wp\/v2\/types\/product"}],"replies":[{"embeddable":true,"href":"https:\/\/www.elvesport.com\/it\/wp-json\/wp\/v2\/comments?post=270596"}],"version-history":[{"count":1,"href":"https:\/\/www.elvesport.com\/it\/wp-json\/wp\/v2\/product\/270596\/revisions"}],"predecessor-version":[{"id":270597,"href":"https:\/\/www.elvesport.com\/it\/wp-json\/wp\/v2\/product\/270596\/revisions\/270597"}],"wp:featuredmedia":[{"embeddable":true,"href":"https:\/\/www.elvesport.com\/it\/wp-json\/wp\/v2\/media\/270591"}],"wp:attachment":[{"href":"https:\/\/www.elvesport.com\/it\/wp-json\/wp\/v2\/media?parent=270596"}],"wp:term":[{"taxonomy":"product_brand","embeddable":true,"href":"https:\/\/www.elvesport.com\/it\/wp-json\/wp\/v2\/product_brand?post=270596"},{"taxonomy":"product_cat","embeddable":true,"href":"https:\/\/www.elvesport.com\/it\/wp-json\/wp\/v2\/product_cat?post=270596"},{"taxonomy":"product_tag","embeddable":true,"href":"https:\/\/www.elvesport.com\/it\/wp-json\/wp\/v2\/product_tag?post=270596"}],"curies":[{"name":"wp","href":"https:\/\/api.w.org\/{rel}","templated":true}]}}