{"id":270714,"date":"2024-11-07T18:10:14","date_gmt":"2024-11-07T17:10:14","guid":{"rendered":"https:\/\/www.elvesport.com\/?post_type=product&#038;p=270714"},"modified":"2024-11-25T12:28:05","modified_gmt":"2024-11-25T11:28:05","slug":"trucker-siltovka-nitra-blue-wings","status":"publish","type":"product","link":"https:\/\/www.elvesport.com\/it\/trucker-siltovka-nitra-blue-wings\/","title":{"rendered":"TRUCKER \u0160ILTOVKA NITRA BLUE WINGS"},"content":{"rendered":"","protected":false},"excerpt":{"rendered":"<ul>\n<li>\u0160iltovka v \u0161t\u00fdle \u00b4\u00b4TRUCKER\u00b4\u00b4 s 3D logom Nitra Blue Wings.<\/li>\n<li>Mo\u017enos\u0165 nastavenia ve\u013ekosti na zadnej strane \u0161iltovky<\/li>\n<\/ul>\n","protected":false},"featured_media":270845,"comment_status":"closed","ping_status":"closed","template":"","meta":{"_acf_changed":false},"product_brand":[],"product_cat":[3068],"product_tag":[],"class_list":{"0":"post-270714","1":"product","2":"type-product","3":"status-publish","4":"has-post-thumbnail","6":"product_cat-nitra-bluewings","7":"pa_color-biela","8":"pa_color-tmavomodra","9":"pa_size-unica","11":"first","12":"instock","13":"taxable","14":"shipping-taxable","15":"purchasable","16":"product-type-variable"},"acf":[],"_links":{"self":[{"href":"https:\/\/www.elvesport.com\/it\/wp-json\/wp\/v2\/product\/270714","targetHints":{"allow":["GET"]}}],"collection":[{"href":"https:\/\/www.elvesport.com\/it\/wp-json\/wp\/v2\/product"}],"about":[{"href":"https:\/\/www.elvesport.com\/it\/wp-json\/wp\/v2\/types\/product"}],"replies":[{"embeddable":true,"href":"https:\/\/www.elvesport.com\/it\/wp-json\/wp\/v2\/comments?post=270714"}],"version-history":[{"count":3,"href":"https:\/\/www.elvesport.com\/it\/wp-json\/wp\/v2\/product\/270714\/revisions"}],"predecessor-version":[{"id":271171,"href":"https:\/\/www.elvesport.com\/it\/wp-json\/wp\/v2\/product\/270714\/revisions\/271171"}],"wp:featuredmedia":[{"embeddable":true,"href":"https:\/\/www.elvesport.com\/it\/wp-json\/wp\/v2\/media\/270845"}],"wp:attachment":[{"href":"https:\/\/www.elvesport.com\/it\/wp-json\/wp\/v2\/media?parent=270714"}],"wp:term":[{"taxonomy":"product_brand","embeddable":true,"href":"https:\/\/www.elvesport.com\/it\/wp-json\/wp\/v2\/product_brand?post=270714"},{"taxonomy":"product_cat","embeddable":true,"href":"https:\/\/www.elvesport.com\/it\/wp-json\/wp\/v2\/product_cat?post=270714"},{"taxonomy":"product_tag","embeddable":true,"href":"https:\/\/www.elvesport.com\/it\/wp-json\/wp\/v2\/product_tag?post=270714"}],"curies":[{"name":"wp","href":"https:\/\/api.w.org\/{rel}","templated":true}]}}