{"id":270792,"date":"2024-11-08T11:57:36","date_gmt":"2024-11-08T10:57:36","guid":{"rendered":"https:\/\/www.elvesport.com\/?post_type=product&#038;p=270792"},"modified":"2024-11-25T13:09:55","modified_gmt":"2024-11-25T12:09:55","slug":"oversize-tricko-n-nitra-blue-wings","status":"publish","type":"product","link":"https:\/\/www.elvesport.com\/it\/oversize-tricko-n-nitra-blue-wings\/","title":{"rendered":"OVERSIZE TRI\u010cKO N NITRA BLUE WINGS"},"content":{"rendered":"","protected":false},"excerpt":{"rendered":"<p><span style=\"color: #ff6600;\"><strong>POZOR, na v\u00fdber spr\u00e1vnej ve\u013ekosti. Tri\u010dk\u00e1 s\u00fa strihu OVERSIZE, to znamen\u00e1 v\u00e4\u010d\u0161ie ako v klasick\u00fdch strihoch. Odpor\u00fa\u010dame si pozrie\u0165 sprievodcu ve\u013ekos\u0165ami.<\/strong><\/span><\/p>\n","protected":false},"featured_media":270888,"comment_status":"closed","ping_status":"closed","template":"","meta":{"_acf_changed":false},"product_brand":[],"product_cat":[3068],"product_tag":[],"class_list":{"0":"post-270792","1":"product","2":"type-product","3":"status-publish","4":"has-post-thumbnail","6":"product_cat-nitra-bluewings","7":"pa_color-biela","8":"pa_color-belasa","9":"pa_color-tmavomodra","10":"pa_material-100-algodon","11":"pa_size-xs","12":"pa_size-s","13":"pa_size-m","14":"pa_size-l","15":"pa_size-xl","16":"pa_size-2xl","17":"pa_size-3xl","18":"pa_size-4xl","20":"first","21":"instock","22":"taxable","23":"shipping-taxable","24":"purchasable","25":"product-type-variable"},"acf":[],"_links":{"self":[{"href":"https:\/\/www.elvesport.com\/it\/wp-json\/wp\/v2\/product\/270792","targetHints":{"allow":["GET"]}}],"collection":[{"href":"https:\/\/www.elvesport.com\/it\/wp-json\/wp\/v2\/product"}],"about":[{"href":"https:\/\/www.elvesport.com\/it\/wp-json\/wp\/v2\/types\/product"}],"replies":[{"embeddable":true,"href":"https:\/\/www.elvesport.com\/it\/wp-json\/wp\/v2\/comments?post=270792"}],"version-history":[{"count":3,"href":"https:\/\/www.elvesport.com\/it\/wp-json\/wp\/v2\/product\/270792\/revisions"}],"predecessor-version":[{"id":271234,"href":"https:\/\/www.elvesport.com\/it\/wp-json\/wp\/v2\/product\/270792\/revisions\/271234"}],"wp:featuredmedia":[{"embeddable":true,"href":"https:\/\/www.elvesport.com\/it\/wp-json\/wp\/v2\/media\/270888"}],"wp:attachment":[{"href":"https:\/\/www.elvesport.com\/it\/wp-json\/wp\/v2\/media?parent=270792"}],"wp:term":[{"taxonomy":"product_brand","embeddable":true,"href":"https:\/\/www.elvesport.com\/it\/wp-json\/wp\/v2\/product_brand?post=270792"},{"taxonomy":"product_cat","embeddable":true,"href":"https:\/\/www.elvesport.com\/it\/wp-json\/wp\/v2\/product_cat?post=270792"},{"taxonomy":"product_tag","embeddable":true,"href":"https:\/\/www.elvesport.com\/it\/wp-json\/wp\/v2\/product_tag?post=270792"}],"curies":[{"name":"wp","href":"https:\/\/api.w.org\/{rel}","templated":true}]}}