{"id":270797,"date":"2025-10-16T16:16:49","date_gmt":"2025-10-16T14:16:49","guid":{"rendered":"https:\/\/www.elvesport.com\/?post_type=product&#038;p=270797"},"modified":"2025-11-20T11:05:38","modified_gmt":"2025-11-20T10:05:38","slug":"zapasovy-fanusikovsky-dres-nitra-blue-wings-domaci","status":"publish","type":"product","link":"https:\/\/www.elvesport.com\/it\/zapasovy-fanusikovsky-dres-nitra-blue-wings-domaci\/","title":{"rendered":"Z\u00c1PASOV\u00dd \/ FAN\u00da\u0160IKOVSK\u00dd DRES NITRA BLUE WINGS DOM\u00c1CI 25\/26"},"content":{"rendered":"","protected":false},"excerpt":{"rendered":"","protected":false},"featured_media":301285,"comment_status":"closed","ping_status":"closed","template":"","meta":{"_acf_changed":false},"product_brand":[],"product_cat":[3068],"product_tag":[],"class_list":{"0":"post-270797","1":"product","2":"type-product","3":"status-publish","4":"has-post-thumbnail","6":"product_cat-nitra-bluewings","7":"pa_material-100-poliester","8":"pa_size-1-2-roky","9":"pa_size-2-4-roky","10":"pa_size-3yxs","11":"pa_size-2yxs","12":"pa_size-yxs","13":"pa_size-xxs","14":"pa_size-xs","15":"pa_size-s","16":"pa_size-m","17":"pa_size-l","18":"pa_size-xl","19":"pa_size-2xl","20":"pa_size-3xl","21":"pa_size-4xl","23":"first","24":"instock","25":"taxable","26":"shipping-taxable","27":"purchasable","28":"product-type-variable"},"acf":[],"_links":{"self":[{"href":"https:\/\/www.elvesport.com\/it\/wp-json\/wp\/v2\/product\/270797","targetHints":{"allow":["GET"]}}],"collection":[{"href":"https:\/\/www.elvesport.com\/it\/wp-json\/wp\/v2\/product"}],"about":[{"href":"https:\/\/www.elvesport.com\/it\/wp-json\/wp\/v2\/types\/product"}],"replies":[{"embeddable":true,"href":"https:\/\/www.elvesport.com\/it\/wp-json\/wp\/v2\/comments?post=270797"}],"version-history":[{"count":3,"href":"https:\/\/www.elvesport.com\/it\/wp-json\/wp\/v2\/product\/270797\/revisions"}],"predecessor-version":[{"id":301294,"href":"https:\/\/www.elvesport.com\/it\/wp-json\/wp\/v2\/product\/270797\/revisions\/301294"}],"wp:featuredmedia":[{"embeddable":true,"href":"https:\/\/www.elvesport.com\/it\/wp-json\/wp\/v2\/media\/301285"}],"wp:attachment":[{"href":"https:\/\/www.elvesport.com\/it\/wp-json\/wp\/v2\/media?parent=270797"}],"wp:term":[{"taxonomy":"product_brand","embeddable":true,"href":"https:\/\/www.elvesport.com\/it\/wp-json\/wp\/v2\/product_brand?post=270797"},{"taxonomy":"product_cat","embeddable":true,"href":"https:\/\/www.elvesport.com\/it\/wp-json\/wp\/v2\/product_cat?post=270797"},{"taxonomy":"product_tag","embeddable":true,"href":"https:\/\/www.elvesport.com\/it\/wp-json\/wp\/v2\/product_tag?post=270797"}],"curies":[{"name":"wp","href":"https:\/\/api.w.org\/{rel}","templated":true}]}}