{"id":272436,"date":"2025-01-24T16:17:11","date_gmt":"2025-01-24T15:17:11","guid":{"rendered":"https:\/\/www.elvesport.com\/?post_type=product&#038;p=272436"},"modified":"2025-12-12T14:43:52","modified_gmt":"2025-12-12T13:43:52","slug":"zapasovy-dres-hostia-futsal-team-levice","status":"publish","type":"product","link":"https:\/\/www.elvesport.com\/it\/zapasovy-dres-hostia-futsal-team-levice\/","title":{"rendered":"Z\u00c1PASOV\u00dd DRES HOSTIA FUTSAL TEAM LEVICE"},"content":{"rendered":"","protected":false},"excerpt":{"rendered":"<p>Origin\u00e1lny z\u00e1pasov\u00fd dres FUTSAL TEAM LEVICE pre vonkaj\u0161ie z\u00e1pasy<\/p>\n","protected":false},"featured_media":302951,"comment_status":"closed","ping_status":"closed","template":"","meta":{"_acf_changed":false},"product_brand":[],"product_cat":[2849],"product_tag":[],"class_list":{"0":"post-272436","1":"product","2":"type-product","3":"status-publish","4":"has-post-thumbnail","6":"product_cat-futsal-team-levice","7":"pa_size-6xs","8":"pa_size-5xs","9":"pa_size-4xs","10":"pa_size-3xs","11":"pa_size-2xs","12":"pa_size-xs","13":"pa_size-s","14":"pa_size-m","15":"pa_size-l","16":"pa_size-xl","17":"pa_size-2xl","18":"pa_size-3xl","20":"first","21":"instock","22":"taxable","23":"shipping-taxable","24":"purchasable","25":"product-type-variable"},"acf":[],"_links":{"self":[{"href":"https:\/\/www.elvesport.com\/it\/wp-json\/wp\/v2\/product\/272436","targetHints":{"allow":["GET"]}}],"collection":[{"href":"https:\/\/www.elvesport.com\/it\/wp-json\/wp\/v2\/product"}],"about":[{"href":"https:\/\/www.elvesport.com\/it\/wp-json\/wp\/v2\/types\/product"}],"replies":[{"embeddable":true,"href":"https:\/\/www.elvesport.com\/it\/wp-json\/wp\/v2\/comments?post=272436"}],"version-history":[{"count":4,"href":"https:\/\/www.elvesport.com\/it\/wp-json\/wp\/v2\/product\/272436\/revisions"}],"predecessor-version":[{"id":302950,"href":"https:\/\/www.elvesport.com\/it\/wp-json\/wp\/v2\/product\/272436\/revisions\/302950"}],"wp:featuredmedia":[{"embeddable":true,"href":"https:\/\/www.elvesport.com\/it\/wp-json\/wp\/v2\/media\/302951"}],"wp:attachment":[{"href":"https:\/\/www.elvesport.com\/it\/wp-json\/wp\/v2\/media?parent=272436"}],"wp:term":[{"taxonomy":"product_brand","embeddable":true,"href":"https:\/\/www.elvesport.com\/it\/wp-json\/wp\/v2\/product_brand?post=272436"},{"taxonomy":"product_cat","embeddable":true,"href":"https:\/\/www.elvesport.com\/it\/wp-json\/wp\/v2\/product_cat?post=272436"},{"taxonomy":"product_tag","embeddable":true,"href":"https:\/\/www.elvesport.com\/it\/wp-json\/wp\/v2\/product_tag?post=272436"}],"curies":[{"name":"wp","href":"https:\/\/api.w.org\/{rel}","templated":true}]}}