{"id":272451,"date":"2025-01-24T16:19:03","date_gmt":"2025-01-24T15:19:03","guid":{"rendered":"https:\/\/www.elvesport.com\/?post_type=product&#038;p=272451"},"modified":"2025-12-12T14:41:24","modified_gmt":"2025-12-12T13:41:24","slug":"zapasovy-dres-domaci-futsal-team-levice-kopia","status":"publish","type":"product","link":"https:\/\/www.elvesport.com\/it\/zapasovy-dres-domaci-futsal-team-levice-kopia\/","title":{"rendered":"Z\u00c1PASOV\u00dd DRES DOM\u00c1CI FUTSAL TEAM LEVICE"},"content":{"rendered":"","protected":false},"excerpt":{"rendered":"<p>Origin\u00e1lny z\u00e1pasov\u00fd dres FUTSAL TEAM LEVICE pre dom\u00e1ce z\u00e1pasy<\/p>\n","protected":false},"featured_media":302944,"comment_status":"closed","ping_status":"closed","template":"","meta":{"_acf_changed":false},"product_brand":[],"product_cat":[2849],"product_tag":[],"class_list":{"0":"post-272451","1":"product","2":"type-product","3":"status-publish","4":"has-post-thumbnail","6":"product_cat-futsal-team-levice","7":"pa_size-6xs","8":"pa_size-5xs","9":"pa_size-4xs","10":"pa_size-3xs","11":"pa_size-2xs","12":"pa_size-xs","13":"pa_size-s","14":"pa_size-m","15":"pa_size-l","16":"pa_size-xl","17":"pa_size-2xl","18":"pa_size-3xl","20":"first","21":"instock","22":"taxable","23":"shipping-taxable","24":"purchasable","25":"product-type-variable"},"acf":[],"_links":{"self":[{"href":"https:\/\/www.elvesport.com\/it\/wp-json\/wp\/v2\/product\/272451","targetHints":{"allow":["GET"]}}],"collection":[{"href":"https:\/\/www.elvesport.com\/it\/wp-json\/wp\/v2\/product"}],"about":[{"href":"https:\/\/www.elvesport.com\/it\/wp-json\/wp\/v2\/types\/product"}],"replies":[{"embeddable":true,"href":"https:\/\/www.elvesport.com\/it\/wp-json\/wp\/v2\/comments?post=272451"}],"version-history":[{"count":2,"href":"https:\/\/www.elvesport.com\/it\/wp-json\/wp\/v2\/product\/272451\/revisions"}],"predecessor-version":[{"id":272466,"href":"https:\/\/www.elvesport.com\/it\/wp-json\/wp\/v2\/product\/272451\/revisions\/272466"}],"wp:featuredmedia":[{"embeddable":true,"href":"https:\/\/www.elvesport.com\/it\/wp-json\/wp\/v2\/media\/302944"}],"wp:attachment":[{"href":"https:\/\/www.elvesport.com\/it\/wp-json\/wp\/v2\/media?parent=272451"}],"wp:term":[{"taxonomy":"product_brand","embeddable":true,"href":"https:\/\/www.elvesport.com\/it\/wp-json\/wp\/v2\/product_brand?post=272451"},{"taxonomy":"product_cat","embeddable":true,"href":"https:\/\/www.elvesport.com\/it\/wp-json\/wp\/v2\/product_cat?post=272451"},{"taxonomy":"product_tag","embeddable":true,"href":"https:\/\/www.elvesport.com\/it\/wp-json\/wp\/v2\/product_tag?post=272451"}],"curies":[{"name":"wp","href":"https:\/\/api.w.org\/{rel}","templated":true}]}}