{"id":272880,"date":"2025-03-03T17:30:50","date_gmt":"2025-03-03T16:30:50","guid":{"rendered":"https:\/\/www.elvesport.com\/?post_type=product&#038;p=272880"},"modified":"2025-03-04T08:51:29","modified_gmt":"2025-03-04T07:51:29","slug":"tricko-sk-bernolakovo","status":"publish","type":"product","link":"https:\/\/www.elvesport.com\/it\/tricko-sk-bernolakovo\/","title":{"rendered":"TRI\u010cKO \u0160K BERNOL\u00c1KOVO"},"content":{"rendered":"","protected":false},"excerpt":{"rendered":"","protected":false},"featured_media":272819,"comment_status":"closed","ping_status":"closed","template":"","meta":{"_acf_changed":false},"product_brand":[],"product_cat":[3144],"product_tag":[],"class_list":{"0":"post-272880","1":"product","2":"type-product","3":"status-publish","4":"has-post-thumbnail","6":"product_cat-sk-bernolakovo","7":"pa_color-biela","8":"pa_color-zlta","9":"pa_color-tmavomodra","10":"pa_color-kralovskamodra","11":"pa_material-100-algodon","12":"pa_size-3yxs","13":"pa_size-2yxs","14":"pa_size-yxs","15":"pa_size-xxs","16":"pa_size-xs","17":"pa_size-s","18":"pa_size-m","19":"pa_size-l","20":"pa_size-xl","21":"pa_size-2xl","22":"pa_size-3xl","23":"pa_size-4xl","25":"first","26":"instock","27":"taxable","28":"shipping-taxable","29":"purchasable","30":"product-type-variable"},"acf":[],"_links":{"self":[{"href":"https:\/\/www.elvesport.com\/it\/wp-json\/wp\/v2\/product\/272880","targetHints":{"allow":["GET"]}}],"collection":[{"href":"https:\/\/www.elvesport.com\/it\/wp-json\/wp\/v2\/product"}],"about":[{"href":"https:\/\/www.elvesport.com\/it\/wp-json\/wp\/v2\/types\/product"}],"replies":[{"embeddable":true,"href":"https:\/\/www.elvesport.com\/it\/wp-json\/wp\/v2\/comments?post=272880"}],"version-history":[{"count":1,"href":"https:\/\/www.elvesport.com\/it\/wp-json\/wp\/v2\/product\/272880\/revisions"}],"predecessor-version":[{"id":272977,"href":"https:\/\/www.elvesport.com\/it\/wp-json\/wp\/v2\/product\/272880\/revisions\/272977"}],"wp:featuredmedia":[{"embeddable":true,"href":"https:\/\/www.elvesport.com\/it\/wp-json\/wp\/v2\/media\/272819"}],"wp:attachment":[{"href":"https:\/\/www.elvesport.com\/it\/wp-json\/wp\/v2\/media?parent=272880"}],"wp:term":[{"taxonomy":"product_brand","embeddable":true,"href":"https:\/\/www.elvesport.com\/it\/wp-json\/wp\/v2\/product_brand?post=272880"},{"taxonomy":"product_cat","embeddable":true,"href":"https:\/\/www.elvesport.com\/it\/wp-json\/wp\/v2\/product_cat?post=272880"},{"taxonomy":"product_tag","embeddable":true,"href":"https:\/\/www.elvesport.com\/it\/wp-json\/wp\/v2\/product_tag?post=272880"}],"curies":[{"name":"wp","href":"https:\/\/api.w.org\/{rel}","templated":true}]}}