{"id":273009,"date":"2025-02-25T14:59:30","date_gmt":"2025-02-25T13:59:30","guid":{"rendered":"https:\/\/www.elvesport.com\/?post_type=product&#038;p=273009"},"modified":"2025-02-26T15:48:30","modified_gmt":"2025-02-26T14:48:30","slug":"new-skin-sk-bernolakovo","status":"publish","type":"product","link":"https:\/\/www.elvesport.com\/it\/new-skin-sk-bernolakovo\/","title":{"rendered":"TR\u00c9NINGOV\u00c9 TRENKY NEW SKIN \u0160K BERNOL\u00c1KOVO"},"content":{"rendered":"","protected":false},"excerpt":{"rendered":"<p>Tr\u00e9ningov\u00e9 trenky klubu \u0160K Bernol\u00e1kovo<\/p>\n","protected":false},"featured_media":272992,"comment_status":"closed","ping_status":"closed","template":"","meta":{"_acf_changed":false},"product_brand":[],"product_cat":[3144],"product_tag":[],"class_list":{"0":"post-273009","1":"product","2":"type-product","3":"status-publish","4":"has-post-thumbnail","6":"product_cat-sk-bernolakovo","7":"pa_size-2yxs","8":"pa_size-yxs","9":"pa_size-xxs","10":"pa_size-xs","11":"pa_size-s","12":"pa_size-m","13":"pa_size-l","14":"pa_size-xl","15":"pa_size-2xl","17":"first","18":"instock","19":"taxable","20":"shipping-taxable","21":"purchasable","22":"product-type-variable"},"acf":[],"_links":{"self":[{"href":"https:\/\/www.elvesport.com\/it\/wp-json\/wp\/v2\/product\/273009","targetHints":{"allow":["GET"]}}],"collection":[{"href":"https:\/\/www.elvesport.com\/it\/wp-json\/wp\/v2\/product"}],"about":[{"href":"https:\/\/www.elvesport.com\/it\/wp-json\/wp\/v2\/types\/product"}],"replies":[{"embeddable":true,"href":"https:\/\/www.elvesport.com\/it\/wp-json\/wp\/v2\/comments?post=273009"}],"version-history":[{"count":2,"href":"https:\/\/www.elvesport.com\/it\/wp-json\/wp\/v2\/product\/273009\/revisions"}],"predecessor-version":[{"id":273074,"href":"https:\/\/www.elvesport.com\/it\/wp-json\/wp\/v2\/product\/273009\/revisions\/273074"}],"wp:featuredmedia":[{"embeddable":true,"href":"https:\/\/www.elvesport.com\/it\/wp-json\/wp\/v2\/media\/272992"}],"wp:attachment":[{"href":"https:\/\/www.elvesport.com\/it\/wp-json\/wp\/v2\/media?parent=273009"}],"wp:term":[{"taxonomy":"product_brand","embeddable":true,"href":"https:\/\/www.elvesport.com\/it\/wp-json\/wp\/v2\/product_brand?post=273009"},{"taxonomy":"product_cat","embeddable":true,"href":"https:\/\/www.elvesport.com\/it\/wp-json\/wp\/v2\/product_cat?post=273009"},{"taxonomy":"product_tag","embeddable":true,"href":"https:\/\/www.elvesport.com\/it\/wp-json\/wp\/v2\/product_tag?post=273009"}],"curies":[{"name":"wp","href":"https:\/\/api.w.org\/{rel}","templated":true}]}}