{"id":273050,"date":"2025-02-26T15:13:48","date_gmt":"2025-02-26T14:13:48","guid":{"rendered":"https:\/\/www.elvesport.com\/?post_type=product&#038;p=273050"},"modified":"2025-02-26T15:13:50","modified_gmt":"2025-02-26T14:13:50","slug":"treningove-tricko-sk-bernolakovo","status":"publish","type":"product","link":"https:\/\/www.elvesport.com\/it\/treningove-tricko-sk-bernolakovo\/","title":{"rendered":"TR\u00c9NINGOV\u00c9 TRI\u010cKO \u0160K BERNOL\u00c1KOVO"},"content":{"rendered":"","protected":false},"excerpt":{"rendered":"<ul>\n<li>Tr\u00e9ningov\u00e9 tri\u010dko s 2D logom klubu \u0160K Bernol\u00e1kovo a n\u00e1pisom na zadnej \u010dasti<\/li>\n<li>100% Polyester<\/li>\n<\/ul>\n","protected":false},"featured_media":272987,"comment_status":"closed","ping_status":"closed","template":"","meta":{"_acf_changed":false},"product_brand":[],"product_cat":[3144],"product_tag":[],"class_list":{"0":"post-273050","1":"product","2":"type-product","3":"status-publish","4":"has-post-thumbnail","6":"product_cat-sk-bernolakovo","7":"pa_material-100-poliester","8":"pa_size-2yxs","9":"pa_size-yxs","10":"pa_size-xxs","11":"pa_size-xs","12":"pa_size-s","13":"pa_size-m","14":"pa_size-l","15":"pa_size-xl","16":"pa_size-2xl","17":"pa_size-3xl","19":"first","20":"instock","21":"taxable","22":"shipping-taxable","23":"purchasable","24":"product-type-variable"},"acf":[],"_links":{"self":[{"href":"https:\/\/www.elvesport.com\/it\/wp-json\/wp\/v2\/product\/273050","targetHints":{"allow":["GET"]}}],"collection":[{"href":"https:\/\/www.elvesport.com\/it\/wp-json\/wp\/v2\/product"}],"about":[{"href":"https:\/\/www.elvesport.com\/it\/wp-json\/wp\/v2\/types\/product"}],"replies":[{"embeddable":true,"href":"https:\/\/www.elvesport.com\/it\/wp-json\/wp\/v2\/comments?post=273050"}],"version-history":[{"count":1,"href":"https:\/\/www.elvesport.com\/it\/wp-json\/wp\/v2\/product\/273050\/revisions"}],"predecessor-version":[{"id":273061,"href":"https:\/\/www.elvesport.com\/it\/wp-json\/wp\/v2\/product\/273050\/revisions\/273061"}],"wp:featuredmedia":[{"embeddable":true,"href":"https:\/\/www.elvesport.com\/it\/wp-json\/wp\/v2\/media\/272987"}],"wp:attachment":[{"href":"https:\/\/www.elvesport.com\/it\/wp-json\/wp\/v2\/media?parent=273050"}],"wp:term":[{"taxonomy":"product_brand","embeddable":true,"href":"https:\/\/www.elvesport.com\/it\/wp-json\/wp\/v2\/product_brand?post=273050"},{"taxonomy":"product_cat","embeddable":true,"href":"https:\/\/www.elvesport.com\/it\/wp-json\/wp\/v2\/product_cat?post=273050"},{"taxonomy":"product_tag","embeddable":true,"href":"https:\/\/www.elvesport.com\/it\/wp-json\/wp\/v2\/product_tag?post=273050"}],"curies":[{"name":"wp","href":"https:\/\/api.w.org\/{rel}","templated":true}]}}